{"id":10597,"date":"2021-10-20T14:37:51","date_gmt":"2021-10-20T11:37:51","guid":{"rendered":"https:\/\/onlinezooshop.md\/?post_type=product&#038;p=10597"},"modified":"2025-12-16T16:56:21","modified_gmt":"2025-12-16T13:56:21","slug":"dry-dog-mini-adult-lamb-rice-potatoes-25-kg","status":"publish","type":"product","link":"https:\/\/onlinezooshop.md\/ro\/magazin\/dry-dog-mini-adult-lamb-rice-potatoes-25-kg\/","title":{"rendered":"Monge DRY DOG MINI ADULT Lamb\/Rice\/Potatoes 2,5 \u043a\u0433"},"content":{"rendered":"<p>Miel (proasp\u0103t 10%, 30% deshidratat), orez, concentrat proteic de cartofi, porumb, pulp\u0103 de sfecl\u0103, drojdie de bere (surs\u0103 MOC \u0219i vitamina B12), proteine \u200b\u200banimale hidrolizate, gr\u0103sime animal\u0103 (99% gr\u0103sime \u00een ulei de pui, 5%, conserve) cu antioxidan\u021bi naturali), cartilaj hidrolizat (surs\u0103 de sulfat de condroitin), crustacee hidrolizate (surs\u0103 de glucozamin\u0103).<\/p>","protected":false},"excerpt":{"rendered":"<p>MONGE DRY DOG MINI ADULT\u00a0cu miel, orez \u0219i cartofi este o hran\u0103 complet\u0103 pentru c\u00e2inii adul\u021bi de talie mic\u0103. Ele garanteaz\u0103 bun\u0103starea c\u00e2inelui t\u0103u cu nutrien\u021bi de foarte \u00eenalt\u0103 calitate. Alimente cu gust bun \u0219i garan\u021bia unei singure proteine: un singur tip de carne. Ingredientul principal este carnea de miel \u0219i este fortificat cu XOS (Xylooligozaharide), cea mai recent\u0103 genera\u021bie de prebiotice care sus\u021bin s\u0103n\u0103tatea intestinal\u0103.<\/p>","protected":false},"featured_media":12594,"template":"","meta":[],"product_cat":[130],"product_tag":[],"_links":{"self":[{"href":"https:\/\/onlinezooshop.md\/ro\/wp-json\/wp\/v2\/product\/10597"}],"collection":[{"href":"https:\/\/onlinezooshop.md\/ro\/wp-json\/wp\/v2\/product"}],"about":[{"href":"https:\/\/onlinezooshop.md\/ro\/wp-json\/wp\/v2\/types\/product"}],"wp:featuredmedia":[{"embeddable":true,"href":"https:\/\/onlinezooshop.md\/ro\/wp-json\/wp\/v2\/media\/12594"}],"wp:attachment":[{"href":"https:\/\/onlinezooshop.md\/ro\/wp-json\/wp\/v2\/media?parent=10597"}],"wp:term":[{"taxonomy":"product_cat","embeddable":true,"href":"https:\/\/onlinezooshop.md\/ro\/wp-json\/wp\/v2\/product_cat?post=10597"},{"taxonomy":"product_tag","embeddable":true,"href":"https:\/\/onlinezooshop.md\/ro\/wp-json\/wp\/v2\/product_tag?post=10597"}],"curies":[{"name":"wp","href":"https:\/\/api.w.org\/{rel}","templated":true}]}}