{"id":10601,"date":"2021-10-20T14:40:43","date_gmt":"2021-10-20T11:40:43","guid":{"rendered":"https:\/\/onlinezooshop.md\/?post_type=product&#038;p=10601"},"modified":"2025-12-16T16:52:59","modified_gmt":"2025-12-16T13:52:59","slug":"dry-dog-mini-adult-salmon-rice-800-gr","status":"publish","type":"product","link":"https:\/\/onlinezooshop.md\/ro\/magazin\/dry-dog-mini-adult-salmon-rice-800-gr\/","title":{"rendered":"Monge DRY DOG MINI ADULT Salmon\/Rice 800 \u0433\u0440"},"content":{"rendered":"<p>Pe\u0219te (10% somon proasp\u0103t, 34% somon deshidratat), orez, pulp\u0103 de sfecl\u0103, drojdie de bere (surs\u0103 MOC \u0219i vitamina B12), proteine \u200b\u200bhidrolizate din pe\u0219te, ulei de pe\u0219te (conserve de somon cu antioxidan\u021bi naturali), carbonat de calciu, cartilaj hidrolizat (surs\u0103 de sulfat de condroitin\u0103), crustacee hidrolizate (surs\u0103 de glucozamin\u0103), metilsulfonilmetan.<\/p>","protected":false},"excerpt":{"rendered":"<p>DRY DOG MINI ADULT Somon\/ Orez 2.5 kg cu somon si orez - hrana completa pentru cainii adulti de talie mica. Ele garanteaz\u0103 bun\u0103starea c\u00e2inelui t\u0103u cu nutrien\u021bi de foarte \u00eenalt\u0103 calitate. Alimente cu gust bun \u0219i garan\u021bia unei singure proteine: un singur tip de carne. Ingredientul principal este somonul \u0219i este fortificat cu XOS (Xylooligozaharide), cea mai recent\u0103 genera\u021bie de prebiotice care sus\u021bin s\u0103n\u0103tatea intestinal\u0103.<\/p>","protected":false},"featured_media":12593,"template":"","meta":[],"product_cat":[130],"product_tag":[],"_links":{"self":[{"href":"https:\/\/onlinezooshop.md\/ro\/wp-json\/wp\/v2\/product\/10601"}],"collection":[{"href":"https:\/\/onlinezooshop.md\/ro\/wp-json\/wp\/v2\/product"}],"about":[{"href":"https:\/\/onlinezooshop.md\/ro\/wp-json\/wp\/v2\/types\/product"}],"wp:featuredmedia":[{"embeddable":true,"href":"https:\/\/onlinezooshop.md\/ro\/wp-json\/wp\/v2\/media\/12593"}],"wp:attachment":[{"href":"https:\/\/onlinezooshop.md\/ro\/wp-json\/wp\/v2\/media?parent=10601"}],"wp:term":[{"taxonomy":"product_cat","embeddable":true,"href":"https:\/\/onlinezooshop.md\/ro\/wp-json\/wp\/v2\/product_cat?post=10601"},{"taxonomy":"product_tag","embeddable":true,"href":"https:\/\/onlinezooshop.md\/ro\/wp-json\/wp\/v2\/product_tag?post=10601"}],"curies":[{"name":"wp","href":"https:\/\/api.w.org\/{rel}","templated":true}]}}