{"id":10605,"date":"2021-10-20T14:44:59","date_gmt":"2021-10-20T11:44:59","guid":{"rendered":"https:\/\/onlinezooshop.md\/?post_type=product&#038;p=10605"},"modified":"2025-12-16T16:29:40","modified_gmt":"2025-12-16T13:29:40","slug":"dry-dog-mini-puppy-junior-chicken-3-kg","status":"publish","type":"product","link":"https:\/\/onlinezooshop.md\/ro\/magazin\/dry-dog-mini-puppy-junior-chicken-3-kg\/","title":{"rendered":"Monge DRY DOG MINI PUPPY JUNIOR Chicken 3 \u043a\u0433"},"content":{"rendered":"<p>Pui (proasp\u0103t 10%, deshidratat 32%), orez, porumb, gr\u0103sime animal\u0103 (99,6% gr\u0103sime \u00een ulei de pui, conservat cu antioxidan\u021bi naturali), pulp\u0103 de sfecl\u0103, drojdie de bere (surs\u0103 de MOC \u0219i vitamina B12), gluten de porumb, animal hidrolizat proteine, fulgi de ovaz (o sursa de fibre nobile), praf de ou intreg (bogat in proteine \u200b\u200bnobile), peste (somon deshidratat), ulei de peste (ulei de somon).<\/p>","protected":false},"excerpt":{"rendered":"<p>Monge DRY DOG MINI PUPPY JUNIOR cu pui - hrana completa pentru catei mici. Ele garanteaz\u0103 bun\u0103starea c\u00e2inelui t\u0103u cu nutrien\u021bi de foarte \u00eenalt\u0103 calitate. Ingredientul principal este carnea de pui \u0219i sunt fortificate cu XOS (Xylooligozaharide), cea mai recent\u0103 genera\u021bie de prebiotice care sus\u021bin s\u0103n\u0103tatea intestinal\u0103.<\/p>","protected":false},"featured_media":12587,"template":"","meta":[],"product_cat":[130],"product_tag":[],"_links":{"self":[{"href":"https:\/\/onlinezooshop.md\/ro\/wp-json\/wp\/v2\/product\/10605"}],"collection":[{"href":"https:\/\/onlinezooshop.md\/ro\/wp-json\/wp\/v2\/product"}],"about":[{"href":"https:\/\/onlinezooshop.md\/ro\/wp-json\/wp\/v2\/types\/product"}],"wp:featuredmedia":[{"embeddable":true,"href":"https:\/\/onlinezooshop.md\/ro\/wp-json\/wp\/v2\/media\/12587"}],"wp:attachment":[{"href":"https:\/\/onlinezooshop.md\/ro\/wp-json\/wp\/v2\/media?parent=10605"}],"wp:term":[{"taxonomy":"product_cat","embeddable":true,"href":"https:\/\/onlinezooshop.md\/ro\/wp-json\/wp\/v2\/product_cat?post=10605"},{"taxonomy":"product_tag","embeddable":true,"href":"https:\/\/onlinezooshop.md\/ro\/wp-json\/wp\/v2\/product_tag?post=10605"}],"curies":[{"name":"wp","href":"https:\/\/api.w.org\/{rel}","templated":true}]}}