{"id":10610,"date":"2021-10-20T14:47:34","date_gmt":"2021-10-20T11:47:34","guid":{"rendered":"https:\/\/onlinezooshop.md\/?post_type=product&#038;p=10610"},"modified":"2025-12-16T16:28:35","modified_gmt":"2025-12-16T13:28:35","slug":"dry-dog-mini-puppy-lamb-rice-800-gr","status":"publish","type":"product","link":"https:\/\/onlinezooshop.md\/ro\/magazin\/dry-dog-mini-puppy-lamb-rice-800-gr\/","title":{"rendered":"Monge DRY DOG MINI PUPPY LAMB\/RICE 800 \u0433\u0440"},"content":{"rendered":"<p>Ingrediente:<br \/>\nmiel (min.30% deshidratat, min.10% carne proasp\u0103t\u0103), orez, protein\u0103 din cartofi, porumb, pulp\u0103 de sfecl\u0103, gluten de porumb, drojdie de bere, protein\u0103 animal\u0103 hidrolizat\u0103, gr\u0103sime animal\u0103 (gr\u0103sime de pui 99,6%), ov\u0103z, xilo- oligozaharide 3 g\/kg, drojdie hidrolizat\u0103 (manano-oligozaharide MOS).<\/p>\n<p>protein\u0103 brut\u0103 28,00%, uleiuri \u0219i gr\u0103simi brute 18,00%, fibre brute 2,00%, cenu\u0219\u0103 brut\u0103 6,50%, calciu 1,70%, fosfor 1,10%, acizi gra\u0219i Omega-6 3,3%, acizi gra\u0219i Omega-3 0,50%.<\/p>","protected":false},"excerpt":{"rendered":"<p>Hrana completa pentru caini pe baza de miel si orez.<br \/>\nConceput pentru c\u0103\u021bei \u0219i c\u00e2ini tineri de rase mici sub v\u00e2rsta de un an, precum \u0219i pentru femele \u00een timpul sarcinii \u0219i al\u0103pt\u0103rii.<\/p>","protected":false},"featured_media":12586,"template":"","meta":[],"product_cat":[130],"product_tag":[],"_links":{"self":[{"href":"https:\/\/onlinezooshop.md\/ro\/wp-json\/wp\/v2\/product\/10610"}],"collection":[{"href":"https:\/\/onlinezooshop.md\/ro\/wp-json\/wp\/v2\/product"}],"about":[{"href":"https:\/\/onlinezooshop.md\/ro\/wp-json\/wp\/v2\/types\/product"}],"wp:featuredmedia":[{"embeddable":true,"href":"https:\/\/onlinezooshop.md\/ro\/wp-json\/wp\/v2\/media\/12586"}],"wp:attachment":[{"href":"https:\/\/onlinezooshop.md\/ro\/wp-json\/wp\/v2\/media?parent=10610"}],"wp:term":[{"taxonomy":"product_cat","embeddable":true,"href":"https:\/\/onlinezooshop.md\/ro\/wp-json\/wp\/v2\/product_cat?post=10610"},{"taxonomy":"product_tag","embeddable":true,"href":"https:\/\/onlinezooshop.md\/ro\/wp-json\/wp\/v2\/product_tag?post=10610"}],"curies":[{"name":"wp","href":"https:\/\/api.w.org\/{rel}","templated":true}]}}