{"id":10611,"date":"2021-10-20T14:50:13","date_gmt":"2021-10-20T11:50:13","guid":{"rendered":"https:\/\/onlinezooshop.md\/?post_type=product&#038;p=10611"},"modified":"2025-12-16T16:27:59","modified_gmt":"2025-12-16T13:27:59","slug":"dry-dog-mini-starter-15-kg","status":"publish","type":"product","link":"https:\/\/onlinezooshop.md\/ro\/magazin\/dry-dog-mini-starter-15-kg\/","title":{"rendered":"Monge DRY DOG MINI STARTER 1,5 \u043a\u0433"},"content":{"rendered":"<p>Pui (10% proasp\u0103t, 30% deshidratat), orez, gr\u0103sime animal\u0103 (99,5% gr\u0103sime \u00een ulei de pui, conservat cu antioxidan\u021bi naturali), pulp\u0103 de sfecl\u0103, protein\u0103 hidrolizat\u0103 din ficat de pui, porumb, drojdie de bere (surs\u0103 MOS \u0219i vitamina B12), fulgi de ov\u0103z (bogat \u00een fibre nobile), praf de ou \u00eentreg (bogat \u00een proteine \u200b\u200bnobile), pe\u0219te (somon deshidratat), ulei de pe\u0219te (ulei de somon), XOS (xilo-oligozaharide 3 g\/kg), drojdie hidrolizat\u0103 (MOS), yucca shidigera, spirulina, cartilaj hidrolizat (sursa de sulfat de condroitin\u0103), crustacee hidrolizate (surs\u0103 de glucozamin\u0103), metilsulfonilmetan.<\/p>\n<p>Proteine \u200b\u200bbrute 32,00%, uleiuri \u0219i gr\u0103simi brute 22,00%, fibre brute 1,50%, cenu\u0219\u0103 brut\u0103 7,00%, calciu 1,70%, fosfor 1,10%, acizi gra\u0219i esen\u021biali omega-6 7, 00%, acizi gra\u0219i esen\u021biali omega-3, 80% energie metabolizabil\u0103 4440 kcal\/kg.<\/p>","protected":false},"excerpt":{"rendered":"<p>Monge Natural Superpremium Mini Starter cu pui - hrana completa pentru mame in timpul sarcinii, alaptarii si cateilor la intarcare.<br \/>\nEle garanteaz\u0103 bun\u0103starea c\u00e2inelui t\u0103u datorit\u0103 nutrien\u021bilor lor de foarte \u00eenalt\u0103 calitate care sunt rezultatul cercet\u0103rilor.<br \/>\nIngredientul principal este carnea de pui \u0219i sunt fortificate cu XOS (Xylooligozaharide), cea mai recent\u0103 genera\u021bie de prebiotice care sus\u021bin s\u0103n\u0103tatea intestinal\u0103.<br \/>\nSunt u\u0219or de digerat datorit\u0103 c\u0103rnii proaspete \u0219i u\u0219oare \u0219i con\u021bin condroitin\u0103, glucozamin\u0103, calciu \u0219i fosfor, care ajut\u0103 la dezvoltarea corect\u0103 a articula\u021biilor \u0219i mu\u0219chilor.<\/p>","protected":false},"featured_media":12585,"template":"","meta":[],"product_cat":[130],"product_tag":[],"_links":{"self":[{"href":"https:\/\/onlinezooshop.md\/ro\/wp-json\/wp\/v2\/product\/10611"}],"collection":[{"href":"https:\/\/onlinezooshop.md\/ro\/wp-json\/wp\/v2\/product"}],"about":[{"href":"https:\/\/onlinezooshop.md\/ro\/wp-json\/wp\/v2\/types\/product"}],"wp:featuredmedia":[{"embeddable":true,"href":"https:\/\/onlinezooshop.md\/ro\/wp-json\/wp\/v2\/media\/12585"}],"wp:attachment":[{"href":"https:\/\/onlinezooshop.md\/ro\/wp-json\/wp\/v2\/media?parent=10611"}],"wp:term":[{"taxonomy":"product_cat","embeddable":true,"href":"https:\/\/onlinezooshop.md\/ro\/wp-json\/wp\/v2\/product_cat?post=10611"},{"taxonomy":"product_tag","embeddable":true,"href":"https:\/\/onlinezooshop.md\/ro\/wp-json\/wp\/v2\/product_tag?post=10611"}],"curies":[{"name":"wp","href":"https:\/\/api.w.org\/{rel}","templated":true}]}}