{"id":10618,"date":"2021-10-20T15:19:49","date_gmt":"2021-10-20T12:19:49","guid":{"rendered":"https:\/\/onlinezooshop.md\/?post_type=product&#038;p=10618"},"modified":"2025-12-17T13:47:46","modified_gmt":"2025-12-17T10:47:46","slug":"bwild-adult-turkey-pumpkin-zucchini-6-sht400-gr","status":"publish","type":"product","link":"https:\/\/onlinezooshop.md\/ro\/magazin\/bwild-adult-turkey-pumpkin-zucchini-6-sht400-gr\/","title":{"rendered":"Monge BWILD ADULT Turkey\/Pumpkin\/Zucchini 6 \u0448\u0442*400 \u0433\u0440"},"content":{"rendered":"<p><b>Spirulina<\/b>\u00a0ca sursa naturala de calciu si vitamina B12, sustine sanatatea sistemului cardiovascular si a sistemului musculo-scheletic, are efecte antialergice si antiinflamatorii. \u00cendep\u0103rteaz\u0103 toxinele din intestine, \u00eembun\u0103t\u0103\u021be\u0219te metabolismul \u0219i scade nivelul de colesterol.<br \/>\nDieta contine\u00a0<b>fructe de padure proaspete<\/b>, care este o surs\u0103 natural\u0103 de vitamine.<b><br \/>\n<\/b><b>Yucca Shidigera<\/b>\u00a0antioxidant natural, promoveaz\u0103 func\u021bia normal\u0103 a intestinului.<br \/>\nPotrivit pentru c\u00e2ini de toate dimensiunile.<br \/>\n<b>Recomand\u0103ri pentru hr\u0103nire<\/b>: Aloca\u021bia zilnic\u0103 poate varia \u00een func\u021bie de nevoile individuale ale animalului. Dieta zilnic\u0103 recomandat\u0103 este prezentat\u0103 \u00een tabel. Asigura\u021bi-v\u0103 c\u0103 animalul dvs. de companie are \u00eentotdeauna la dispozi\u021bie ap\u0103 proasp\u0103t\u0103 \u0219i curat\u0103. La trecerea la acest tip de alimente se recomanda introducerea lui treptat, pe parcursul a 7 zile. Se da la frigider dupa deschidere si se foloseste in 3 zile.<\/p>\n<p><b>Con\u021binut:\u00a0<\/b>carne de curcan (26%), ficat de porc, carne de pui, ulei de somon, produse din drojdie, dovleac deshidratat 2% (corespunde cu 8,6% dovleac proaspat), dovlecel deshidratat 2% (corespunde cu 8,6 dovlecei proaspeti), minerale, cartofi, afine proaspete , merisoare proaspete, zmeura proaspata, xilooligozaharida (XOS 0,1%), Shidigera yucca, spirulina (0,1%), glucozamina (0,019%), sulfat de condroitin\u0103 (0,01%).<\/p>\n<p><b>VALOAREA NUTRI\u021aIONAL\u0102 \u00ceN UN KG:\u00a0<\/b>protein\u0103 brut\u0103: 8%, fibre brute: 0,8%, gr\u0103sime brut\u0103: 6%, cenu\u0219\u0103 brut\u0103: 2,5%, umiditate: 79%.<\/p>\n<p><b>Valoare energetic\u0103: 1 006 kcal\/kg.<\/b><\/p>\n<p><b>SUPLIMENTE NUTRITIONALE LA UN KG:\u00a0<\/b>vitamina D3 434 UI\/kg, vitamina E (acetat de alfa-tocoferol) 15,5 mg\/kg, seleniu (selenit de sodiu 0,05 mg\/kg) 0,02 mg\/kg, mangan (sulfat de mangan monohidrat 11 mg\/kg) 3,5 mg\/kg, zinc (oxid de zinc 20 mg\/kg): 16 mg\/kg, cupru (sulfat de cupru (II) pentahidrat 5,5 mg\/kg) 1,4 mg\/kg, fier (fier (II ) monohidrat 35 mg\/kg) 11,5 mg\/kg, iod (iodat de calciu anhidru 0,3 mg\/kg) 0,19 mg\/kg.<\/p>","protected":false},"excerpt":{"rendered":"<p><b>MONGE GRAIN FREE ALL BREEDS ADULT cu curcan, dovleac \u0219i dovlecel<\/b>\u00a0- diet\u0103 echilibrat\u0103 pentru c\u00e2inii adul\u021bi de toate rasele. Conceput \u021bin\u00e2nd cont de nevoile fiziologice ale animalelor de companie. Con\u021bine surse alternative de carbohidra\u021bi f\u0103r\u0103 cereale, cum ar fi dovleceii \u0219i dovleceii.<br \/>\nFormula con\u021bine o nou\u0103 genera\u021bie de fibre prebiotice X.OS, care ajut\u0103 la men\u021binerea echilibrului natural al microflorei intestinale \u0219i promoveaz\u0103 absorb\u021bia optim\u0103 a nutrien\u021bilor. Dieta con\u021bine glucozamin\u0103 \u0219i condroitin\u0103, care au un efect benefic asupra s\u0103n\u0103t\u0103\u021bii articula\u021biilor \u0219i a \u00eentregului sistem musculo-scheletic al c\u00e2inilor.<\/p>","protected":false},"featured_media":12606,"template":"","meta":[],"product_cat":[129],"product_tag":[],"_links":{"self":[{"href":"https:\/\/onlinezooshop.md\/ro\/wp-json\/wp\/v2\/product\/10618"}],"collection":[{"href":"https:\/\/onlinezooshop.md\/ro\/wp-json\/wp\/v2\/product"}],"about":[{"href":"https:\/\/onlinezooshop.md\/ro\/wp-json\/wp\/v2\/types\/product"}],"wp:featuredmedia":[{"embeddable":true,"href":"https:\/\/onlinezooshop.md\/ro\/wp-json\/wp\/v2\/media\/12606"}],"wp:attachment":[{"href":"https:\/\/onlinezooshop.md\/ro\/wp-json\/wp\/v2\/media?parent=10618"}],"wp:term":[{"taxonomy":"product_cat","embeddable":true,"href":"https:\/\/onlinezooshop.md\/ro\/wp-json\/wp\/v2\/product_cat?post=10618"},{"taxonomy":"product_tag","embeddable":true,"href":"https:\/\/onlinezooshop.md\/ro\/wp-json\/wp\/v2\/product_tag?post=10618"}],"curies":[{"name":"wp","href":"https:\/\/api.w.org\/{rel}","templated":true}]}}