{"id":10620,"date":"2021-10-20T15:23:26","date_gmt":"2021-10-20T12:23:26","guid":{"rendered":"https:\/\/onlinezooshop.md\/?post_type=product&#038;p=10620"},"modified":"2025-12-17T13:47:15","modified_gmt":"2025-12-17T10:47:15","slug":"bwild-junior-duck-pumpkin-zucchini-6-sht400-gr","status":"publish","type":"product","link":"https:\/\/onlinezooshop.md\/ro\/magazin\/bwild-junior-duck-pumpkin-zucchini-6-sht400-gr\/","title":{"rendered":"Monge BWILD JUNIOR Duck\/Pumpkin\/Zucchini 6 \u0448\u0442*400 \u0433\u0440"},"content":{"rendered":"<p><b>Recomand\u0103ri pentru hr\u0103nire:<\/b>C\u0103\u021bei \u00eentre 1 \u0219i 12 luni. Dieta zilnic\u0103 este recomandat\u0103 a fi ajustat\u0103 \u00een func\u021bie de m\u0103rimea, activitatea \u0219i stilul de via\u021b\u0103 al animalului. Dieta zilnic\u0103 recomandat\u0103 este prezentat\u0103 \u00een tabel. Asigura\u021bi-v\u0103 c\u0103 animalul dvs. de companie are \u00eentotdeauna la dispozi\u021bie ap\u0103 proasp\u0103t\u0103 \u0219i curat\u0103. La trecerea la acest tip de alimente se recomanda introducerea lui treptat, pe parcursul a 7 zile. Se da la frigider dupa deschidere si se foloseste in 3 zile.<\/p>\n<p><b>Ingrediente<\/b>: \u043c\u044f\u0441\u043e \u0443\u0442\u043a\u0438 (26%), \u0441\u0432\u0438\u043d\u0430\u044f \u043f\u0435\u0447\u0435\u043d\u044c, \u043a\u0443\u0440\u0438\u043d\u043e\u0435 \u043c\u044f\u0441\u043e, \u043b\u043e\u0441\u043e\u0441\u0435\u0432\u043e\u0435 \u043c\u0430\u0441\u043b\u043e, \u0434\u0440\u043e\u0436\u0436\u0435\u0432\u044b\u0435 \u043f\u0440\u043e\u0434\u0443\u043a\u0442\u044b, \u0434\u0435\u0433\u0438\u0434\u0440\u0438\u0440\u043e\u0432\u0430\u043d\u043d\u0430\u044f \u0442\u044b\u043a\u0432\u0430 2% (\u0441\u043e\u043e\u0442\u0432\u0435\u0442\u0441\u0442\u0432\u0443\u0435\u0442 8,6% \u0441\u0432\u0435\u0436\u0435\u0439 \u0442\u044b\u043a\u0432\u044b), \u0434\u0435\u0433\u0438\u0434\u0440\u0438\u0440\u043e\u0432\u0430\u043d\u043d\u044b\u0435 \u043a\u0430\u0431\u0430\u0447\u043a\u0438 2% (\u0441\u043e\u043e\u0442\u0432\u0435\u0442\u0441\u0442\u0432\u0443\u0435\u0442 8,6%\u00a0 \u0441\u0432\u0435\u0436\u0438\u0445 \u0446\u0443\u043a\u043a\u0438\u043d\u0438), \u043c\u0438\u043d\u0435\u0440\u0430\u043b\u044c\u043d\u044b\u0435 \u0432\u0435\u0449\u0435\u0441\u0442\u0432\u0430, \u043a\u0430\u0440\u0442\u043e\u0444\u0435\u043b\u044c, \u0441\u0432\u0435\u0436\u0430\u044f \u0447\u0435\u0440\u043d\u0438\u043a\u0430, \u0441\u0432\u0435\u0436\u0430\u044f \u043a\u043b\u044e\u043a\u0432\u0430, \u0441\u0432\u0435\u0436\u0430\u044f \u043c\u0430\u043b\u0438\u043d\u0430, \u043a\u0441\u0438\u043b\u043e\u043e\u043b\u0438\u0433\u043e\u0441\u0430\u0445\u0430\u0440\u0438\u0434\u044b (XOS 0,1%), \u044e\u043a\u043a\u0430 \u0428\u0438\u0434\u0438\u0433\u0435\u0440\u0430, \u0441\u043f\u0438\u0440\u0443\u043b\u0438\u043d\u0430 (0,1%), \u0433\u043b\u044e\u043a\u043e\u0437\u0430\u043c\u0438\u043d (0,019%), \u0445\u043e\u043d\u0434\u0440\u043e\u0438\u0442\u0438\u043d\u0430 \u0441\u0443\u043b\u044c\u0444\u0430\u0442 (0,01%).<\/p>\n<p><b>VALOAREA NUTRI\u021aIONAL\u0102 \u00ceN UN KG:<\/b>Protein\u0103 brut\u0103: 8,3%, Fibr\u0103 brut\u0103: 0,8%, Gr\u0103simi brute: 6,5%, Cenu\u0219\u0103 brut\u0103: 2,5%, Umiditate: 79%, Raport calciu\/fosfor: 1.<\/p>\n<p><b>Valoarea energetic\u0103<\/b>: 1.033 kcal\/kg.<\/p>\n<p><b>SUPLIMENTE NUTRITIONALE LA UN KG:<\/b>vitamina D3 434 UI\/kg, vitamina E (acetat de alfa-tocoferol) 15,5 mg\/kg, seleniu (selenit de sodiu 0,05 mg\/kg)<br \/>\n0,02 mg\/kg, mangan (sulfat de mangan monohidrat 11 mg\/kg) 3,5 mg\/kg, zinc<br \/>\n(oxid de zinc 20 mg\/kg): 16 mg\/kg, cupru (sulfat de cupru (II) pentahidrat 5,5 mg\/kg) 1,4 mg\/kg, fier (sulfat de fier (II) monohidrat 35 mg\/kg) 11, 5 mg\/ kg,<br \/>\niod (iodat de calciu anhidru 0,3 mg\/kg) 0,19 mg\/kg.<\/p>","protected":false},"excerpt":{"rendered":"<p><b>MONGE GRAIN FREE PUPPY&amp;JUNIOR cu ra\u021b\u0103, dovleac \u0219i dovlecel<\/b>\u00a0- diet\u0103 complet echilibrat\u0103 pentru c\u0103\u021bei. Ofer\u0103 o nutri\u021bie de \u00eenalt\u0103 calitate pentru c\u0103\u021belu\u0219i cu v\u00e2rsta cuprins\u0103 \u00eentre 1 \u0219i 12 luni. Formulat cu surse alternative de carbohidra\u021bi, cum ar fi dovleacul \u0219i dovleceii.<br \/>\nCon\u021bine X.O.S. care ajut\u0103 la men\u021binerea echilibrului natural al microflorei intestinale, promoveaz\u0103 absorb\u021bia optim\u0103 a nutrien\u021bilor \u0219i sporesc imunitatea.<br \/>\nGlucozamin\u0103 \u0219i condroitina - aceste substan\u021be din compozi\u021bia furajului contribuie la formarea \u021besutului s\u0103n\u0103tos al cartilajului \u0219i la dezvoltarea sistemului musculo-scheletic.<br \/>\nSpirulina, ca sursa naturala de calciu si vitamina B12, sustine sanatatea sistemului cardiovascular si a sistemului musculo-scheletic, are efecte antialergice si antiinflamatorii. \u00cendep\u0103rteaz\u0103 toxinele din intestine, \u00eembun\u0103t\u0103\u021be\u0219te metabolismul \u0219i scade nivelul de colesterol.<br \/>\nDieta con\u021bine fructe de p\u0103dure proaspete, care sunt o surs\u0103 natural\u0103 de vitamine.<br \/>\nYucca Shidigera este un antioxidant natural care promoveaz\u0103 func\u021bia normal\u0103 a intestinului.<br \/>\nPBuc\u0103\u021bele de marime speciala pentru catei.<\/p>","protected":false},"featured_media":12605,"template":"","meta":[],"product_cat":[129],"product_tag":[],"_links":{"self":[{"href":"https:\/\/onlinezooshop.md\/ro\/wp-json\/wp\/v2\/product\/10620"}],"collection":[{"href":"https:\/\/onlinezooshop.md\/ro\/wp-json\/wp\/v2\/product"}],"about":[{"href":"https:\/\/onlinezooshop.md\/ro\/wp-json\/wp\/v2\/types\/product"}],"wp:featuredmedia":[{"embeddable":true,"href":"https:\/\/onlinezooshop.md\/ro\/wp-json\/wp\/v2\/media\/12605"}],"wp:attachment":[{"href":"https:\/\/onlinezooshop.md\/ro\/wp-json\/wp\/v2\/media?parent=10620"}],"wp:term":[{"taxonomy":"product_cat","embeddable":true,"href":"https:\/\/onlinezooshop.md\/ro\/wp-json\/wp\/v2\/product_cat?post=10620"},{"taxonomy":"product_tag","embeddable":true,"href":"https:\/\/onlinezooshop.md\/ro\/wp-json\/wp\/v2\/product_tag?post=10620"}],"curies":[{"name":"wp","href":"https:\/\/api.w.org\/{rel}","templated":true}]}}