{"id":10626,"date":"2021-10-20T15:35:31","date_gmt":"2021-10-20T12:35:31","guid":{"rendered":"https:\/\/onlinezooshop.md\/?post_type=product&#038;p=10626"},"modified":"2025-12-17T14:06:20","modified_gmt":"2025-12-17T11:06:20","slug":"fresh-adult-duck-6-sht400-gr","status":"publish","type":"product","link":"https:\/\/onlinezooshop.md\/ro\/magazin\/fresh-adult-duck-6-sht400-gr\/","title":{"rendered":"Monge FRESH ADULT duck 6 \u0448\u0442*400 \u0433\u0440"},"content":{"rendered":"<div>Ingrediente: carne \u0219i organe (carne proasp\u0103t\u0103 de ra\u021b\u0103 - 26% \u0219i carne proasp\u0103t\u0103 de pui - 10%), cereale, uleiuri \u0219i gr\u0103simi, minerale.<\/div>\n<div>Valoare nutri\u021bional\u0103: protein\u0103 brut\u0103 - 8%, fibre brute - 0,5%, uleiuri \u0219i gr\u0103simi brute - 6,5%, cenu\u0219\u0103 brut\u0103 - 2%, umiditate - 79%.<\/div>\n<div>Suplimente nutritive \/ kg: Vitamina D3 450 UI, Vitamina E (acetat de alfa-tocoferol) 15 mg, seleniu (selenit de sodiu 0,04 mg) 0,018 mg, mangan (sulfat de mangan monohidrat 9 mg) 2,9 mg, zinc (oxid de zinc 32 mg): 25,7 mg, cupru (sulfat de cupru (II) pentahidrat 3,5 mg) 0,89 mg, fier (sulfat feros monohidrat 15 mg) 4,93 mg, iod (iodat de calciu anhidru 1,8 mg) 1,17 mg.<\/div>\n<div>Recomandare de hranire: Pentru cainii de talie medie se recomanda 1-2 conserve pe zi, impartite in 2 mese. Servi\u021bi m\u00e2ncarea la temperatura camerei. Asigura\u021bi-v\u0103 c\u0103 c\u00e2inele dvs. are acces la ap\u0103 proasp\u0103t\u0103 \u0219i curat\u0103.<\/div>\n<div>A se pastra la temperatura camerei, la frigider dupa deschidere.<\/div>","protected":false},"excerpt":{"rendered":"<p><b>Monge Dog Fresh Duck<\/b>\u00a0- Friptura cu ra\u021b\u0103 este o hran\u0103 complet\u0103 pentru c\u00e2inii adul\u021bi de toate rasele cu buc\u0103\u021bi de carne proasp\u0103t\u0103 de ra\u021b\u0103. Dieta este f\u0103cut\u0103 din ingrediente selectate care sunt foarte digerabile. Are consisten\u021ba unui pateu delicat, care este combinat cu buc\u0103\u021bi delicioase de carne de ra\u021b\u0103. Tehnologia de g\u0103tit include procesul de coacere \u0219i abur fierbinte.<\/p>","protected":false},"featured_media":12608,"template":"","meta":[],"product_cat":[129],"product_tag":[],"_links":{"self":[{"href":"https:\/\/onlinezooshop.md\/ro\/wp-json\/wp\/v2\/product\/10626"}],"collection":[{"href":"https:\/\/onlinezooshop.md\/ro\/wp-json\/wp\/v2\/product"}],"about":[{"href":"https:\/\/onlinezooshop.md\/ro\/wp-json\/wp\/v2\/types\/product"}],"wp:featuredmedia":[{"embeddable":true,"href":"https:\/\/onlinezooshop.md\/ro\/wp-json\/wp\/v2\/media\/12608"}],"wp:attachment":[{"href":"https:\/\/onlinezooshop.md\/ro\/wp-json\/wp\/v2\/media?parent=10626"}],"wp:term":[{"taxonomy":"product_cat","embeddable":true,"href":"https:\/\/onlinezooshop.md\/ro\/wp-json\/wp\/v2\/product_cat?post=10626"},{"taxonomy":"product_tag","embeddable":true,"href":"https:\/\/onlinezooshop.md\/ro\/wp-json\/wp\/v2\/product_tag?post=10626"}],"curies":[{"name":"wp","href":"https:\/\/api.w.org\/{rel}","templated":true}]}}