{"id":10628,"date":"2021-10-20T15:37:21","date_gmt":"2021-10-20T12:37:21","guid":{"rendered":"https:\/\/onlinezooshop.md\/?post_type=product&#038;p=10628"},"modified":"2025-12-17T14:06:54","modified_gmt":"2025-12-17T11:06:54","slug":"fresh-adult-lamb-6-sht400-gr","status":"publish","type":"product","link":"https:\/\/onlinezooshop.md\/ro\/magazin\/fresh-adult-lamb-6-sht400-gr\/","title":{"rendered":"Monge FRESH ADULT lamb 6 \u0448\u0442*400 \u0433\u0440"},"content":{"rendered":"<div>Ingrediente: carne \u0219i organe (miel proasp\u0103t - 26% \u0219i pui proasp\u0103t - 10%), cereale, uleiuri \u0219i gr\u0103simi, minerale.<\/div>\n<div>Valoare nutri\u021bional\u0103: protein\u0103 brut\u0103 - 8,2%, fibre brute - 0,5%, uleiuri \u0219i gr\u0103simi brute - 5%, cenu\u0219\u0103 brut\u0103 - 2,7%, umiditate - 79%.<\/div>\n<div>\n<p>Suplimente nutritive \/ kg: Vitamina D3 450 UI, Vitamina E (acetat de alfa-tocoferol) 15 mg, seleniu (selenit de sodiu 0,04 mg) 0,018 mg, mangan (sulfat de mangan monohidrat 9 mg) 2,9 mg, zinc (oxid de zinc 32 mg): 25,7 mg, cupru (sulfat de cupru (II) pentahidrat 3,5 mg) 0,89 mg, fier.<\/p>\n<\/div>\n<div>Recomandare de hranire: Pentru cainii de talie medie se recomanda 1-2 conserve pe zi, impartite in 2 mese. Servi\u021bi m\u00e2ncarea la temperatura camerei. Asigura\u021bi-v\u0103 c\u0103 c\u00e2inele dvs. are acces la ap\u0103 proasp\u0103t\u0103 \u0219i curat\u0103.<\/div>\n<div>A se pastra la temperatura camerei, la frigider dupa deschidere.<\/div>","protected":false},"excerpt":{"rendered":"<p><b>Monge Dog Fresh Lamb\u00a0<\/b>- Friptura cu miel este o hrana completa pentru caini adulti de toate rasele cu bucati de carne proaspata de miel. Dieta este f\u0103cut\u0103 din ingrediente selectate care sunt foarte digerabile. Are consisten\u021ba unui pateu delicat, care este combinat cu buc\u0103\u021bi de carne de miel delicioase. Tehnologia de g\u0103tit include procesul de coacere \u0219i abur fierbinte.<\/p>","protected":false},"featured_media":12609,"template":"","meta":[],"product_cat":[129],"product_tag":[],"_links":{"self":[{"href":"https:\/\/onlinezooshop.md\/ro\/wp-json\/wp\/v2\/product\/10628"}],"collection":[{"href":"https:\/\/onlinezooshop.md\/ro\/wp-json\/wp\/v2\/product"}],"about":[{"href":"https:\/\/onlinezooshop.md\/ro\/wp-json\/wp\/v2\/types\/product"}],"wp:featuredmedia":[{"embeddable":true,"href":"https:\/\/onlinezooshop.md\/ro\/wp-json\/wp\/v2\/media\/12609"}],"wp:attachment":[{"href":"https:\/\/onlinezooshop.md\/ro\/wp-json\/wp\/v2\/media?parent=10628"}],"wp:term":[{"taxonomy":"product_cat","embeddable":true,"href":"https:\/\/onlinezooshop.md\/ro\/wp-json\/wp\/v2\/product_cat?post=10628"},{"taxonomy":"product_tag","embeddable":true,"href":"https:\/\/onlinezooshop.md\/ro\/wp-json\/wp\/v2\/product_tag?post=10628"}],"curies":[{"name":"wp","href":"https:\/\/api.w.org\/{rel}","templated":true}]}}