{"id":10630,"date":"2021-10-20T15:39:14","date_gmt":"2021-10-20T12:39:14","guid":{"rendered":"https:\/\/onlinezooshop.md\/?post_type=product&#038;p=10630"},"modified":"2025-12-17T14:07:31","modified_gmt":"2025-12-17T11:07:31","slug":"fresh-adult-pork-6-sht400-gr","status":"publish","type":"product","link":"https:\/\/onlinezooshop.md\/ro\/magazin\/fresh-adult-pork-6-sht400-gr\/","title":{"rendered":"Monge FRESH ADULT pork 6 \u0448\u0442*400 \u0433\u0440"},"content":{"rendered":"<div>Ingrediente: Carne \u0219i organe (carne proasp\u0103t\u0103 de porc - 26% \u0219i ficat de porc - 17%), cereale, uleiuri \u0219i gr\u0103simi, minerale, proteine \u200b\u200bdin lapte praf.<\/div>\n<div>Analiz\u0103 asigurat\u0103: Protein\u0103 brut\u0103 7,5%, Fibr\u0103 brut\u0103 0,5%, Uleiuri \u0219i gr\u0103simi brute 6,0%, Umiditate 79%.<\/div>\n<div>Recomandare de hranire: Pentru cainii de talie medie se recomanda 1-2 conserve pe zi, impartite in 2 mese. Servi\u021bi m\u00e2ncarea la temperatura camerei. Asigura\u021bi-v\u0103 c\u0103 c\u00e2inele dvs. are acces la ap\u0103 proasp\u0103t\u0103 \u0219i curat\u0103.<\/div>\n<div>A se pastra la temperatura camerei, la frigider dupa deschidere.<\/div>","protected":false},"excerpt":{"rendered":"<p>Monge Dog Fresh\u00a0 Loaf friptur\u0103 de porc pentru c\u00e2ini adul\u021bi<\/p>","protected":false},"featured_media":12610,"template":"","meta":[],"product_cat":[129],"product_tag":[],"_links":{"self":[{"href":"https:\/\/onlinezooshop.md\/ro\/wp-json\/wp\/v2\/product\/10630"}],"collection":[{"href":"https:\/\/onlinezooshop.md\/ro\/wp-json\/wp\/v2\/product"}],"about":[{"href":"https:\/\/onlinezooshop.md\/ro\/wp-json\/wp\/v2\/types\/product"}],"wp:featuredmedia":[{"embeddable":true,"href":"https:\/\/onlinezooshop.md\/ro\/wp-json\/wp\/v2\/media\/12610"}],"wp:attachment":[{"href":"https:\/\/onlinezooshop.md\/ro\/wp-json\/wp\/v2\/media?parent=10630"}],"wp:term":[{"taxonomy":"product_cat","embeddable":true,"href":"https:\/\/onlinezooshop.md\/ro\/wp-json\/wp\/v2\/product_cat?post=10630"},{"taxonomy":"product_tag","embeddable":true,"href":"https:\/\/onlinezooshop.md\/ro\/wp-json\/wp\/v2\/product_tag?post=10630"}],"curies":[{"name":"wp","href":"https:\/\/api.w.org\/{rel}","templated":true}]}}