{"id":10632,"date":"2021-10-20T15:41:01","date_gmt":"2021-10-20T12:41:01","guid":{"rendered":"https:\/\/onlinezooshop.md\/?post_type=product&#038;p=10632"},"modified":"2025-12-17T14:08:09","modified_gmt":"2025-12-17T11:08:09","slug":"fresh-adult-veal-6-sht400-gr","status":"publish","type":"product","link":"https:\/\/onlinezooshop.md\/ro\/magazin\/fresh-adult-veal-6-sht400-gr\/","title":{"rendered":"Monge FRESH ADULT veal 6 \u0448\u0442*400 \u0433\u0440"},"content":{"rendered":"<div>Ingrediente: Carne si organe (carne proaspata de vitel - 20% si pui - 10%), cereale, uleiuri si grasimi, minerale.<\/div>\n<div>Analiz\u0103 garantat\u0103: protein\u0103 brut\u0103 8,0%, fibre brute 0,5%, uleiuri \u0219i gr\u0103simi brute 5,0%, umiditate 79%.<\/div>\n<div>Recomandare de hranire: Pentru cainii de talie medie se recomanda 1-2 conserve pe zi, impartite in 2 mese. Servi\u021bi m\u00e2ncarea la temperatura camerei. Asigura\u021bi-v\u0103 c\u0103 c\u00e2inele dvs. are acces la ap\u0103 proasp\u0103t\u0103 \u0219i curat\u0103.<\/div>\n<div>A se pastra la temperatura camerei, la frigider dupa deschidere.<\/div>","protected":false},"excerpt":{"rendered":"<p>Monge Dog Fresh Chunks in Loaf friptur\u0103 cu vi\u021bel pentru c\u00e2ini adul\u021bi.<\/p>","protected":false},"featured_media":12611,"template":"","meta":[],"product_cat":[129],"product_tag":[],"_links":{"self":[{"href":"https:\/\/onlinezooshop.md\/ro\/wp-json\/wp\/v2\/product\/10632"}],"collection":[{"href":"https:\/\/onlinezooshop.md\/ro\/wp-json\/wp\/v2\/product"}],"about":[{"href":"https:\/\/onlinezooshop.md\/ro\/wp-json\/wp\/v2\/types\/product"}],"wp:featuredmedia":[{"embeddable":true,"href":"https:\/\/onlinezooshop.md\/ro\/wp-json\/wp\/v2\/media\/12611"}],"wp:attachment":[{"href":"https:\/\/onlinezooshop.md\/ro\/wp-json\/wp\/v2\/media?parent=10632"}],"wp:term":[{"taxonomy":"product_cat","embeddable":true,"href":"https:\/\/onlinezooshop.md\/ro\/wp-json\/wp\/v2\/product_cat?post=10632"},{"taxonomy":"product_tag","embeddable":true,"href":"https:\/\/onlinezooshop.md\/ro\/wp-json\/wp\/v2\/product_tag?post=10632"}],"curies":[{"name":"wp","href":"https:\/\/api.w.org\/{rel}","templated":true}]}}