{"id":10634,"date":"2021-10-20T15:43:14","date_gmt":"2021-10-20T12:43:14","guid":{"rendered":"https:\/\/onlinezooshop.md\/?post_type=product&#038;p=10634"},"modified":"2025-12-17T14:13:50","modified_gmt":"2025-12-17T11:13:50","slug":"fresh-puppy-veal-veget-6-sht400-gr","status":"publish","type":"product","link":"https:\/\/onlinezooshop.md\/ro\/magazin\/fresh-puppy-veal-veget-6-sht400-gr\/","title":{"rendered":"Monge FRESH PUPPY veal \/ veget. 6 \u0448\u0442*400 \u0433\u0440"},"content":{"rendered":"<p>Cu legume ca surs\u0103 ideal\u0103 de carbohidra\u021bi care asigur\u0103 energia zilnic\u0103 necesar\u0103, precum \u0219i o surs\u0103 de vitamine \u0219i minerale naturale. Ingrediente: carne si produse din carne (vitel proaspat 20% si ficat de porc 16%), legume (morcovi, mazare si cartofi 6%), cereale, uleiuri si grasimi, minerale.<\/p>","protected":false},"excerpt":{"rendered":"<p>Hrana completa si echilibrata pentru catei. Adaosul de vi\u021bel proasp\u0103t garanteaz\u0103 o valoare biologic\u0103 ridicat\u0103 a re\u021betei.<\/p>","protected":false},"featured_media":12613,"template":"","meta":[],"product_cat":[129],"product_tag":[],"_links":{"self":[{"href":"https:\/\/onlinezooshop.md\/ro\/wp-json\/wp\/v2\/product\/10634"}],"collection":[{"href":"https:\/\/onlinezooshop.md\/ro\/wp-json\/wp\/v2\/product"}],"about":[{"href":"https:\/\/onlinezooshop.md\/ro\/wp-json\/wp\/v2\/types\/product"}],"wp:featuredmedia":[{"embeddable":true,"href":"https:\/\/onlinezooshop.md\/ro\/wp-json\/wp\/v2\/media\/12613"}],"wp:attachment":[{"href":"https:\/\/onlinezooshop.md\/ro\/wp-json\/wp\/v2\/media?parent=10634"}],"wp:term":[{"taxonomy":"product_cat","embeddable":true,"href":"https:\/\/onlinezooshop.md\/ro\/wp-json\/wp\/v2\/product_cat?post=10634"},{"taxonomy":"product_tag","embeddable":true,"href":"https:\/\/onlinezooshop.md\/ro\/wp-json\/wp\/v2\/product_tag?post=10634"}],"curies":[{"name":"wp","href":"https:\/\/api.w.org\/{rel}","templated":true}]}}