{"id":10636,"date":"2021-10-20T15:45:15","date_gmt":"2021-10-20T12:45:15","guid":{"rendered":"https:\/\/onlinezooshop.md\/?post_type=product&#038;p=10636"},"modified":"2025-12-17T14:13:21","modified_gmt":"2025-12-17T11:13:21","slug":"fresh-senior-turkey-veget-6-sht400-gr","status":"publish","type":"product","link":"https:\/\/onlinezooshop.md\/ro\/magazin\/fresh-senior-turkey-veget-6-sht400-gr\/","title":{"rendered":"Monge FRESH SENIOR turkey \/ veget. 6 \u0448\u0442*400 \u0433\u0440"},"content":{"rendered":"<div>Ingrediente: Carne \u0219i organe (carne proasp\u0103t\u0103 de curcan - 26% \u0219i ficat de porc - 5%), legume (morcovi, maz\u0103re, cartofi - 6%), cereale, uleiuri \u0219i gr\u0103simi, minerale, proteine \u200b\u200bdin lapte praf.<\/div>\n<div>Analiz\u0103 garantat\u0103: protein\u0103 brut\u0103 - 7,0%, fibre brute - 0,5%, uleiuri \u0219i gr\u0103simi brute - 6,0%, umiditate - 79%.<\/div>\n<div>\n<div>Recomandare de hranire: Pentru cainii de talie medie se recomanda 1-2 conserve pe zi, impartite in 2 mese. Servi\u021bi m\u00e2ncarea la temperatura camerei. Asigura\u021bi-v\u0103 c\u0103 c\u00e2inele dvs. are acces la ap\u0103 proasp\u0103t\u0103 \u0219i curat\u0103.<\/div>\n<div>A se pastra la temperatura camerei, la frigider dupa deschidere.<\/div>\n<\/div>","protected":false},"excerpt":{"rendered":"<p>Monge Dog Fresh Buc\u0103\u021bi \u00een p\u00e2ine- Friptur\u0103 de curcan cu legume pentru c\u00e2ini \u00een v\u00e2rst\u0103.<\/p>","protected":false},"featured_media":12614,"template":"","meta":[],"product_cat":[129],"product_tag":[],"_links":{"self":[{"href":"https:\/\/onlinezooshop.md\/ro\/wp-json\/wp\/v2\/product\/10636"}],"collection":[{"href":"https:\/\/onlinezooshop.md\/ro\/wp-json\/wp\/v2\/product"}],"about":[{"href":"https:\/\/onlinezooshop.md\/ro\/wp-json\/wp\/v2\/types\/product"}],"wp:featuredmedia":[{"embeddable":true,"href":"https:\/\/onlinezooshop.md\/ro\/wp-json\/wp\/v2\/media\/12614"}],"wp:attachment":[{"href":"https:\/\/onlinezooshop.md\/ro\/wp-json\/wp\/v2\/media?parent=10636"}],"wp:term":[{"taxonomy":"product_cat","embeddable":true,"href":"https:\/\/onlinezooshop.md\/ro\/wp-json\/wp\/v2\/product_cat?post=10636"},{"taxonomy":"product_tag","embeddable":true,"href":"https:\/\/onlinezooshop.md\/ro\/wp-json\/wp\/v2\/product_tag?post=10636"}],"curies":[{"name":"wp","href":"https:\/\/api.w.org\/{rel}","templated":true}]}}