{"id":10641,"date":"2021-10-22T09:54:32","date_gmt":"2021-10-22T06:54:32","guid":{"rendered":"https:\/\/onlinezooshop.md\/?post_type=product&#038;p=10641"},"modified":"2025-12-17T15:08:59","modified_gmt":"2025-12-17T12:08:59","slug":"fresh-pate-and-chunk-with-chicken-and-veget-16-sht100-gr","status":"publish","type":"product","link":"https:\/\/onlinezooshop.md\/ro\/magazin\/fresh-pate-and-chunk-with-chicken-and-veget-16-sht100-gr\/","title":{"rendered":"Monge FRESH Pate with chicken and vegetables 16 \u0448\u0442*100 \u0433\u0440"},"content":{"rendered":"<p>F\u0103r\u0103 coloran\u021bi, conservan\u021bi \u0219i gr\u0103simi hidrogenate. Re\u021bete cu con\u021binut sc\u0103zut de zah\u0103r. Ideal pentru cainii mici si ca rasfat pentru cainii mari.<\/p>","protected":false},"excerpt":{"rendered":"<p>Pateu \u0219i Buc\u0103\u021bi de pui \u0219i legume New Monge Pateuri proaspete, gustoase, re\u021bet\u0103 hr\u0103nitoare cu carne selec\u021bionat\u0103 \u0219i proasp\u0103t\u0103 pentru a oferi prietenilor t\u0103i cu patru picioare bun\u0103starea zilnic\u0103 de care au nevoie pentru a fi \u00een form\u0103 maxim\u0103.<\/p>","protected":false},"featured_media":12620,"template":"","meta":[],"product_cat":[129],"product_tag":[],"_links":{"self":[{"href":"https:\/\/onlinezooshop.md\/ro\/wp-json\/wp\/v2\/product\/10641"}],"collection":[{"href":"https:\/\/onlinezooshop.md\/ro\/wp-json\/wp\/v2\/product"}],"about":[{"href":"https:\/\/onlinezooshop.md\/ro\/wp-json\/wp\/v2\/types\/product"}],"wp:featuredmedia":[{"embeddable":true,"href":"https:\/\/onlinezooshop.md\/ro\/wp-json\/wp\/v2\/media\/12620"}],"wp:attachment":[{"href":"https:\/\/onlinezooshop.md\/ro\/wp-json\/wp\/v2\/media?parent=10641"}],"wp:term":[{"taxonomy":"product_cat","embeddable":true,"href":"https:\/\/onlinezooshop.md\/ro\/wp-json\/wp\/v2\/product_cat?post=10641"},{"taxonomy":"product_tag","embeddable":true,"href":"https:\/\/onlinezooshop.md\/ro\/wp-json\/wp\/v2\/product_tag?post=10641"}],"curies":[{"name":"wp","href":"https:\/\/api.w.org\/{rel}","templated":true}]}}