{"id":10646,"date":"2021-10-22T10:00:35","date_gmt":"2021-10-22T07:00:35","guid":{"rendered":"https:\/\/onlinezooshop.md\/?post_type=product&#038;p=10646"},"modified":"2025-12-17T15:11:17","modified_gmt":"2025-12-17T12:11:17","slug":"fresh-pate-and-chunkies-with-chicken-16-sht100-gr","status":"publish","type":"product","link":"https:\/\/onlinezooshop.md\/ro\/magazin\/fresh-pate-and-chunkies-with-chicken-16-sht100-gr\/","title":{"rendered":"Monge FRESH Pate with chicken 16 \u0448\u0442*100 \u0433\u0440"},"content":{"rendered":"<p id=\"tw-target-text\" class=\"tw-data-text tw-ta tw-text-small\" dir=\"ltr\" data-placeholder=\"\u041f\u0435\u0440\u0435\u0432\u043e\u0434\"><span lang=\"ru\">F\u0103r\u0103 coloran\u021bi, conservan\u021bi \u0219i re\u021bete cu con\u021binut sc\u0103zut de zah\u0103r, ideal pentru c\u00e2inii de talie mic\u0103 \u0219i ca r\u0103sf\u0103\u021b pentru c\u00e2inii mai mari.<\/span><\/p>\n<p id=\"tw-target-text\" class=\"tw-data-text tw-ta tw-text-small\" dir=\"ltr\" data-placeholder=\"\u041f\u0435\u0440\u0435\u0432\u043e\u0434\"><span lang=\"ru\">Carne proasp\u0103t\u0103 80% (din care pui cel pu\u021bin 10%), oligoelemente, vitamine.<\/span><\/p>","protected":false},"excerpt":{"rendered":"<p>Pateu delicios cu buc\u0103\u021bi delicioase de pui proasp\u0103t, selectat pentru a oferi prietenilor no\u0219tri patrupede bun\u0103starea zilnic\u0103 de care au nevoie pentru a fi \u00een form\u0103 maxim\u0103.<\/p>","protected":false},"featured_media":12622,"template":"","meta":[],"product_cat":[129],"product_tag":[],"_links":{"self":[{"href":"https:\/\/onlinezooshop.md\/ro\/wp-json\/wp\/v2\/product\/10646"}],"collection":[{"href":"https:\/\/onlinezooshop.md\/ro\/wp-json\/wp\/v2\/product"}],"about":[{"href":"https:\/\/onlinezooshop.md\/ro\/wp-json\/wp\/v2\/types\/product"}],"wp:featuredmedia":[{"embeddable":true,"href":"https:\/\/onlinezooshop.md\/ro\/wp-json\/wp\/v2\/media\/12622"}],"wp:attachment":[{"href":"https:\/\/onlinezooshop.md\/ro\/wp-json\/wp\/v2\/media?parent=10646"}],"wp:term":[{"taxonomy":"product_cat","embeddable":true,"href":"https:\/\/onlinezooshop.md\/ro\/wp-json\/wp\/v2\/product_cat?post=10646"},{"taxonomy":"product_tag","embeddable":true,"href":"https:\/\/onlinezooshop.md\/ro\/wp-json\/wp\/v2\/product_tag?post=10646"}],"curies":[{"name":"wp","href":"https:\/\/api.w.org\/{rel}","templated":true}]}}