{"id":10652,"date":"2021-10-22T10:07:29","date_gmt":"2021-10-22T07:07:29","guid":{"rendered":"https:\/\/onlinezooshop.md\/?post_type=product&#038;p=10652"},"modified":"2025-12-17T15:20:19","modified_gmt":"2025-12-17T12:20:19","slug":"fresh-pate-and-chunkies-with-lamb-16-sht100-gr","status":"publish","type":"product","link":"https:\/\/onlinezooshop.md\/ro\/magazin\/fresh-pate-and-chunkies-with-lamb-16-sht100-gr\/","title":{"rendered":"Monge FRESH Pate with lamb 16 \u0448\u0442*100 \u0433\u0440"},"content":{"rendered":"<p id=\"tw-target-text\" class=\"tw-data-text tw-ta tw-text-small\" dir=\"ltr\" data-placeholder=\"\u041f\u0435\u0440\u0435\u0432\u043e\u0434\"><span lang=\"ru\">Un pate delicios centrat pe buc\u0103\u021bi delicioase de miel proasp\u0103t, selectate pentru a le oferi prietenilor no\u0219tri patrupede bun\u0103starea zilnic\u0103 de care au nevoie pentru a fi \u00een form\u0103 maxim\u0103. F\u0103r\u0103 coloran\u021bi, conservan\u021bi \u0219i re\u021bete cu con\u021binut sc\u0103zut de zah\u0103r, ideal pentru c\u00e2inii de talie mic\u0103 \u0219i ca r\u0103sf\u0103\u021b pentru c\u00e2inii mai mari.<\/span><\/p>\n<p class=\"tw-data-text tw-ta tw-text-small\" dir=\"ltr\" data-placeholder=\"\u041f\u0435\u0440\u0435\u0432\u043e\u0434\"><span lang=\"ru\">Ingrediente Carne proaspata 80% (din care miel min. 10%), minerale, vitamine, agenti de ingrosare, agenti de gelifiere.<\/span><\/p>","protected":false},"excerpt":{"rendered":"<p>Superioritatea este garantata de produse naturale fara coloranti si conservanti artificiali, materii prime de inalta calitate, selectate si studiate special pentru fiecare reteta. Fiecare fel de m\u00e2ncare va fi un adev\u0103rat r\u0103sf\u0103\u021b pentru c\u00e2ini, datorit\u0103 utiliz\u0103rii c\u0103rnii proaspete de \u00eenalt\u0103 calitate \u0219i prezen\u021bei ingredientelor de nepre\u021buit.<\/p>","protected":false},"featured_media":12624,"template":"","meta":[],"product_cat":[129],"product_tag":[],"_links":{"self":[{"href":"https:\/\/onlinezooshop.md\/ro\/wp-json\/wp\/v2\/product\/10652"}],"collection":[{"href":"https:\/\/onlinezooshop.md\/ro\/wp-json\/wp\/v2\/product"}],"about":[{"href":"https:\/\/onlinezooshop.md\/ro\/wp-json\/wp\/v2\/types\/product"}],"wp:featuredmedia":[{"embeddable":true,"href":"https:\/\/onlinezooshop.md\/ro\/wp-json\/wp\/v2\/media\/12624"}],"wp:attachment":[{"href":"https:\/\/onlinezooshop.md\/ro\/wp-json\/wp\/v2\/media?parent=10652"}],"wp:term":[{"taxonomy":"product_cat","embeddable":true,"href":"https:\/\/onlinezooshop.md\/ro\/wp-json\/wp\/v2\/product_cat?post=10652"},{"taxonomy":"product_tag","embeddable":true,"href":"https:\/\/onlinezooshop.md\/ro\/wp-json\/wp\/v2\/product_tag?post=10652"}],"curies":[{"name":"wp","href":"https:\/\/api.w.org\/{rel}","templated":true}]}}