{"id":10662,"date":"2021-10-22T10:18:02","date_gmt":"2021-10-22T07:18:02","guid":{"rendered":"https:\/\/onlinezooshop.md\/?post_type=product&#038;p=10662"},"modified":"2025-12-17T14:26:19","modified_gmt":"2025-12-17T11:26:19","slug":"fruit-chicken-raspberry-16-sht100-gr","status":"publish","type":"product","link":"https:\/\/onlinezooshop.md\/ro\/magazin\/fruit-chicken-raspberry-16-sht100-gr\/","title":{"rendered":"Monge FRUIT CHICKEN\/RASPBERRY 16 \u0448\u0442*100 \u0433\u0440"},"content":{"rendered":"<p>Ingrediente: Carne proaspata 80% (din care pui minim 10%), zmeura 4%, oligoelemente, vitamine. Analiza alimentelor Umiditate 80%, proteine \u200b\u200bbrute 8,5%, gr\u0103simi brute 7%, fibre brute 0,5%.<\/p>","protected":false},"excerpt":{"rendered":"<p>Nutri\u021bia complet\u0103 \u0219i digerabil\u0103 a fost studiat\u0103 pentru o diet\u0103 echilibrat\u0103 la c\u00e2inii adul\u021bi. Pate moale si delicios cu pui si zmeura, au o textura densa si o aroma placuta.<\/p>","protected":false},"featured_media":12616,"template":"","meta":[],"product_cat":[129],"product_tag":[],"_links":{"self":[{"href":"https:\/\/onlinezooshop.md\/ro\/wp-json\/wp\/v2\/product\/10662"}],"collection":[{"href":"https:\/\/onlinezooshop.md\/ro\/wp-json\/wp\/v2\/product"}],"about":[{"href":"https:\/\/onlinezooshop.md\/ro\/wp-json\/wp\/v2\/types\/product"}],"wp:featuredmedia":[{"embeddable":true,"href":"https:\/\/onlinezooshop.md\/ro\/wp-json\/wp\/v2\/media\/12616"}],"wp:attachment":[{"href":"https:\/\/onlinezooshop.md\/ro\/wp-json\/wp\/v2\/media?parent=10662"}],"wp:term":[{"taxonomy":"product_cat","embeddable":true,"href":"https:\/\/onlinezooshop.md\/ro\/wp-json\/wp\/v2\/product_cat?post=10662"},{"taxonomy":"product_tag","embeddable":true,"href":"https:\/\/onlinezooshop.md\/ro\/wp-json\/wp\/v2\/product_tag?post=10662"}],"curies":[{"name":"wp","href":"https:\/\/api.w.org\/{rel}","templated":true}]}}