{"id":10670,"date":"2021-10-22T10:32:57","date_gmt":"2021-10-22T07:32:57","guid":{"rendered":"https:\/\/onlinezooshop.md\/?post_type=product&#038;p=10670"},"modified":"2025-12-17T14:25:24","modified_gmt":"2025-12-17T11:25:24","slug":"fruit-pork-pineapple-16-sht100-gr","status":"publish","type":"product","link":"https:\/\/onlinezooshop.md\/ro\/magazin\/fruit-pork-pineapple-16-sht100-gr\/","title":{"rendered":"Monge FRUIT PORK\/PINEAPPLE 16 \u0448\u0442*100 \u0433\u0440"},"content":{"rendered":"<p>Ingrediente: Carne proaspata 80% (din care porc min. 10%), ananas 4%, minerale, vitamine. Analiza alimentelor Umiditate 80%, proteine \u200b\u200bbrute 8,5%, gr\u0103simi brute 7%, fibre brute 0,5%.<\/p>","protected":false},"excerpt":{"rendered":"<p>Nutri\u021bia complet\u0103 \u0219i digerabil\u0103 a fost studiat\u0103 pentru o diet\u0103 echilibrat\u0103 la c\u00e2inii adul\u021bi. Pl\u0103cinte \u0219i pl\u0103cinte moi \u0219i gustoase din carne de porc \u0219i ananas, au o textur\u0103 dens\u0103 \u0219i o arom\u0103 pl\u0103cut\u0103.<\/p>","protected":false},"featured_media":12615,"template":"","meta":[],"product_cat":[129],"product_tag":[],"_links":{"self":[{"href":"https:\/\/onlinezooshop.md\/ro\/wp-json\/wp\/v2\/product\/10670"}],"collection":[{"href":"https:\/\/onlinezooshop.md\/ro\/wp-json\/wp\/v2\/product"}],"about":[{"href":"https:\/\/onlinezooshop.md\/ro\/wp-json\/wp\/v2\/types\/product"}],"wp:featuredmedia":[{"embeddable":true,"href":"https:\/\/onlinezooshop.md\/ro\/wp-json\/wp\/v2\/media\/12615"}],"wp:attachment":[{"href":"https:\/\/onlinezooshop.md\/ro\/wp-json\/wp\/v2\/media?parent=10670"}],"wp:term":[{"taxonomy":"product_cat","embeddable":true,"href":"https:\/\/onlinezooshop.md\/ro\/wp-json\/wp\/v2\/product_cat?post=10670"},{"taxonomy":"product_tag","embeddable":true,"href":"https:\/\/onlinezooshop.md\/ro\/wp-json\/wp\/v2\/product_tag?post=10670"}],"curies":[{"name":"wp","href":"https:\/\/api.w.org\/{rel}","templated":true}]}}