{"id":10672,"date":"2021-10-22T10:34:59","date_gmt":"2021-10-22T07:34:59","guid":{"rendered":"https:\/\/onlinezooshop.md\/?post_type=product&#038;p=10672"},"modified":"2025-12-17T15:26:41","modified_gmt":"2025-12-17T12:26:41","slug":"fruit-salmon-pear-16-sht100-gr","status":"publish","type":"product","link":"https:\/\/onlinezooshop.md\/ro\/magazin\/fruit-salmon-pear-16-sht100-gr\/","title":{"rendered":"Monge FRUIT SALMON\/PEAR 16 \u0448\u0442*100 \u0433\u0440"},"content":{"rendered":"<p>Ingrediente: Carne proaspata 50%, peste proaspat 30% (din care somon min. 10%), para 4%, minerale, vitamine. Analiza alimentelor Umiditate 80%, proteine \u200b\u200bbrute 8,5%, gr\u0103simi brute 7%, fibre brute 0,5%.<\/p>","protected":false},"excerpt":{"rendered":"<p>Nutri\u021bia complet\u0103 \u0219i digerabil\u0103 a fost studiat\u0103 pentru o diet\u0103 echilibrat\u0103 la c\u00e2inii adul\u021bi. Pate moale si gustos cu somon si pere, au o textura densa si aroma placuta.<\/p>","protected":false},"featured_media":12630,"template":"","meta":[],"product_cat":[129],"product_tag":[],"_links":{"self":[{"href":"https:\/\/onlinezooshop.md\/ro\/wp-json\/wp\/v2\/product\/10672"}],"collection":[{"href":"https:\/\/onlinezooshop.md\/ro\/wp-json\/wp\/v2\/product"}],"about":[{"href":"https:\/\/onlinezooshop.md\/ro\/wp-json\/wp\/v2\/types\/product"}],"wp:featuredmedia":[{"embeddable":true,"href":"https:\/\/onlinezooshop.md\/ro\/wp-json\/wp\/v2\/media\/12630"}],"wp:attachment":[{"href":"https:\/\/onlinezooshop.md\/ro\/wp-json\/wp\/v2\/media?parent=10672"}],"wp:term":[{"taxonomy":"product_cat","embeddable":true,"href":"https:\/\/onlinezooshop.md\/ro\/wp-json\/wp\/v2\/product_cat?post=10672"},{"taxonomy":"product_tag","embeddable":true,"href":"https:\/\/onlinezooshop.md\/ro\/wp-json\/wp\/v2\/product_tag?post=10672"}],"curies":[{"name":"wp","href":"https:\/\/api.w.org\/{rel}","templated":true}]}}