{"id":10676,"date":"2021-10-22T10:45:00","date_gmt":"2021-10-22T07:45:00","guid":{"rendered":"https:\/\/onlinezooshop.md\/?post_type=product&#038;p=10676"},"modified":"2025-12-17T16:26:39","modified_gmt":"2025-12-17T13:26:39","slug":"grill-pouch-beef-24-sht100-gr","status":"publish","type":"product","link":"https:\/\/onlinezooshop.md\/ro\/magazin\/grill-pouch-beef-24-sht100-gr\/","title":{"rendered":"Monge GRILL BEEF 24 \u0448\u0442*100 \u0433\u0440"},"content":{"rendered":"<p>Compozitie: carne si organe 40% (din care carne de vita min.4,2%), vitamine, minerale. Componente analitice: umiditate 78,39%, proteine \u200b\u200bbrute 8,99%, gr\u0103simi brute 5,98%, fibre brute 0,50%, cenu\u0219\u0103 brut\u0103 1,76%.<\/p>","protected":false},"excerpt":{"rendered":"<p>Hrana complet\u0103 pentru c\u00e2ini este conceput\u0103 pentru a mul\u021bumi gustul prietenului nostru fidel cu patru picioare. Re\u021bet\u0103 f\u0103cut\u0103 cu carne de vit\u0103 proasp\u0103t\u0103, la gr\u0103tar la perfec\u021biune, cu glucozamin\u0103 \u0219i condroitin\u0103 pentru a ajuta articula\u021biile s\u0103 func\u021bioneze.<\/p>","protected":false},"featured_media":12639,"template":"","meta":[],"product_cat":[129],"product_tag":[],"_links":{"self":[{"href":"https:\/\/onlinezooshop.md\/ro\/wp-json\/wp\/v2\/product\/10676"}],"collection":[{"href":"https:\/\/onlinezooshop.md\/ro\/wp-json\/wp\/v2\/product"}],"about":[{"href":"https:\/\/onlinezooshop.md\/ro\/wp-json\/wp\/v2\/types\/product"}],"wp:featuredmedia":[{"embeddable":true,"href":"https:\/\/onlinezooshop.md\/ro\/wp-json\/wp\/v2\/media\/12639"}],"wp:attachment":[{"href":"https:\/\/onlinezooshop.md\/ro\/wp-json\/wp\/v2\/media?parent=10676"}],"wp:term":[{"taxonomy":"product_cat","embeddable":true,"href":"https:\/\/onlinezooshop.md\/ro\/wp-json\/wp\/v2\/product_cat?post=10676"},{"taxonomy":"product_tag","embeddable":true,"href":"https:\/\/onlinezooshop.md\/ro\/wp-json\/wp\/v2\/product_tag?post=10676"}],"curies":[{"name":"wp","href":"https:\/\/api.w.org\/{rel}","templated":true}]}}