{"id":10678,"date":"2021-10-22T10:46:52","date_gmt":"2021-10-22T07:46:52","guid":{"rendered":"https:\/\/onlinezooshop.md\/?post_type=product&#038;p=10678"},"modified":"2025-12-17T16:27:19","modified_gmt":"2025-12-17T13:27:19","slug":"grill-pouch-chicken-turkey-24-sht100-gr","status":"publish","type":"product","link":"https:\/\/onlinezooshop.md\/ro\/magazin\/grill-pouch-chicken-turkey-24-sht100-gr\/","title":{"rendered":"Monge GRILL CHICKEN\/TURKEY 24 \u0448\u0442*100 \u0433\u0440"},"content":{"rendered":"<p>Compozitie: carne si organe 40% (din care pui min.4,2%, curcan min.4,2%), vitamine, minerale. Ingrediente analitice: umiditate 78,39%, proteine \u200b\u200bbrute 8,99%, gr\u0103simi brute 5,98%, fibre brute 0,50%.<\/p>","protected":false},"excerpt":{"rendered":"<p>Hrana complet\u0103 pentru c\u00e2ini este conceput\u0103 pentru a mul\u021bumi gustul prietenului nostru fidel cu patru picioare. Re\u021bet\u0103 f\u0103cut\u0103 cu pui proasp\u0103t \u0219i curcan la gr\u0103tar la perfec\u021biune, cu glucozamin\u0103 \u0219i condroitin\u0103 pentru \u00eembun\u0103t\u0103\u021birea func\u021biei articula\u021biilor.<\/p>","protected":false},"featured_media":12642,"template":"","meta":[],"product_cat":[129],"product_tag":[],"_links":{"self":[{"href":"https:\/\/onlinezooshop.md\/ro\/wp-json\/wp\/v2\/product\/10678"}],"collection":[{"href":"https:\/\/onlinezooshop.md\/ro\/wp-json\/wp\/v2\/product"}],"about":[{"href":"https:\/\/onlinezooshop.md\/ro\/wp-json\/wp\/v2\/types\/product"}],"wp:featuredmedia":[{"embeddable":true,"href":"https:\/\/onlinezooshop.md\/ro\/wp-json\/wp\/v2\/media\/12642"}],"wp:attachment":[{"href":"https:\/\/onlinezooshop.md\/ro\/wp-json\/wp\/v2\/media?parent=10678"}],"wp:term":[{"taxonomy":"product_cat","embeddable":true,"href":"https:\/\/onlinezooshop.md\/ro\/wp-json\/wp\/v2\/product_cat?post=10678"},{"taxonomy":"product_tag","embeddable":true,"href":"https:\/\/onlinezooshop.md\/ro\/wp-json\/wp\/v2\/product_tag?post=10678"}],"curies":[{"name":"wp","href":"https:\/\/api.w.org\/{rel}","templated":true}]}}