{"id":10680,"date":"2021-10-22T10:49:34","date_gmt":"2021-10-22T07:49:34","guid":{"rendered":"https:\/\/onlinezooshop.md\/?post_type=product&#038;p=10680"},"modified":"2025-12-17T16:28:58","modified_gmt":"2025-12-17T13:28:58","slug":"grill-pouch-cod-fish-24-sht100-gr","status":"publish","type":"product","link":"https:\/\/onlinezooshop.md\/ro\/magazin\/grill-pouch-cod-fish-24-sht100-gr\/","title":{"rendered":"Monge GRILL COD FISH 24 \u0448\u0442*100 \u0433\u0440"},"content":{"rendered":"<p id=\"tw-target-text\" class=\"tw-data-text tw-ta tw-text-small\" dir=\"ltr\" data-placeholder=\"\u041f\u0435\u0440\u0435\u0432\u043e\u0434\"><span lang=\"ru\">Compozitie: carne si organe 25%, peste si organe de peste 15% (inclusiv cod min. 4,2%), vitamine, minerale.<\/span><\/p>\n<p class=\"tw-data-text tw-ta tw-text-small\" dir=\"ltr\" data-placeholder=\"\u041f\u0435\u0440\u0435\u0432\u043e\u0434\"><span lang=\"ru\">Ingrediente analitice: umiditate 78,39%, protein\u0103 brut\u0103 8,99%, gr\u0103simi brute 5,98%, fibre brute 0,50%<\/span><\/p>","protected":false},"excerpt":{"rendered":"<p>Hrana complet\u0103 pentru c\u00e2ini este conceput\u0103 pentru a mul\u021bumi gustul prietenului nostru fidel cu patru picioare. Re\u021bet\u0103 f\u0103cut\u0103 cu cod proasp\u0103t la gr\u0103tar la perfec\u021biune, cu glucozamin\u0103 \u0219i condroitin\u0103 pentru a ajuta articula\u021biile s\u0103 func\u021bioneze.<\/p>","protected":false},"featured_media":12643,"template":"","meta":[],"product_cat":[129],"product_tag":[],"_links":{"self":[{"href":"https:\/\/onlinezooshop.md\/ro\/wp-json\/wp\/v2\/product\/10680"}],"collection":[{"href":"https:\/\/onlinezooshop.md\/ro\/wp-json\/wp\/v2\/product"}],"about":[{"href":"https:\/\/onlinezooshop.md\/ro\/wp-json\/wp\/v2\/types\/product"}],"wp:featuredmedia":[{"embeddable":true,"href":"https:\/\/onlinezooshop.md\/ro\/wp-json\/wp\/v2\/media\/12643"}],"wp:attachment":[{"href":"https:\/\/onlinezooshop.md\/ro\/wp-json\/wp\/v2\/media?parent=10680"}],"wp:term":[{"taxonomy":"product_cat","embeddable":true,"href":"https:\/\/onlinezooshop.md\/ro\/wp-json\/wp\/v2\/product_cat?post=10680"},{"taxonomy":"product_tag","embeddable":true,"href":"https:\/\/onlinezooshop.md\/ro\/wp-json\/wp\/v2\/product_tag?post=10680"}],"curies":[{"name":"wp","href":"https:\/\/api.w.org\/{rel}","templated":true}]}}