{"id":10683,"date":"2021-10-22T10:51:14","date_gmt":"2021-10-22T07:51:14","guid":{"rendered":"https:\/\/onlinezooshop.md\/?post_type=product&#038;p=10683"},"modified":"2025-12-17T16:29:40","modified_gmt":"2025-12-17T13:29:40","slug":"grill-pouch-junior-chicken-turkey-24-sht100-gr","status":"publish","type":"product","link":"https:\/\/onlinezooshop.md\/ro\/magazin\/grill-pouch-junior-chicken-turkey-24-sht100-gr\/","title":{"rendered":"Monge GRILL JUNIOR CHICKEN\/TURKEY 24 \u0448\u0442*100 \u0433\u0440"},"content":{"rendered":"<p><strong>Con\u021binut:<\/strong>\u00a0Carne \u0219i produse de origine animal\u0103 47% (curcan 20% \u0219i pui 14%), minerale, glucozamin\u0103 0,008%, sulfat de condroitin 0,004%.<\/p>\n<p><strong>Componenete:<\/strong>\u00a0Proteine \u200b\u200b9%, fibre brute 0,3%, gr\u0103simi brute 6%, cenu\u0219\u0103 brut\u0103 1,6%, umiditate 79,5%.<\/p>\n<p><strong>Mod de utilizare:<\/strong>\u00a0Se serveste la temperatura camerei. Rata zilnic\u0103 de hr\u0103nire pentru c\u00e2ini de talie medie: 6-8 saci pentru c\u0103\u021bei de 2-5 luni \u0219i 8-10 saci pentru c\u0103\u021bei de 6-12 luni, \u00eemp\u0103r\u021bite \u00een 3 mese. L\u0103sa\u021bi \u00eentotdeauna ap\u0103 proasp\u0103t\u0103 \u0219i curat\u0103. Conditii de pastrare: se lasa nedeschis la frigider maxim 2 zile.<\/p>","protected":false},"excerpt":{"rendered":"<p>Hrana completa pentru catei special conceputa pentru a incanta prietenii nostri patrupede.<br \/>\nReteta de pui si curcan la cuptor.<br \/>\nCon\u021bine glucozamin\u0103 \u0219i condroitin\u0103 pentru sus\u021binerea articula\u021biilor. Nu contine cereale.<\/p>","protected":false},"featured_media":12641,"template":"","meta":[],"product_cat":[129],"product_tag":[],"_links":{"self":[{"href":"https:\/\/onlinezooshop.md\/ro\/wp-json\/wp\/v2\/product\/10683"}],"collection":[{"href":"https:\/\/onlinezooshop.md\/ro\/wp-json\/wp\/v2\/product"}],"about":[{"href":"https:\/\/onlinezooshop.md\/ro\/wp-json\/wp\/v2\/types\/product"}],"wp:featuredmedia":[{"embeddable":true,"href":"https:\/\/onlinezooshop.md\/ro\/wp-json\/wp\/v2\/media\/12641"}],"wp:attachment":[{"href":"https:\/\/onlinezooshop.md\/ro\/wp-json\/wp\/v2\/media?parent=10683"}],"wp:term":[{"taxonomy":"product_cat","embeddable":true,"href":"https:\/\/onlinezooshop.md\/ro\/wp-json\/wp\/v2\/product_cat?post=10683"},{"taxonomy":"product_tag","embeddable":true,"href":"https:\/\/onlinezooshop.md\/ro\/wp-json\/wp\/v2\/product_tag?post=10683"}],"curies":[{"name":"wp","href":"https:\/\/api.w.org\/{rel}","templated":true}]}}