{"id":10687,"date":"2021-10-22T10:54:35","date_gmt":"2021-10-22T07:54:35","guid":{"rendered":"https:\/\/onlinezooshop.md\/?post_type=product&#038;p=10687"},"modified":"2025-12-17T16:25:51","modified_gmt":"2025-12-17T13:25:51","slug":"grill-pouch-pork-24-sht100-gr","status":"publish","type":"product","link":"https:\/\/onlinezooshop.md\/ro\/magazin\/grill-pouch-pork-24-sht100-gr\/","title":{"rendered":"Monge GRILL PORK 24 \u0448\u0442*100 \u0433\u0440"},"content":{"rendered":"<div class=\"product-tabs-wrapper\">\n<div class=\"container\">\n<div class=\"row\">\n<div class=\"col-12 poduct-tabs-inner\">\n<div class=\"woocommerce-tabs wc-tabs-wrapper tabs-layout-tabs\">\n<div class=\"woodmart-tab-wrapper\">\n<div id=\"tab-description\" class=\"woocommerce-Tabs-panel woocommerce-Tabs-panel--description panel entry-content wc-tab\">\n<div class=\"wc-tab-inner\">\n<div class=\"\">\n<p id=\"tw-target-text\" class=\"tw-data-text tw-ta tw-text-small\" dir=\"ltr\" data-placeholder=\"\u041f\u0435\u0440\u0435\u0432\u043e\u0434\"><span lang=\"ru\">\u0421\u043e\u0441\u0442\u0430\u0432: \u043c\u044f\u0441\u043e \u0438 \u0441\u0443\u0431\u043f\u0440\u043e\u0434\u0443\u043a\u0442\u044b 40% (\u0438\u0437 \u043d\u0438\u0445 \u0441\u0432\u0438\u043d\u0438\u043d\u0430 \u043c\u0438\u043d. 4,2%), \u0432\u0438\u0442\u0430\u043c\u0438\u043d\u044b, \u043c\u0438\u043d\u0435\u0440\u0430\u043b\u044b \u0410\u043d\u0430\u043b\u0438\u0442\u0438\u0447\u0435\u0441\u043a\u0438\u0435 \u043a\u043e\u043c\u043f\u043e\u043d\u0435\u043d\u0442\u044b: \u0432\u043b\u0430\u0436\u043d\u043e\u0441\u0442\u044c 78,39%, \u0441\u044b\u0440\u044b\u0435 \u0431\u0435\u043b\u043a\u0438 8,99%, \u0441\u044b\u0440\u044b\u0435 \u0436\u0438\u0440\u044b 5,98%, \u0441\u044b\u0440\u044b\u0435 \u0432\u043e\u043b\u043e\u043a\u043d\u0430 0,50%.<\/span><\/p>\n<\/div>\n<\/div>\n<\/div>\n<\/div>\n<\/div>\n<\/div>\n<\/div>\n<\/div>\n<\/div>\n<div class=\"container related-and-upsells\">\n<div class=\"related-products\"><\/div>\n<\/div>","protected":false},"excerpt":{"rendered":"<p id=\"tw-target-text\" class=\"tw-data-text tw-ta tw-text-small\" dir=\"ltr\" data-placeholder=\"\u041f\u0435\u0440\u0435\u0432\u043e\u0434\"><span lang=\"ru\">Hrana completa pentru caini. O re\u021bet\u0103 de carne de porc proasp\u0103t\u0103 la gr\u0103tar la perfec\u021biune cu glucozamin\u0103 \u0219i condroitin\u0103.<\/span><\/p>","protected":false},"featured_media":12645,"template":"","meta":[],"product_cat":[129],"product_tag":[],"_links":{"self":[{"href":"https:\/\/onlinezooshop.md\/ro\/wp-json\/wp\/v2\/product\/10687"}],"collection":[{"href":"https:\/\/onlinezooshop.md\/ro\/wp-json\/wp\/v2\/product"}],"about":[{"href":"https:\/\/onlinezooshop.md\/ro\/wp-json\/wp\/v2\/types\/product"}],"wp:featuredmedia":[{"embeddable":true,"href":"https:\/\/onlinezooshop.md\/ro\/wp-json\/wp\/v2\/media\/12645"}],"wp:attachment":[{"href":"https:\/\/onlinezooshop.md\/ro\/wp-json\/wp\/v2\/media?parent=10687"}],"wp:term":[{"taxonomy":"product_cat","embeddable":true,"href":"https:\/\/onlinezooshop.md\/ro\/wp-json\/wp\/v2\/product_cat?post=10687"},{"taxonomy":"product_tag","embeddable":true,"href":"https:\/\/onlinezooshop.md\/ro\/wp-json\/wp\/v2\/product_tag?post=10687"}],"curies":[{"name":"wp","href":"https:\/\/api.w.org\/{rel}","templated":true}]}}