{"id":10706,"date":"2021-10-22T11:28:03","date_gmt":"2021-10-22T08:28:03","guid":{"rendered":"https:\/\/onlinezooshop.md\/?post_type=product&#038;p=10706"},"modified":"2025-12-17T16:03:02","modified_gmt":"2025-12-17T13:03:02","slug":"natural-chicken-with-vegetable-12-sht95-gr","status":"publish","type":"product","link":"https:\/\/onlinezooshop.md\/ro\/magazin\/natural-chicken-with-vegetable-12-sht95-gr\/","title":{"rendered":"Monge Chicken with Vegetable 12 \u0448\u0442*95 \u0433\u0440"},"content":{"rendered":"<p>Aceste produse sunt complet naturale, \u00een jeleu, f\u0103r\u0103 conservan\u021bi \u0219i coloran\u021bi, \u0219i f\u0103r\u0103 gluten. Bun pentru a ajuta c\u00e2inele s\u0103 se men\u021bin\u0103 s\u0103n\u0103tos, energic, proasp\u0103t tot timpul.<\/p>","protected":false},"excerpt":{"rendered":"<p id=\"tw-target-text\" class=\"tw-data-text tw-ta tw-text-small\" dir=\"ltr\" data-placeholder=\"\u041f\u0435\u0440\u0435\u0432\u043e\u0434\"><span lang=\"ru\">Gust de pui cu legume<\/span><\/p>\n<p class=\"tw-data-text tw-ta tw-text-small\" dir=\"ltr\" data-placeholder=\"\u041f\u0435\u0440\u0435\u0432\u043e\u0434\"><span lang=\"ru\">Aceasta este o linie dedicat\u0103 \u00een \u00eentregime hr\u0103nirii naturale, doar ingrediente naturale, atent selectate, de foarte bun\u0103 calitate, hran\u0103 complementar\u0103 pentru c\u00e2ini cu pui delicios, gust ridicat din ingrediente proaspete \u0219i de calitate, bogat\u0103 \u00een nutrien\u021bi, bogat\u0103 \u00een proteine, s\u0103rac\u0103 \u00een gr\u0103simi.\u00a0<\/span><\/p>","protected":false},"featured_media":12637,"template":"","meta":[],"product_cat":[129],"product_tag":[],"_links":{"self":[{"href":"https:\/\/onlinezooshop.md\/ro\/wp-json\/wp\/v2\/product\/10706"}],"collection":[{"href":"https:\/\/onlinezooshop.md\/ro\/wp-json\/wp\/v2\/product"}],"about":[{"href":"https:\/\/onlinezooshop.md\/ro\/wp-json\/wp\/v2\/types\/product"}],"wp:featuredmedia":[{"embeddable":true,"href":"https:\/\/onlinezooshop.md\/ro\/wp-json\/wp\/v2\/media\/12637"}],"wp:attachment":[{"href":"https:\/\/onlinezooshop.md\/ro\/wp-json\/wp\/v2\/media?parent=10706"}],"wp:term":[{"taxonomy":"product_cat","embeddable":true,"href":"https:\/\/onlinezooshop.md\/ro\/wp-json\/wp\/v2\/product_cat?post=10706"},{"taxonomy":"product_tag","embeddable":true,"href":"https:\/\/onlinezooshop.md\/ro\/wp-json\/wp\/v2\/product_tag?post=10706"}],"curies":[{"name":"wp","href":"https:\/\/api.w.org\/{rel}","templated":true}]}}