{"id":10710,"date":"2021-10-22T11:35:01","date_gmt":"2021-10-22T08:35:01","guid":{"rendered":"https:\/\/onlinezooshop.md\/?post_type=product&#038;p=10710"},"modified":"2025-12-17T15:39:52","modified_gmt":"2025-12-17T12:39:52","slug":"vet-solution-dog-dermatosis-12-sht150-gr","status":"publish","type":"product","link":"https:\/\/onlinezooshop.md\/ro\/magazin\/vet-solution-dog-dermatosis-12-sht150-gr\/","title":{"rendered":"Monge VET SOLUTION DERMATOSIS 12 \u0448\u0442*150 \u0433\u0440"},"content":{"rendered":"<p><b>Formula Fit-aroma\u00ae<\/b>\u00a0hrana pentru c\u00eeini MONGE VETSOLUTION DERMATOSIS con\u021bine\u00a0<b>aloe vera<\/b>\u00a0(concentra\u021bia minim\u0103 de manano-oligozaharide este de 95%). Mananele (polizaharidele) sunt absorbite \u00een fluxul sanguin nedigerate, p\u0103str\u00e2ndu-\u0219i forma ini\u021bial\u0103. Con\u021binutul ridicat de polizaharide din aloe vera stimuleaz\u0103 consumul de energie, limit\u00e2nd astfel inflama\u021bia, sporind imunitatea \u0219i reduc\u00e2nd depozitarea gr\u0103similor corporale. Dovedit \u0219tiin\u021bific c\u0103 extractul de aloe vera contribuie la regenerarea colagenului \u0219i la restabilirea elasticit\u0103\u021bii pielii. Prin urmare, aloe vera stimuleaz\u0103 vindecarea microleciilor \u0219i asigur\u0103 integritatea pielii. \u00cen plus, captatorii de radicali liberi g\u0103si\u021bi \u00een aloe vera sunt, de asemenea, beneficii \u00een contracararea stresului oxidativ crescut asociat cu animalele alergice. Unele dintre polizaharidele aloe vera nu sunt absorbite prin pere\u021bii tractului digestiv, ci se lipesc de celulele epiteliale. Acest lucru creeaz\u0103 o barier\u0103 care \u00eent\u0103re\u0219te conexiunile intercelulare, ceea ce previne apari\u021bia sindromului de malabsorb\u021bie legat de inflama\u021bie (sau sindromul intestinului permeabil), care este implicat \u00een dezvoltarea alimentelor.<br \/>\nalergii.<\/p>\n<p>MINERALE: datorit\u0103 complexului s\u0103u de minerale \u0219i vitamine MONGE VETSOLUTION<br \/>\nDERMATOSIS sus\u021bine \u00een mod natural func\u021bia de barier\u0103 natural\u0103 a pielii. Cu ajutorul activatorilor sistemului imunitar (nucleotide), ajut\u0103 la reglarea sensibilit\u0103\u021bii la c\u00e2ini la influen\u021bele mediului.<\/p>\n<p><b>INDICA\u021aII DE UTILIZARE:<\/b><br \/>\nReac\u021bii adverse ale furajelor, dermatit\u0103 atopic\u0103, prurit, tulbur\u0103ri de keratinizare, seboree, infec\u021bii bacteriene \u0219i fungice secundare, neoplasme ale pielii (neoplazie).<\/p>\n<p><b>Contraindica\u021bii<\/b><br \/>\nPancreatit\u0103, hiperlipidemie.<\/p>\n<p><b>Ingrediente<\/b>: ficat de porc, carne de porc, tapioca, grasime animala (99,5% grasime rafinata de porc), ulei de peste (99,5% ulei de somon rafinat), minerale, fibre de mazare, drojdie hidrolizata 1% (din care nucleotide libere - min. 44%), xilooligozaharide (XOS 0,4%), aloe vera uscat\u0103 (0,01%).<\/p>\n<p><b>Valoare nutritionala<\/b>: protein\u0103 brut\u0103 7,2%, fibre brute 0,3%, gr\u0103simi brute 6,5%, cenu\u0219\u0103 brut\u0103 2,3%, umiditate 76%, acizi gra\u0219i omega-3 0,2%, acizi gra\u0219i omega -6 - 0,8%.<\/p>\n<p><b>Recomand\u0103ri pentru hr\u0103nire<\/b>: Rata de hr\u0103nire \u0219i perioada de aplicare a dietei trebuie prescrise de medicul veterinar. Pentru un c\u00e2ine adult care c\u00e2nt\u0103re\u0219te 10 kg, ave\u021bi nevoie de aproximativ 600 g de produs pe zi. Durata recomandat\u0103 a ra\u021biei alimentare: p\u00e2n\u0103 la 2 luni. Se recomand\u0103 aducerea produsului la temperatura camerei \u00eenainte de utilizare. P\u0103stra\u021bi ambalajul deschis \u00een frigider pentru cel mult 24 de ore.<\/p>","protected":false},"excerpt":{"rendered":"<div class=\"woocommerce-product-details__short-description\">\n<p>Dieta umeda pentru caini cu afectiuni ale pielii<\/p>\n<p><b>MONGE VETSOLUTION DERMATOSIS\u00a0<\/b>- hrana dietetica completa conservata pentru caini. Conceput pentru a sus\u021bine func\u021bia pielii \u00een dermatoz\u0103 \u0219i c\u0103derea excesiv\u0103 a p\u0103rului la c\u00e2ini. Con\u021bine nucleotide pentru sus\u021binerea sistemului imunitar, aloe vera pentru \u00eembun\u0103t\u0103\u021birea s\u0103n\u0103t\u0103\u021bii pielii, prebiotice xilooligozaharide (XOS) pentru a stimula cre\u0219terea \u0219i dezvoltarea bacteriilor benefice \u0219i este bogat \u00een acizi gra\u0219i esen\u021biali.<\/p>\n<\/div>\n<form class=\"cart\" action=\"http:\/\/zooroyal.md\/ru\/shop\/%d0%b4%d0%bb%d1%8f-%d1%81%d0%be%d0%b1%d0%b0%d0%ba\/monge-vetsolution-dog-dermatosis-150gr\/\" enctype=\"multipart\/form-data\" method=\"post\" data-trp-original-action=\"http:\/\/zooroyal.md\/ru\/shop\/%d0%b4%d0%bb%d1%8f-%d1%81%d0%be%d0%b1%d0%b0%d0%ba\/monge-vetsolution-dog-dermatosis-150gr\/\">\n<div class=\"quantity\"><\/div>\n<input type=\"hidden\" name=\"trp-form-language\" value=\"ro\"\/><\/form>","protected":false},"featured_media":12631,"template":"","meta":[],"product_cat":[129],"product_tag":[],"_links":{"self":[{"href":"https:\/\/onlinezooshop.md\/ro\/wp-json\/wp\/v2\/product\/10710"}],"collection":[{"href":"https:\/\/onlinezooshop.md\/ro\/wp-json\/wp\/v2\/product"}],"about":[{"href":"https:\/\/onlinezooshop.md\/ro\/wp-json\/wp\/v2\/types\/product"}],"wp:featuredmedia":[{"embeddable":true,"href":"https:\/\/onlinezooshop.md\/ro\/wp-json\/wp\/v2\/media\/12631"}],"wp:attachment":[{"href":"https:\/\/onlinezooshop.md\/ro\/wp-json\/wp\/v2\/media?parent=10710"}],"wp:term":[{"taxonomy":"product_cat","embeddable":true,"href":"https:\/\/onlinezooshop.md\/ro\/wp-json\/wp\/v2\/product_cat?post=10710"},{"taxonomy":"product_tag","embeddable":true,"href":"https:\/\/onlinezooshop.md\/ro\/wp-json\/wp\/v2\/product_tag?post=10710"}],"curies":[{"name":"wp","href":"https:\/\/api.w.org\/{rel}","templated":true}]}}