{"id":10713,"date":"2021-10-22T11:37:17","date_gmt":"2021-10-22T08:37:17","guid":{"rendered":"https:\/\/onlinezooshop.md\/?post_type=product&#038;p=10713"},"modified":"2025-12-17T15:39:22","modified_gmt":"2025-12-17T12:39:22","slug":"vet-solution-dog-gastrointestinal-12-sht150-gr","status":"publish","type":"product","link":"https:\/\/onlinezooshop.md\/ro\/magazin\/vet-solution-dog-gastrointestinal-12-sht150-gr\/","title":{"rendered":"Monge VET SOLUTION GASTROINTESTINAL 12 \u0448\u0442*150 \u0433\u0440"},"content":{"rendered":"<p><b>Formula Fit-aroma\u00ae<\/b>\u00a0hrana pentru c\u00eeini  MONGE VETSOLUTION GASTROINTESTINAL con\u021bine extract natural<b>castan de cal comun<\/b>, care are efect antispastic, determin\u00e2nd modularea receptorilor colinergici \u0219i a canalelor de calciu la nivel intestinal. De asemenea, are propriet\u0103\u021bi astringente, datorit\u0103 c\u0103rora peristaltismul intestinal \u00eencetine\u0219te \u0219i se \u00eembun\u0103t\u0103\u021be\u0219te activitatea enzimelor digestive.<br \/>\nEfectele benefice ale castanului de cal se datoreaza proprietatilor componentei sale principale, escina. Escina vindec\u0103 afectarea mucoasei intestinale \u0219i cre\u0219te biosinteza proteinelor jonc\u021biunilor intercelulare dense, ceea ce \u00eenseamn\u0103 c\u0103 extractul de castan de cal suprim\u0103 eficient inflama\u021bia acut\u0103.<\/p>\n<p><b>INDICA\u021aII DE UTILIZARE:<\/b><\/p>\n<ul>\n<li>gastrit\u0103 acut\u0103 \u0219i cronic\u0103,<\/li>\n<li>tulbur\u0103ri de motilitate stomacal\u0103,<\/li>\n<li>enterit\u0103,<\/li>\n<li>boala inflamatorie intestinala,<\/li>\n<li>enteropatie cu pierdere de proteine,<\/li>\n<li>sindromul intestinului scurt,<\/li>\n<li>cre\u0219terea excesiv\u0103 a bacteriilor \u00een intestinul sub\u021bire,<\/li>\n<li>colita,<\/li>\n<li>pancreatit\u0103 acut\u0103 \u0219i cronic\u0103 (pentru c\u00e2ini, NU obezi \u0219i hipertrigliceridemie).<\/li>\n<\/ul>\n<p><b>\u00a0Contraindica\u021bii<\/b><br \/>\nPancreatit\u0103 acut\u0103 \u0219i cronic\u0103 (pentru c\u00e2inii cu obezitate \u0219i hipertrigliceridemie), lacta\u021bie, sarcin\u0103, cre\u0219tere.<\/p>\n<p><b>Ingrediente<\/b>: ficat de porc (20%), maz\u0103re deshidratat\u0103, ou\u0103 uscate 4%, tapioca, minerale, ulei de pe\u0219te (99,5% ulei de somon purificat), protein\u0103 din cartofi, drojdie hidrolizat\u0103 1% (din care nucleotide libere - cel pu\u021bin 44%), psyllium seminte 0,5%, xilooligozaharide (XOS 0,4%), fibre de mazare, castan de cal uscat (0,01%). Ingrediente u\u0219or digerabile: ficat de porc \u0219i ou\u0103. Surs\u0103 de agen\u021bi de gelifiere: semin\u021be de p\u0103tlagin\u0103.<\/p>\n<p><b>Valoare nutritionala<\/b>: protein\u0103 brut\u0103 6,5%, fibre brute 0,5%, gr\u0103simi brute 3,6%, cenu\u0219\u0103 brut\u0103 0,9%, umiditate 76%, sodiu 0,09%, potasiu 0,2%.<\/p>\n<p><b>Aditivi nutritivi \/ kg:<\/b>: vitamina D3: 450 UI, vitamina E (acetat de alfa-tocoferol): 50 mg, seleniu (selenit de sodiu 0,08 mg): 0,04 mg, mangan (sulfat de mangan monohidrat 27,6 mg): 9 mg, zinc (oxid de zinc 52 mg): 42 mg, cupru (sulfat de cupru (II) pentahidrat 13 mg): 3 mg, fier (sulfat de fier (II) monohidrat 42 mg): 14 mg, iod (iodat de calciu anhidru 2,7 mg): 1,8 mg, L-cistina: 600 mg, DL-metionin\u0103 pur\u0103 din punct de vedere tehnic - 300 mg, L-carnitin\u0103: 300 mg, taurin\u0103 - 200 mg.<\/p>","protected":false},"excerpt":{"rendered":"<div class=\"woocommerce-product-details__short-description\">\n<p>Dieta umed\u0103 pentru c\u00e2ini cu tulbur\u0103ri gastro-intestinale<\/p>\n<\/div>\n<form class=\"cart\" action=\"http:\/\/zooroyal.md\/ru\/shop\/%d0%b4%d0%bb%d1%8f-%d1%81%d0%be%d0%b1%d0%b0%d0%ba\/monge-vetsolution-dog-gastrointestinal-150gr\/\" enctype=\"multipart\/form-data\" method=\"post\" data-trp-original-action=\"http:\/\/zooroyal.md\/ru\/shop\/%d0%b4%d0%bb%d1%8f-%d1%81%d0%be%d0%b1%d0%b0%d0%ba\/monge-vetsolution-dog-gastrointestinal-150gr\/\">\n<div class=\"quantity\"><b>MONGE VETSOLUTION GASTROINTESTINAL Low Fat\u00a0<\/b>\u2013 \u043f\u043e\u043b\u043d\u043e\u0440\u0430\u0446\u0438\u043e\u043d\u043d\u044b\u0439 \u043a\u043e\u043d\u0441\u0435\u0440\u0432\u0438\u0440\u043e\u0432\u0430\u043d\u043d\u044b\u0439 \u0434\u0438\u0435\u0442\u0438\u0447\u0435\u0441\u043a\u0438\u0439 \u043a\u043e\u0440\u043c \u0434\u043b\u044f \u0441\u043e\u0431\u0430\u043a. \u0420\u0430\u0437\u0440\u0430\u0431\u043e\u0442\u0430\u043d\u043d\u044b\u0439 \u0434\u043b\u044f \u0443\u043c\u0435\u043d\u044c\u0448\u0435\u043d\u0438\u044f \u043e\u0441\u0442\u0440\u044b\u0445 \u043a\u0438\u0448\u0435\u0447\u043d\u044b\u0445 \u0440\u0430\u0441\u0441\u0442\u0440\u043e\u0439\u0441\u0442\u0432 \u0438 \u043a\u043e\u043c\u043f\u0435\u043d\u0441\u0430\u0446\u0438\u0438 \u043d\u0430\u0440\u0443\u0448\u0435\u043d\u0438\u044f \u043f\u0438\u0449\u0435\u0432\u0430\u0440\u0435\u043d\u0438\u044f. \u0421\u043e\u0434\u0435\u0440\u0436\u0438\u0442 \u043d\u0443\u043a\u043b\u0435\u043e\u0442\u0438\u0434\u044b \u0434\u043b\u044f \u043f\u043e\u0434\u0434\u0435\u0440\u0436\u0430\u043d\u0438\u044f \u0438\u043c\u043c\u0443\u043d\u043d\u043e\u0439 \u0441\u0438\u0441\u0442\u0435\u043c\u044b, \u043a\u043e\u043d\u0441\u043a\u0438\u0439 \u043a\u0430\u0448\u0442\u0430\u043d \u0434\u043b\u044f \u043f\u043e\u0434\u0434\u0435\u0440\u0436\u043a\u0438 \u0444\u0443\u043d\u043a\u0446\u0438\u043e\u043d\u0438\u0440\u043e\u0432\u0430\u043d\u0438\u044f \u043a\u0438\u0448\u0435\u0447\u043d\u0438\u043a\u0430, \u043a\u0441\u0438\u043b\u043e\u043e\u043b\u0438\u0433\u043e\u0441\u0430\u0445\u0430\u0440\u0438\u0434\u044b (XOS) \u043f\u0440\u0435\u0431\u0438\u043e\u0442\u0438\u043a\u0438 \u0434\u043b\u044f \u0441\u0442\u0438\u043c\u0443\u043b\u044f\u0446\u0438\u0438 \u0440\u043e\u0441\u0442\u0430 \u0438 \u0440\u0430\u0437\u0432\u0438\u0442\u0438\u044f \u043f\u043e\u043b\u0435\u0437\u043d\u044b\u0445 \u0431\u0430\u043a\u0442\u0435\u0440\u0438\u0439, \u043e\u0431\u0435\u0441\u043f\u0435\u0447\u0438\u0432\u0430\u044f \u043f\u043e\u0432\u044b\u0448\u0435\u043d\u043d\u044b\u0439 \u0443\u0440\u043e\u0432\u0435\u043d\u044c \u0441\u043e\u0434\u0435\u0440\u0436\u0430\u043d\u0438\u044f \u044d\u043b\u0435\u043a\u0442\u0440\u043e\u043b\u0438\u0442\u043e\u0432, \u043a\u0430\u043b\u044c\u0446\u0438\u0439 \u0438 \u0432\u043e\u0434\u043e- \u0438 \u0436\u0438\u0440\u043e\u0440\u0430\u0441\u0442\u0432\u043e\u0440\u0438\u043c\u044b\u0435 \u0432\u0438\u0442\u0430\u043c\u0438\u043d\u044b. \u0425\u0430\u0440\u0430\u043a\u0442\u0435\u0440\u0438\u0437\u0443\u0435\u0442\u0441\u044f \u043f\u043e\u043d\u0438\u0436\u0435\u043d\u043d\u044b\u043c \u0443\u0440\u043e\u0432\u043d\u0435\u043c \u0441\u043e\u0434\u0435\u0440\u0436\u0430\u043d\u0438\u044f \u0436\u0438\u0440\u043e\u0432.<\/div>\n<input type=\"hidden\" name=\"trp-form-language\" value=\"ro\"\/><\/form>","protected":false},"featured_media":12632,"template":"","meta":[],"product_cat":[129],"product_tag":[],"_links":{"self":[{"href":"https:\/\/onlinezooshop.md\/ro\/wp-json\/wp\/v2\/product\/10713"}],"collection":[{"href":"https:\/\/onlinezooshop.md\/ro\/wp-json\/wp\/v2\/product"}],"about":[{"href":"https:\/\/onlinezooshop.md\/ro\/wp-json\/wp\/v2\/types\/product"}],"wp:featuredmedia":[{"embeddable":true,"href":"https:\/\/onlinezooshop.md\/ro\/wp-json\/wp\/v2\/media\/12632"}],"wp:attachment":[{"href":"https:\/\/onlinezooshop.md\/ro\/wp-json\/wp\/v2\/media?parent=10713"}],"wp:term":[{"taxonomy":"product_cat","embeddable":true,"href":"https:\/\/onlinezooshop.md\/ro\/wp-json\/wp\/v2\/product_cat?post=10713"},{"taxonomy":"product_tag","embeddable":true,"href":"https:\/\/onlinezooshop.md\/ro\/wp-json\/wp\/v2\/product_tag?post=10713"}],"curies":[{"name":"wp","href":"https:\/\/api.w.org\/{rel}","templated":true}]}}