{"id":10715,"date":"2021-10-22T11:39:20","date_gmt":"2021-10-22T08:39:20","guid":{"rendered":"https:\/\/onlinezooshop.md\/?post_type=product&#038;p=10715"},"modified":"2025-12-17T15:38:16","modified_gmt":"2025-12-17T12:38:16","slug":"vet-solution-dog-recovery-12-sht150-gr","status":"publish","type":"product","link":"https:\/\/onlinezooshop.md\/ro\/magazin\/vet-solution-dog-recovery-12-sht150-gr\/","title":{"rendered":"Monge VET SOLUTION RECOVERY 12 \u0448\u0442*150 \u0433\u0440"},"content":{"rendered":"<p><b>Formula Fit-aroma\u00ae\u00a0<\/b>hrana pentru c\u00eeini MONGE VETSOLUTION RECOVERY con\u021bine\u00a0<b>extract de ciulin de lapte<\/b>, care are o serie de efecte sistemice pozitive asupra organismului animal. Silibina (ingredientul activ din extractul de ciulin de lapte) elimin\u0103 radicalii liberi prin suprimarea peroxid\u0103rii<br \/>\nlipide \u0219i previne inflama\u021bia.<\/p>\n<p><b>INDICA\u021aII DE UTILIZARE:<\/b><\/p>\n<ul>\n<li>anorexie,<\/li>\n<li>ca\u0219exie,<\/li>\n<li>lipsa poftei de m\u00eencare,<\/li>\n<li>sprijinul procesului de recuperare,<\/li>\n<li>rac,<\/li>\n<li>v\u0103t\u0103mare grav\u0103.<\/li>\n<\/ul>\n<p><b>Contraindica\u021bii<\/b><br \/>\nPancreatit\u0103 acut\u0103 \u0219i cronic\u0103 (pentru c\u00e2inii obezi cu hipertrigliceridemie).<\/p>\n<p><b>Ingrediente<\/b>: ficat de pui 20%, carne de porc, proteine \u200b\u200bde cartofi, ou uscat 4%, tapioca, minerale, ulei de peste (99,5% ulei de somon purificat), grasime animala (99,5% grasime de porc purificata), drojdie hidrolizata 1% (din care nucleotide libere). - minim 44%), xilooligozaharide (XOS 0,4%), seminte de ciulin de lapte (0,03%). Ingrediente usor de digerat: ficat de pui si ou.<br \/>\n<b>Valoare nutritionala<\/b>: protein\u0103 brut\u0103 10,1%, fibre brute 0,3%, gr\u0103simi brute 7,1%, cenu\u0219\u0103 brut\u0103 1,4%, umiditate 76%, acizi gra\u0219i omega-3 0,2%, acizi gra\u0219i omega-6 1, 3%.<br \/>\n<b>Valoarea energetic\u0103<\/b>: 1230 kcal\/kg.<\/p>\n<p><b>Aditivi nutritivi \/ kg:<\/b>\u00a0vitamina D3: 450 UI, vitamina E (acetat de alfa-tocoferol): 50 mg, seleniu (selenit de sodiu 0,08 mg): 0,04 mg, mangan (sulfat de mangan monohidrat 27,6 mg): 9 mg, zinc (oxid de zinc 52 mg): 42 mg, cupru (sulfat de cupru (II) pentahidrat 13 mg): 3 mg, fier (sulfat de fier (II) monohidrat 42 mg): 14 mg, iod (iodat de calciu anhidru 2,7 mg): 1 , 8 mg, L-cistina: 600 mg, DL-metionin\u0103 pur\u0103 din punct de vedere tehnic - 300 mg, L-carnitin\u0103: 300 mg, taurin\u0103 - 200 mg.<\/p>","protected":false},"excerpt":{"rendered":"<div class=\"woocommerce-product-details__short-description\">\n<p>Diet\u0103 umed\u0103 pentru c\u00e2ini dup\u0103 opera\u021bii \u0219i r\u0103ni<\/p>\n<\/div>\n<form class=\"cart\" action=\"http:\/\/zooroyal.md\/ru\/shop\/%d0%b4%d0%bb%d1%8f-%d1%81%d0%be%d0%b1%d0%b0%d0%ba\/monge-vetsolution-dog-recovery-150gr\/\" enctype=\"multipart\/form-data\" method=\"post\" data-trp-original-action=\"http:\/\/zooroyal.md\/ru\/shop\/%d0%b4%d0%bb%d1%8f-%d1%81%d0%be%d0%b1%d0%b0%d0%ba\/monge-vetsolution-dog-recovery-150gr\/\">\n<div class=\"quantity\"><b>MONGE VETSOLUTION RECOVERY\u00a0<\/b>\u043f\u043e\u043b\u043d\u043e\u0440\u0430\u0446\u0438\u043e\u043d\u043d\u044b\u0439 \u043a\u043e\u043d\u0441\u0435\u0440\u0432\u0438\u0440\u043e\u0432\u0430\u043d\u043d\u044b\u0439 \u0434\u0438\u0435\u0442\u0438\u0447\u0435\u0441\u043a\u0438\u0439 \u043a\u043e\u0440\u043c \u0434\u043b\u044f \u0441\u043e\u0431\u0430\u043a. \u0420\u0430\u0437\u0440\u0430\u0431\u043e\u0442\u0430\u043d\u043d\u044b\u0439 \u0434\u043b\u044f \u0432\u043e\u0441\u0441\u0442\u0430\u043d\u043e\u0432\u043b\u0435\u043d\u0438\u044f \u043f\u0438\u0442\u0430\u043d\u0438\u044f \u0432 \u043f\u0435\u0440\u0438\u043e\u0434 \u0432\u044b\u0437\u0434\u043e\u0440\u043e\u0432\u043b\u0435\u043d\u0438\u044f. \u0421\u043e\u0434\u0435\u0440\u0436\u0438\u0442 \u043d\u0443\u043a\u043b\u0435\u043e\u0442\u0438\u0434\u044b \u0434\u043b\u044f \u043f\u043e\u0434\u0434\u0435\u0440\u0436\u0430\u043d\u0438\u044f \u0438\u043c\u043c\u0443\u043d\u043d\u043e\u0439 \u0441\u0438\u0441\u0442\u0435\u043c\u044b, \u0441\u0435\u043c\u0435\u043d\u0430 \u0440\u0430\u0441\u0442\u043e\u0440\u043e\u043f\u0448\u0438 \u0441\u043f\u043e\u0441\u043e\u0431\u0441\u0442\u0432\u0443\u044e\u0442 \u043f\u0440\u043e\u0446\u0435\u0441\u0441\u0443 \u0432\u043e\u0441\u0441\u0442\u0430\u043d\u043e\u0432\u043b\u0435\u043d\u0438\u044f, \u043a\u0441\u0438\u043b\u043e\u043e\u043b\u0438\u0433\u043e\u0441\u0430\u0445\u0430\u0440\u0438\u0434\u044b (XOS) \u043f\u0440\u0435\u0431\u0438\u043e\u0442\u0438\u043a\u0438 \u0434\u043b\u044f \u0441\u0442\u0438\u043c\u0443\u043b\u044f\u0446\u0438\u0438 \u0440\u043e\u0441\u0442\u0430 \u0438 \u0440\u0430\u0437\u0432\u0438\u0442\u0438\u044f \u043f\u043e\u043b\u0435\u0437\u043d\u044b\u0445 \u0431\u0430\u043a\u0442\u0435\u0440\u0438\u0439. \u0424\u043e\u0440\u043c\u0443\u043b\u0430 \u0438\u043c\u0435\u0435\u0442 \u0432\u044b\u0441\u043e\u043a\u0443\u044e \u044d\u043d\u0435\u0440\u0433\u0435\u0442\u0438\u0447\u0435\u0441\u043a\u0443\u044e \u0446\u0435\u043d\u043d\u043e\u0441\u0442\u044c, \u0445\u0430\u0440\u0430\u043a\u0442\u0435\u0440\u0438\u0437\u0443\u0435\u0442\u0441\u044f \u0432\u044b\u0441\u043e\u043a\u0438\u043c \u0441\u043e\u0434\u0435\u0440\u0436\u0430\u043d\u0438\u0435\u043c \u043f\u0438\u0442\u0430\u0442\u0435\u043b\u044c\u043d\u044b\u0445 \u0432\u0435\u0449\u0435\u0441\u0442\u0432 \u0438 \u043b\u0435\u0433\u043a\u043e\u0443\u0441\u0432\u043e\u044f\u0435\u043c\u044b\u0445 \u0438\u043d\u0433\u0440\u0435\u0434\u0438\u0435\u043d\u0442\u043e\u0432.<\/div>\n<input type=\"hidden\" name=\"trp-form-language\" value=\"ro\"\/><\/form>","protected":false},"featured_media":12633,"template":"","meta":[],"product_cat":[129],"product_tag":[],"_links":{"self":[{"href":"https:\/\/onlinezooshop.md\/ro\/wp-json\/wp\/v2\/product\/10715"}],"collection":[{"href":"https:\/\/onlinezooshop.md\/ro\/wp-json\/wp\/v2\/product"}],"about":[{"href":"https:\/\/onlinezooshop.md\/ro\/wp-json\/wp\/v2\/types\/product"}],"wp:featuredmedia":[{"embeddable":true,"href":"https:\/\/onlinezooshop.md\/ro\/wp-json\/wp\/v2\/media\/12633"}],"wp:attachment":[{"href":"https:\/\/onlinezooshop.md\/ro\/wp-json\/wp\/v2\/media?parent=10715"}],"wp:term":[{"taxonomy":"product_cat","embeddable":true,"href":"https:\/\/onlinezooshop.md\/ro\/wp-json\/wp\/v2\/product_cat?post=10715"},{"taxonomy":"product_tag","embeddable":true,"href":"https:\/\/onlinezooshop.md\/ro\/wp-json\/wp\/v2\/product_tag?post=10715"}],"curies":[{"name":"wp","href":"https:\/\/api.w.org\/{rel}","templated":true}]}}