{"id":10717,"date":"2021-10-22T11:45:53","date_gmt":"2021-10-22T08:45:53","guid":{"rendered":"https:\/\/onlinezooshop.md\/?post_type=product&#038;p=10717"},"modified":"2025-12-15T14:58:08","modified_gmt":"2025-12-15T11:58:08","slug":"vetsolution-cat-urinary-struvite-12-sht100-gr","status":"publish","type":"product","link":"https:\/\/onlinezooshop.md\/ro\/magazin\/vetsolution-cat-urinary-struvite-12-sht100-gr\/","title":{"rendered":"Monge VET SOLUTION CAT URINARY \u0421\u0422\u0420\u0423\u0412\u0418\u0422 12 \u0448\u0442*100 \u0433\u0440"},"content":{"rendered":"<p>Complexul Fit-aroma\u00ae din Monge Vetsolution Urinary Struvite con\u021bine extract de meri\u0219or, care este bogat \u00een proantocianidine (PAC). Datorit\u0103 structurii lor moleculare unice, PAC se leag\u0103 de adezine (factori de virulen\u021b\u0103 care asigur\u0103 ata\u0219area bacteriilor la celulele uroepiteliale). Ac\u0163ioneaz\u0103 prin inhibarea diferitelor tipuri de adezine (adezine MR \u015fi MS) de pe suprafa\u0163a viloas\u0103 a bacteriilor. Fructoza inhib\u0103 MS-adezina fimbrial\u0103; un inhibitor cu greutate molecular\u0103 mare ucide adezinele MR, prevenind colonizarea vezicii urinare. proantocianidinele oligomerice pot preveni deteriorarea peroxidativ\u0103 indus\u0103 de struvit prin restabilirea activit\u0103\u021bii enzimelor antioxidante intracelulare.<br \/>\nDe\u0219i struvitul \u201esteril\u201d este cel mai frecvent tip de urolit la pisicile adulte, la aproximativ o treime (28,6%) dintre pisici, urolitiaza este asociat\u0103 cu bacteriurie semnificativ\u0103 (infec\u021bie bacterian\u0103 a tractului urinar - UTI). Cel mai frecvent tip de bacterie g\u0103sit este Escherichia coli. Reprezint\u0103 jum\u0103tate p\u00e2n\u0103 la 2\/3 din infec\u021bii. Pietrele de struvit pot fi dizolvate prin crearea unui pH acid al urinei, prin cre\u0219terea volumului de urin\u0103 \u0219i prin utilizarea alimentelor cu con\u021binut sc\u0103zut de magneziu \u0219i fosfor. Cu toate acestea, oxidan\u021bii de urin\u0103 nu previn infec\u021biile urinare bacteriene.<\/p>\n<p><b>Indicatii de utilizare:<\/b><br \/>\nUrolitiaza struvit, cistita idiopatica la pisici.<\/p>\n<p><b>Contraindica\u021bii:<\/b><br \/>\nPerioada de sarcin\u0103, al\u0103ptare \u0219i cre\u0219tere, coordonarea acidit\u0103\u021bii urinei, uroli\u021bi de oxalat de calciu, hipertensiune arterial\u0103, insuficien\u021b\u0103 cardiac\u0103.<\/p>\n<p><b>Ingrediente<\/b>: ficat de pui, gr\u0103sime animal\u0103 (99,5% gr\u0103sime de porc purificat\u0103), tapioca, ou uscat, somon, protein\u0103 din cartofi, ulei de pe\u0219te (99,5% ulei de somon purificat), protein\u0103 animal\u0103 hidrolizat\u0103, minerale, drojdie hidrolizat\u0103 1% (din care nucleotide libere sunt cel pu\u021bin 44%), fibre de maz\u0103re, xilooligozaharide (XOS 0,4%), meri\u0219oare uscate (0,02%).<\/p>\n<p><b>Valoare nutritionala<\/b>: protein\u0103 brut\u0103 8,7%, fibre brute 0,6%, gr\u0103simi brute 6,7%, cenu\u0219\u0103 brut\u0103 1,9%, umiditate 75%, calciu 0,25%, fosfor 0,11%, sodiu 0,2%, magneziu 0,01%, potasiu 0,10%, sulf 0,48%, cloruri. 0,02%, taurin\u0103 total\u0103 0,13%. Componente acidifiante a urinei: DL-metionina.<\/p>\n<p><b>Recomand\u0103ri pentru hr\u0103nire<\/b>: Rata de hr\u0103nire \u0219i perioada de aplicare a dietei trebuie prescrise de medicul veterinar. Este necesar s\u0103 se asigure accesul liber al animalului la ap\u0103 curat\u0103, proasp\u0103t\u0103. Perioada recomandat\u0103 de utilizare pentru dizolvarea uroli\u021bilor sterili de tip struvit este de la 2 p\u00e2n\u0103 la 4 s\u0103pt\u0103m\u00e2ni, pentru dizolvarea struvitei pe fondul infec\u021biei - p\u00e2n\u0103 la 8 s\u0103pt\u0103m\u00e2ni. \u00cen perioada de aplicare a dietei, se recomand\u0103 efectuarea unei examin\u0103ri a animalului (analiza urinei, radiografie a cavit\u0103\u021bii abdominale \u00een proiec\u021bie lateral\u0103) la fiecare 4 s\u0103pt\u0103m\u00e2ni, p\u00e2n\u0103 c\u00e2nd uroli\u021bii sunt complet dizolva\u021bi. Dup\u0103 finalizarea cursului de tratament cu dieta Monge Vetsolution Urinary Struvite, se recomand\u0103 utilizarea dietei MONGE CAT URINARY.<br \/>\nSe recomand\u0103 aducerea produsului la temperatura camerei \u00eenainte de utilizare. P\u0103stra\u021bi ambalajul deschis \u00een frigider pentru cel mult 24 de ore.<\/p>","protected":false},"excerpt":{"rendered":"<div class=\"woocommerce-product-details__short-description\">\n<p>Dieta umeda pentru prevenirea si tratarea urolitiaza struvite<\/p>\n<p><b>Monge Vetsolution Urinary Struvite<\/b>\u00a0hran\u0103 dietetic\u0103 complet\u0103 conservat\u0103 pentru pisici. Conceput pentru a dizolva pietrele de struvit\u0103 \u0219i pentru a preveni reapari\u021bia acestora \u0219i pentru a trata sindromul urologic la pisici cu nutri\u021bie. Con\u021bine nucleotide pentru sus\u021binerea sistemului imunitar, meri\u0219oare pentru a sus\u021bine s\u0103n\u0103tatea tractului urinar, prebiotice Xilooligozaharide (XOS) pentru a stimula cre\u0219terea \u0219i dezvoltarea bacteriilor benefice, formula are un con\u021binut sc\u0103zut de magneziu \u0219i ajut\u0103 la acidificarea urinei.<\/p>\n<\/div>\n<form class=\"cart\" action=\"http:\/\/zooroyal.md\/ru\/shop\/%d0%b4%d0%bb%d1%8f-%d0%ba%d0%be%d1%88%d0%b5%d0%ba\/monge-vetsolution-cat-urinary-struvite-100gr\/\" enctype=\"multipart\/form-data\" method=\"post\" data-trp-original-action=\"http:\/\/zooroyal.md\/ru\/shop\/%d0%b4%d0%bb%d1%8f-%d0%ba%d0%be%d1%88%d0%b5%d0%ba\/monge-vetsolution-cat-urinary-struvite-100gr\/\">\n<div class=\"quantity\"><\/div>\n<input type=\"hidden\" name=\"trp-form-language\" value=\"ro\"\/><\/form>","protected":false},"featured_media":12516,"template":"","meta":[],"product_cat":[127],"product_tag":[],"_links":{"self":[{"href":"https:\/\/onlinezooshop.md\/ro\/wp-json\/wp\/v2\/product\/10717"}],"collection":[{"href":"https:\/\/onlinezooshop.md\/ro\/wp-json\/wp\/v2\/product"}],"about":[{"href":"https:\/\/onlinezooshop.md\/ro\/wp-json\/wp\/v2\/types\/product"}],"wp:featuredmedia":[{"embeddable":true,"href":"https:\/\/onlinezooshop.md\/ro\/wp-json\/wp\/v2\/media\/12516"}],"wp:attachment":[{"href":"https:\/\/onlinezooshop.md\/ro\/wp-json\/wp\/v2\/media?parent=10717"}],"wp:term":[{"taxonomy":"product_cat","embeddable":true,"href":"https:\/\/onlinezooshop.md\/ro\/wp-json\/wp\/v2\/product_cat?post=10717"},{"taxonomy":"product_tag","embeddable":true,"href":"https:\/\/onlinezooshop.md\/ro\/wp-json\/wp\/v2\/product_tag?post=10717"}],"curies":[{"name":"wp","href":"https:\/\/api.w.org\/{rel}","templated":true}]}}