{"id":10720,"date":"2021-10-22T11:52:09","date_gmt":"2021-10-22T08:52:09","guid":{"rendered":"https:\/\/onlinezooshop.md\/?post_type=product&#038;p=10720"},"modified":"2022-10-11T10:19:04","modified_gmt":"2022-10-11T07:19:04","slug":"vet-solution-cat-dermatosis-12-sht100-gr","status":"publish","type":"product","link":"https:\/\/onlinezooshop.md\/ro\/magazin\/vet-solution-cat-dermatosis-12-sht100-gr\/","title":{"rendered":"Monge VET SOLUTION CAT \u0414\u0415\u0420\u041c\u0410\u0422\u041e\u0417 12 \u0448\u0442*100 \u0433\u0440"},"content":{"rendered":"<p><b>Formula Fit-aroma\u00ae\u00a0<\/b>\u00een hrana pentru pisici Monge Vetsolution Dermatosis con\u021bine aloe vera<b>.<\/b>\u00a0S-a dovedit \u0219tiin\u021bific c\u0103 extractul de aloe vera ajut\u0103 la regenerarea colagenului \u0219i la restabilirea rezisten\u021bei \u0219i elasticit\u0103\u021bii pielii. Aloe vera stimuleaz\u0103 vindecarea micro-leziunilor pielii prin asigurarea interac\u021biunii leucocite-endoteliale \u0219i modificarea nivelului de interleukine. \u00cen plus, aloe vera, prin cre\u0219terea sintezei de colagen de tip III, cre\u0219te con\u021binutul de colagen din \u021besutul de granula\u021bie (precum \u0219i capacitatea acestuia de a forma leg\u0103turi intermoleculare) \u0219i astfel cre\u0219te elasticitatea pielii. Concentra\u021bia minim\u0103 de mananoligozaharide din complexul de aloe vera din hrana pentru dieta Monge Vetsolution Dermatosis este de 95%. Mananele (polizaharidele) sunt absorbite \u00een fluxul sanguin nedigerate, p\u0103str\u00e2ndu-\u0219i forma ini\u021bial\u0103. Unele dintre polizaharidele aloe vera nu sunt absorbite prin pere\u021bii tractului digestiv, ci se lipesc de celulele epiteliului s\u0103u. Acest lucru creeaz\u0103 o barier\u0103 care \u00eent\u0103re\u0219te conexiunile intercelulare, ceea ce previne apari\u021bia sindromului de malabsorb\u021bie legat de inflama\u021bie (sau sindromul intestinului permeabil), care este implicat \u00een dezvoltarea alergiilor alimentare.<\/p>\n<p><b>Indicatii de utilizare:<\/b><br \/>\nReac\u021bii adverse ale furajelor, dermatit\u0103 atopic\u0103, prurit, tulbur\u0103ri de keratinizare, seboree, infec\u021bii bacteriene \u0219i fungice secundare, neoplasme ale pielii (neoplazie).<\/p>\n<p><b>Precau\u021bii:<\/b><br \/>\nPancreatit\u0103, hiperlipidemie.<\/p>\n<p><b>Ingrediente<\/b>: ficat de porc, carne de porc, tapioca, gr\u0103sime animal\u0103 (99,5% gr\u0103sime de porc purificat\u0103), ulei de pe\u0219te (99,5% ulei de somon purificat), proteine \u200b\u200banimale hidrolizate, minerale, drojdie hidrolizat\u0103 1% (din care nucleotide libere min. 44%), xilooligozaharide (XOS 0,4%), dextroz\u0103, aloe vera uscat\u0103 (0,01%), fibre de maz\u0103re.<\/p>\n<p><b>Valoare nutritionala<\/b>: protein\u0103 brut\u0103 7,8%, fibre brute 0,1%, gr\u0103simi brute 6,5%, cenu\u0219\u0103 brut\u0103 2,7%, umiditate 76%, acizi gra\u0219i omega-3 0,2%, acizi gra\u0219i omega-6 0,6%.<\/p>\n<p><b>Recomand\u0103ri pentru hr\u0103nire<\/b>: Rata de hr\u0103nire \u0219i perioada de aplicare a dietei trebuie prescrise de medicul veterinar. Durata recomandat\u0103 a ra\u021biei alimentare: p\u00e2n\u0103 la 2 luni. Pentru o pisic\u0103 adult\u0103 care c\u00e2nt\u0103re\u0219te 5 kg, ave\u021bi nevoie de aproximativ 185 g de produs pe zi. Se recomand\u0103 aducerea produsului la temperatura camerei \u00eenainte de utilizare. P\u0103stra\u021bi ambalajul deschis \u00een frigider pentru cel mult 24 de ore.<\/p>","protected":false},"excerpt":{"rendered":"<div class=\"woocommerce-product-details__short-description\">\n<p>Dieta umeda pentru pisici cu afectiuni ale pielii<\/p>\n<\/div>\n<form class=\"cart\" action=\"http:\/\/zooroyal.md\/ru\/shop\/%d0%b4%d0%bb%d1%8f-%d0%ba%d0%be%d1%88%d0%b5%d0%ba\/monge-vetsolution-cat-dermatosis-100gr\/\" enctype=\"multipart\/form-data\" method=\"post\" data-trp-original-action=\"http:\/\/zooroyal.md\/ru\/shop\/%d0%b4%d0%bb%d1%8f-%d0%ba%d0%be%d1%88%d0%b5%d0%ba\/monge-vetsolution-cat-dermatosis-100gr\/\">\n<div class=\"quantity\"><b>Monge Vetsolution Dermatosis\u00a0<\/b>\u2013<b>\u00a0<\/b>\u043f\u043e\u043b\u043d\u043e\u0440\u0430\u0446\u0438\u043e\u043d\u043d\u044b\u0439 \u043a\u043e\u043d\u0441\u0435\u0440\u0432\u0438\u0440\u043e\u0432\u0430\u043d\u043d\u044b\u0439 \u0434\u0438\u0435\u0442\u0438\u0447\u0435\u0441\u043a\u0438\u0439 \u043a\u043e\u0440\u043c \u0434\u043b\u044f \u043a\u043e\u0448\u0435\u043a. \u0420\u0430\u0437\u0440\u0430\u0431\u043e\u0442\u0430\u043d\u043d\u044b\u0439 \u0434\u043b\u044f \u043f\u043e\u0434\u0434\u0435\u0440\u0436\u0430\u043d\u0438\u044f \u0444\u0443\u043d\u043a\u0446\u0438\u0438 \u043a\u043e\u0436\u0438 \u043f\u0440\u0438 \u0434\u0435\u0440\u043c\u0430\u0442\u043e\u0437\u0435 \u0438 \u0447\u0440\u0435\u0437\u043c\u0435\u0440\u043d\u043e\u043c \u0432\u044b\u043f\u0430\u0434\u0435\u043d\u0438\u0438 \u0448\u0435\u0440\u0441\u0442\u0438 \u0443 \u043a\u043e\u0448\u0435\u043a. \u0421\u043e\u0434\u0435\u0440\u0436\u0438\u0442 \u043d\u0443\u043a\u043b\u0435\u043e\u0442\u0438\u0434\u044b \u0434\u043b\u044f \u043f\u043e\u0434\u0434\u0435\u0440\u0436\u0430\u043d\u0438\u044f \u0438\u043c\u043c\u0443\u043d\u043d\u043e\u0439 \u0441\u0438\u0441\u0442\u0435\u043c\u044b, \u0430\u043b\u043e\u044d \u0432\u0435\u0440\u0430 \u0434\u043b\u044f \u0443\u043b\u0443\u0447\u0448\u0435\u043d\u0438\u044f \u0437\u0434\u043e\u0440\u043e\u0432\u044c\u044f \u043a\u043e\u0436\u0438, \u043a\u0441\u0438\u043b\u043e\u043e\u043b\u0438\u0433\u043e\u0441\u0430\u0445\u0430\u0440\u0438\u0434\u044b (XOS) \u043f\u0440\u0435\u0431\u0438\u043e\u0442\u0438\u043a\u0438 \u0434\u043b\u044f \u0441\u0442\u0438\u043c\u0443\u043b\u044f\u0446\u0438\u0438 \u0440\u043e\u0441\u0442\u0430 \u0438 \u0440\u0430\u0437\u0432\u0438\u0442\u0438\u044f \u043f\u043e\u043b\u0435\u0437\u043d\u044b\u0445 \u0431\u0430\u043a\u0442\u0435\u0440\u0438\u0439 \u0438 \u0445\u0430\u0440\u0430\u043a\u0442\u0435\u0440\u0438\u0437\u0443\u0435\u0442\u0441\u044f \u0432\u044b\u0441\u043e\u043a\u0438\u043c \u0441\u043e\u0434\u0435\u0440\u0436\u0430\u043d\u0438\u0435\u043c \u043d\u0435\u0437\u0430\u043c\u0435\u043d\u0438\u043c\u044b\u0445 \u0436\u0438\u0440\u043d\u044b\u0445 \u043a\u0438\u0441\u043b\u043e\u0442.<\/div>\n<input type=\"hidden\" name=\"trp-form-language\" value=\"ro\"\/><\/form>","protected":false},"featured_media":10721,"template":"","meta":[],"product_cat":[127],"product_tag":[],"_links":{"self":[{"href":"https:\/\/onlinezooshop.md\/ro\/wp-json\/wp\/v2\/product\/10720"}],"collection":[{"href":"https:\/\/onlinezooshop.md\/ro\/wp-json\/wp\/v2\/product"}],"about":[{"href":"https:\/\/onlinezooshop.md\/ro\/wp-json\/wp\/v2\/types\/product"}],"wp:featuredmedia":[{"embeddable":true,"href":"https:\/\/onlinezooshop.md\/ro\/wp-json\/wp\/v2\/media\/10721"}],"wp:attachment":[{"href":"https:\/\/onlinezooshop.md\/ro\/wp-json\/wp\/v2\/media?parent=10720"}],"wp:term":[{"taxonomy":"product_cat","embeddable":true,"href":"https:\/\/onlinezooshop.md\/ro\/wp-json\/wp\/v2\/product_cat?post=10720"},{"taxonomy":"product_tag","embeddable":true,"href":"https:\/\/onlinezooshop.md\/ro\/wp-json\/wp\/v2\/product_tag?post=10720"}],"curies":[{"name":"wp","href":"https:\/\/api.w.org\/{rel}","templated":true}]}}