{"id":10724,"date":"2021-10-22T11:56:40","date_gmt":"2021-10-22T08:56:40","guid":{"rendered":"https:\/\/onlinezooshop.md\/?post_type=product&#038;p=10724"},"modified":"2022-10-11T10:18:53","modified_gmt":"2022-10-11T07:18:53","slug":"vet-solution-cat-renal-oxalate-12-sht100-gr","status":"publish","type":"product","link":"https:\/\/onlinezooshop.md\/ro\/magazin\/vet-solution-cat-renal-oxalate-12-sht100-gr\/","title":{"rendered":"Monge VET SOLUTION CAT RENAL\/OXALATE 12 \u0448\u0442*100 \u0433\u0440"},"content":{"rendered":"<p><b>Formula Fit-aroma\u00ae\u00a0<\/b>\u00een hrana pentru pisici Monge Vetsolution Renal and Oxalate con\u021bine<b>\u00a0Polifenoli chineze\u0219ti de camelie (galat de epigalocatechin\u0103 - HEGC, catechine)<\/b>, cu puternice propriet\u0103\u021bi antioxidante \u0219i antiinflamatorii. HEGC poate elimina nefrotoxicitatea prin suprimarea leucocitozei, a inflama\u021biei sistemice, a stresului oxidativ \u0219i a consecin\u021belor (complica\u021biilor) acestora. HEGC reduce semnificativ hipertensiunea renal\u0103 \u0219i promoveaz\u0103 regenerarea \u021besuturilor. Catechinele reduc stresul oxidativ cauzat de radicalii liberi \u0219i reduc deteriorarea celulelor epiteliale renale prin limitarea produc\u021biei de toxine uremice oxidative \u0219i oxid nitric.<\/p>\n<p>\u00cen acela\u0219i timp, scopul prevenirii form\u0103rii uroli\u021bilor de oxalat de calciu este reducerea cantit\u0103\u021bii de oxalat de calciu prin sc\u0103derea nivelului de calciu \u0219i oxalat din urin\u0103, precum \u0219i cre\u0219terea volumului de urin\u0103 pentru a dilua concentra\u021bia de minerale \u0219i schimb\u0103 pH-ul urinei de la neutru la alcalin.<\/p>\n<p><b>Indicatii de utilizare:<\/b><br \/>\nInsuficien\u021b\u0103 renal\u0103 cronic\u0103 (toate etapele), prevenirea form\u0103rii uroli\u021bilor de oxalat de calciu.<\/p>\n<p><b>Precau\u021bii:<\/b><br \/>\nSarcina, al\u0103ptarea \u0219i cre\u0219terea, pancreatita, hiperlipemia.<\/p>\n<p><b>Ingrediente<\/b>: ficat de pui 10%, ou uscat 6%, tapioca, grasime animala (99,5% grasime de porc purificata), ulei de peste (99,5% ulei de somon purificat), drojdie de bere, carne de porc, mazare deshidratata, somon, proteine \u200b\u200banimale hidrolizate, minerale, drojdie hidrolizat\u0103 1% (din care cel pu\u021bin 44% nucleotide libere), fibre de maz\u0103re, xilooligozaharide (XOS 0,4%), frunze uscate de ceai verde (0,05%). Ingrediente usor de digerat: ou si ficat de pui cu peste 85% digestibilitate.<\/p>\n<p><b>Valoare nutritionala<\/b>: protein\u0103 brut\u0103 6,8%, fibre brute 0,4%, gr\u0103sime brut\u0103 7,3%, cenu\u0219\u0103 brut\u0103 2,5%, umiditate 75,4%, calciu 0,25%, fosfor 0,09%, sodiu 0, 08%, magneziu 0,02%, cloruri de potasiu 0,17%, cloruri de potasiu 0,17%. , sulf 0,01%, vitamina D total\u0103 232 UI, hidroxiprolin\u0103 0%, acizi gra\u0219i omega-3 0,3%, acizi gra\u0219i omega-6 1,4%. Ingrediente alcalinizante pentru urina: citrat de potasiu.<\/p>\n<p><b>Aditivi nutritivi \/ kg:<\/b>\u00a0vitamina D3: 225 UI, vitamina E (acetat de alfa-tocoferol): 50 mg, seleniu (selenit de sodiu 0,04 mg): 0,02 mg, mangan (sulfat de mangan monohidrat 13 mg): 4,3 mg, zinc (oxid de zinc 26 mg): 21 mg, cupru (sulfat de cupru (II) pentahidrat 6,7 mg): 1,7 mg, fier (sulfat de fier (II) monohidrat 21 mg): 7 mg, iod (iodat de calciu anhidru 1,8 mg): 0,9 mg, L-cistin\u0103: 600 mg , DL-metionin\u0103 tehnic pur\u0103 300 mg, L-carnitin\u0103: 300 mg, taurin\u0103 200 mg.<\/p>","protected":false},"excerpt":{"rendered":"<section class=\"header product\">\n<div class=\"wrap clearfix\">\n<div class=\"col col12\">\n<p><small>O diet\u0103 umed\u0103 pentru prevenirea \u0219i tratamentul func\u021biei renale \u00een insuficien\u021ba renal\u0103 cronic\u0103 sau acut\u0103 \u0219i pentru reducerea form\u0103rii de calculi de oxalat.<\/small><\/p>\n<\/div>\n<\/div>\n<\/section>\n<section class=\"product\">\n<div class=\"wrap clearfix\"><b>Monge Vetsolution Renal and Oxalate<\/b>\u00a0hran\u0103 dietetic\u0103 complet\u0103 conservat\u0103 pentru pisici. Conceput pentru a sus\u021bine func\u021bia rinichilor \u00een insuficien\u021ba renal\u0103 cronic\u0103 sau acut\u0103 \u0219i pentru a reduce formarea de calculi de oxalat. Con\u021bine nucleotide pentru sus\u021binerea sistemului imunitar, ceai verde pentru sus\u021binerea func\u021biei renale, prebiotice xilooligozaharide (XOS) pentru a stimula cre\u0219terea \u0219i dezvoltarea bacteriilor benefice. Formula se caracterizeaz\u0103 printr-un con\u021binut redus de fosfor, calciu \u0219i vitamina D, un nivel redus de proteine \u200b\u200bbrute \u0219i are propriet\u0103\u021bi de alcalinizare a urinei.<\/div>\n<\/section>","protected":false},"featured_media":10725,"template":"","meta":[],"product_cat":[127],"product_tag":[],"_links":{"self":[{"href":"https:\/\/onlinezooshop.md\/ro\/wp-json\/wp\/v2\/product\/10724"}],"collection":[{"href":"https:\/\/onlinezooshop.md\/ro\/wp-json\/wp\/v2\/product"}],"about":[{"href":"https:\/\/onlinezooshop.md\/ro\/wp-json\/wp\/v2\/types\/product"}],"wp:featuredmedia":[{"embeddable":true,"href":"https:\/\/onlinezooshop.md\/ro\/wp-json\/wp\/v2\/media\/10725"}],"wp:attachment":[{"href":"https:\/\/onlinezooshop.md\/ro\/wp-json\/wp\/v2\/media?parent=10724"}],"wp:term":[{"taxonomy":"product_cat","embeddable":true,"href":"https:\/\/onlinezooshop.md\/ro\/wp-json\/wp\/v2\/product_cat?post=10724"},{"taxonomy":"product_tag","embeddable":true,"href":"https:\/\/onlinezooshop.md\/ro\/wp-json\/wp\/v2\/product_tag?post=10724"}],"curies":[{"name":"wp","href":"https:\/\/api.w.org\/{rel}","templated":true}]}}