{"id":10726,"date":"2021-10-22T12:00:49","date_gmt":"2021-10-22T09:00:49","guid":{"rendered":"https:\/\/onlinezooshop.md\/?post_type=product&#038;p=10726"},"modified":"2022-10-11T10:18:44","modified_gmt":"2022-10-11T07:18:44","slug":"vet-solution-cat-gastrointestinal-12-sht100-gr","status":"publish","type":"product","link":"https:\/\/onlinezooshop.md\/ro\/magazin\/vet-solution-cat-gastrointestinal-12-sht100-gr\/","title":{"rendered":"Monge VET SOLUTION CAT GASTROINTESTINAL 12 \u0448\u0442*100 \u0433\u0440"},"content":{"rendered":"<p><b>Formula Fit-aroma\u00ae\u00a0<\/b>\u00een hrana pentru pisici Monge Vetsolution Gastrointestinal  con\u021bine\u00a0<b>extract natural de castan de cal comun<\/b>, care are efect antispastic, determin\u00e2nd modularea receptorilor colinergici \u0219i a canalelor de calciu la nivel intestinal. De asemenea, are propriet\u0103\u021bi astringente, datorit\u0103 c\u0103rora peristaltismul intestinal \u00eencetine\u0219te \u0219i se \u00eembun\u0103t\u0103\u021be\u0219te activitatea enzimelor digestive. Efectul benefic al castanului de cal se datoreaz\u0103 propriet\u0103\u021bilor componentei sale principale, escina. Escina vindec\u0103 deteriorarea mucoasei intestinale \u0219i cre\u0219te biosinteza proteinelor jonc\u021biunilor intercelulare dense, prin urmare, extractul de castan de cal suprim\u0103 eficient inflama\u021bia acut\u0103 \u0219i reduce afectarea mucoasei intestinale.<\/p>\n<p><b>Indicatii de utilizare:<\/b><br \/>\nGastrita acuta si cronica, tulburari de motilitate gastrica, enterita, boala inflamatorie intestinala, enteropatia cu pierdere de proteine, sindromul intestinului scurt, cresterea bacteriana excesiva in intestinul subtire, colita, pancreatita acuta si cronica (pentru pisicile care nu sufera de obezitate si hipertrigliceridemie).<\/p>\n<p><b>Precau\u021bii:<\/b><br \/>\nPancreatit\u0103 acut\u0103 \u0219i cronic\u0103 (pentru pisici cu obezitate \u0219i hipertrigliceridemie), lacta\u021bie, sarcin\u0103 \u0219i cre\u0219tere.<\/p>\n<p><b>Ingrediente<\/b>: ficat de pui 20%, carne de porc, cartofi, ou uscat 4%, tapioca, grasime animala (99,5% grasime de porc purificata), ulei de peste (99,5% ulei de somon purificat), minerale, proteina animala hidrolizata, drojdie hidrolizata 1% (din care nucleotide libere sunt cel pu\u021bin 44%), semin\u021be de p\u0103tlagin\u0103 (0,5%), xilooligozaharide 0,4%, fibre de maz\u0103re, castan de cal uscat (0,06%). Ingrediente usor de digerat: ficat de pui si ou. Surs\u0103 de agen\u021bi de gelifiere: semin\u021be de p\u0103tlagin\u0103.<\/p>\n<p><b>Valoare nutritionala<\/b>: protein\u0103 brut\u0103 9,7%, fibre brute 0,3%, gr\u0103simi brute 5,5%, cenu\u0219\u0103 brut\u0103 2%, umiditate 75%, sodiu 0,1%, potasiu 0,5%.<\/p>\n<p><b>Aditivi nutritivi \/ kg:<\/b>: vitamina D3: 225 UI, vitamina E (acetat de alfa-tocoferol): 50 mg, seleniu (selenit de sodiu 0,04 mg): 0,02 mg, mangan (sulfat de mangan monohidrat 13 mg): 4,3 mg, zinc (oxid de zinc 26 mg): 21 mg, cupru (sulfat de cupru (II) pentahidrat 6,7 mg): 1,7 mg, fier (sulfat de fier (II) monohidrat 21 mg): 7 mg, iod (iodat de calciu anhidru 1,8 mg): 0,9 mg, L-cistina: 600 mg, DL-metionin\u0103 tehnic pur\u0103 300 mg, L-carnitin\u0103: 300 mg, taurin\u0103 200 mg.<\/p>","protected":false},"excerpt":{"rendered":"<div class=\"woocommerce-product-details__short-description\">\n<p>Dieta umeda pentru pisici cu tulburari gastrointestinale<\/p>\n<p><b>Monge Vetsolution Gastrointestinal Low Fat \u2013\u00a0<\/b>hran\u0103 dietetic\u0103 complet\u0103 conservat\u0103 pentru pisici. Conceput pentru a reduce tulbur\u0103rile intestinale acute \u0219i pentru a compensa tulbur\u0103rile digestive. Con\u021bine nucleotide pentru sus\u021binerea sistemului imunitar, ingrediente foarte absorbabile, castan de cal pentru sus\u021binerea func\u021biei intestinale, prebiotice Xilooligosaharide (XOS) pentru a stimula cre\u0219terea \u0219i dezvoltarea bacteriilor benefice, oferind niveluri crescute de electroli\u021bi. Se caracterizeaz\u0103 printr-un con\u021binut redus de gr\u0103simi.<\/p>\n<\/div>\n<form class=\"cart\" action=\"http:\/\/zooroyal.md\/ru\/shop\/%d0%b4%d0%bb%d1%8f-%d0%ba%d0%be%d1%88%d0%b5%d0%ba\/monge-vetsolution-cat-gastrointestinal-100gr\/\" enctype=\"multipart\/form-data\" method=\"post\" data-trp-original-action=\"http:\/\/zooroyal.md\/ru\/shop\/%d0%b4%d0%bb%d1%8f-%d0%ba%d0%be%d1%88%d0%b5%d0%ba\/monge-vetsolution-cat-gastrointestinal-100gr\/\">\n<div class=\"quantity\"><\/div>\n<input type=\"hidden\" name=\"trp-form-language\" value=\"ro\"\/><\/form>","protected":false},"featured_media":10727,"template":"","meta":[],"product_cat":[127],"product_tag":[],"_links":{"self":[{"href":"https:\/\/onlinezooshop.md\/ro\/wp-json\/wp\/v2\/product\/10726"}],"collection":[{"href":"https:\/\/onlinezooshop.md\/ro\/wp-json\/wp\/v2\/product"}],"about":[{"href":"https:\/\/onlinezooshop.md\/ro\/wp-json\/wp\/v2\/types\/product"}],"wp:featuredmedia":[{"embeddable":true,"href":"https:\/\/onlinezooshop.md\/ro\/wp-json\/wp\/v2\/media\/10727"}],"wp:attachment":[{"href":"https:\/\/onlinezooshop.md\/ro\/wp-json\/wp\/v2\/media?parent=10726"}],"wp:term":[{"taxonomy":"product_cat","embeddable":true,"href":"https:\/\/onlinezooshop.md\/ro\/wp-json\/wp\/v2\/product_cat?post=10726"},{"taxonomy":"product_tag","embeddable":true,"href":"https:\/\/onlinezooshop.md\/ro\/wp-json\/wp\/v2\/product_tag?post=10726"}],"curies":[{"name":"wp","href":"https:\/\/api.w.org\/{rel}","templated":true}]}}