{"id":10732,"date":"2021-10-22T12:56:49","date_gmt":"2021-10-22T09:56:49","guid":{"rendered":"https:\/\/onlinezooshop.md\/?post_type=product&#038;p=10732"},"modified":"2025-12-15T15:26:32","modified_gmt":"2025-12-15T12:26:32","slug":"natural-pouch-tuna-with-beef-in-jelly-24-sht80-gr","status":"publish","type":"product","link":"https:\/\/onlinezooshop.md\/ro\/magazin\/natural-pouch-tuna-with-beef-in-jelly-24-sht80-gr\/","title":{"rendered":"Monge NATURAL Pouch \u0422\u0443\u043d\u0435\u0446 \u0441 \u0433\u043e\u0432\u044f\u0434\u0438\u043d\u043e\u0439 \u0432 \u0436\u0435\u043b\u0435 24 \u0448\u0442*80 \u0433\u0440"},"content":{"rendered":"<p>Gustul s\u0103u \u00eel face deosebit de pl\u0103cut pentru pisic\u0103, \u00een timp ce con\u021binutul s\u0103u ridicat de omega-3 \u0219i proteine \u200b\u200b\u0219i con\u021binutul sc\u0103zut de gr\u0103simi \u00eei asigur\u0103 nivelul de energie potrivit, men\u021bin\u00e2ndu-l \u00een form\u0103 perfect\u0103. Potrivit pentru: pisici adulte de la v\u00e2rsta de 12 luni.<\/p>","protected":false},"excerpt":{"rendered":"<p>Preparat cu ton aburit \u0219i buc\u0103\u021bi de vit\u0103 pentru a p\u0103stra aroma \u0219i to\u021bi nutrien\u021bii necesari pentru bun\u0103starea fizic\u0103 a unei pisici adulte.<\/p>","protected":false},"featured_media":12521,"template":"","meta":[],"product_cat":[127],"product_tag":[],"_links":{"self":[{"href":"https:\/\/onlinezooshop.md\/ro\/wp-json\/wp\/v2\/product\/10732"}],"collection":[{"href":"https:\/\/onlinezooshop.md\/ro\/wp-json\/wp\/v2\/product"}],"about":[{"href":"https:\/\/onlinezooshop.md\/ro\/wp-json\/wp\/v2\/types\/product"}],"wp:featuredmedia":[{"embeddable":true,"href":"https:\/\/onlinezooshop.md\/ro\/wp-json\/wp\/v2\/media\/12521"}],"wp:attachment":[{"href":"https:\/\/onlinezooshop.md\/ro\/wp-json\/wp\/v2\/media?parent=10732"}],"wp:term":[{"taxonomy":"product_cat","embeddable":true,"href":"https:\/\/onlinezooshop.md\/ro\/wp-json\/wp\/v2\/product_cat?post=10732"},{"taxonomy":"product_tag","embeddable":true,"href":"https:\/\/onlinezooshop.md\/ro\/wp-json\/wp\/v2\/product_tag?post=10732"}],"curies":[{"name":"wp","href":"https:\/\/api.w.org\/{rel}","templated":true}]}}