{"id":10735,"date":"2021-10-22T13:00:18","date_gmt":"2021-10-22T10:00:18","guid":{"rendered":"https:\/\/onlinezooshop.md\/?post_type=product&#038;p=10735"},"modified":"2025-12-15T15:29:26","modified_gmt":"2025-12-15T12:29:26","slug":"natural-pouch-tuna-with-duck-in-jelly-80","status":"publish","type":"product","link":"https:\/\/onlinezooshop.md\/ro\/magazin\/natural-pouch-tuna-with-duck-in-jelly-80\/","title":{"rendered":"Monge NATURAL Pouch \u0422\u0443\u043d\u0435\u0446 \u0441 \u0443\u0442\u043a\u043e\u0439 \u0432 \u0436\u0435\u043b\u0435 24 \u0448\u0442*80 \u0433\u0440"},"content":{"rendered":"<p class=\"tw-data-text tw-ta tw-text-small\" dir=\"ltr\" data-placeholder=\"\u041f\u0435\u0440\u0435\u0432\u043e\u0434\"><span lang=\"ru\" tabindex=\"0\">Ingrediente: ton 45%, rata 5%, orez, vitamina E 50 mg\/kg, fructoza oligozaharide 400 mg\/kg, jeleu. Componente analitice: umiditate 83,0%, protein\u0103 brut\u0103 12,0%, gr\u0103simi 1%, fibre brute 1%.<\/span><\/p>\n<p class=\"tw-data-text tw-ta tw-text-small\" dir=\"ltr\" data-placeholder=\"\u041f\u0435\u0440\u0435\u0432\u043e\u0434\"><span lang=\"ru\" tabindex=\"0\">\u00a0Instructiuni de utilizare corecta: Se serveste la temperatura camerei. Doza zilnic\u0103 recomandat\u0103 este de 2-3 pachete pentru pisicile cu greutate medie.<\/span><\/p>","protected":false},"excerpt":{"rendered":"<p>Tonul \u00een jeleu cu carne de ra\u021b\u0103 este o hran\u0103 complet\u0103 pentru pisici.<\/p>","protected":false},"featured_media":12525,"template":"","meta":[],"product_cat":[127],"product_tag":[],"_links":{"self":[{"href":"https:\/\/onlinezooshop.md\/ro\/wp-json\/wp\/v2\/product\/10735"}],"collection":[{"href":"https:\/\/onlinezooshop.md\/ro\/wp-json\/wp\/v2\/product"}],"about":[{"href":"https:\/\/onlinezooshop.md\/ro\/wp-json\/wp\/v2\/types\/product"}],"wp:featuredmedia":[{"embeddable":true,"href":"https:\/\/onlinezooshop.md\/ro\/wp-json\/wp\/v2\/media\/12525"}],"wp:attachment":[{"href":"https:\/\/onlinezooshop.md\/ro\/wp-json\/wp\/v2\/media?parent=10735"}],"wp:term":[{"taxonomy":"product_cat","embeddable":true,"href":"https:\/\/onlinezooshop.md\/ro\/wp-json\/wp\/v2\/product_cat?post=10735"},{"taxonomy":"product_tag","embeddable":true,"href":"https:\/\/onlinezooshop.md\/ro\/wp-json\/wp\/v2\/product_tag?post=10735"}],"curies":[{"name":"wp","href":"https:\/\/api.w.org\/{rel}","templated":true}]}}