{"id":10737,"date":"2021-10-22T13:05:21","date_gmt":"2021-10-22T10:05:21","guid":{"rendered":"https:\/\/onlinezooshop.md\/?post_type=product&#038;p=10737"},"modified":"2025-12-15T15:29:57","modified_gmt":"2025-12-15T12:29:57","slug":"natural-pouch-tuna-with-salmon-in-jelly-24-sht80-gr","status":"publish","type":"product","link":"https:\/\/onlinezooshop.md\/ro\/magazin\/natural-pouch-tuna-with-salmon-in-jelly-24-sht80-gr\/","title":{"rendered":"Monge NATURAL Pouch \u0422\u0443\u043d\u0435\u0446 \u0441 \u043b\u043e\u0441\u043e\u0441\u0435\u043c \u0432 \u0436\u0435\u043b\u0435 24 \u0448\u0442*80 \u0433\u0440"},"content":{"rendered":"<p class=\"tw-data-text tw-ta tw-text-small\" dir=\"ltr\" data-placeholder=\"\u041f\u0435\u0440\u0435\u0432\u043e\u0434\"><span lang=\"ru\" tabindex=\"0\">Acesta este complet dedicat hr\u0103nirii naturale, alimente de foarte \u00eenalt\u0103 calitate, foarte de \u00eenalt\u0103 calitate. Ingrediente de bun\u0103 calitate, bogate \u00een proteine, s\u0103race \u00een gr\u0103simi. Aceste produse sunt complet naturale, \u00een jeleu, f\u0103r\u0103 conservan\u021bi \u0219i coloran\u021bi, \u0219i f\u0103r\u0103 gluten. Ajut\u0103 pisica s\u0103 fie mereu s\u0103n\u0103toas\u0103, energic\u0103 \u0219i proasp\u0103t\u0103.<\/span><\/p>","protected":false},"excerpt":{"rendered":"<p id=\"tw-target-text\" class=\"tw-data-text tw-ta tw-text-small\" dir=\"ltr\" data-placeholder=\"\u041f\u0435\u0440\u0435\u0432\u043e\u0434\"><span lang=\"ru\" tabindex=\"0\">Ton cu somon<\/span><\/p>","protected":false},"featured_media":12524,"template":"","meta":[],"product_cat":[127],"product_tag":[],"_links":{"self":[{"href":"https:\/\/onlinezooshop.md\/ro\/wp-json\/wp\/v2\/product\/10737"}],"collection":[{"href":"https:\/\/onlinezooshop.md\/ro\/wp-json\/wp\/v2\/product"}],"about":[{"href":"https:\/\/onlinezooshop.md\/ro\/wp-json\/wp\/v2\/types\/product"}],"wp:featuredmedia":[{"embeddable":true,"href":"https:\/\/onlinezooshop.md\/ro\/wp-json\/wp\/v2\/media\/12524"}],"wp:attachment":[{"href":"https:\/\/onlinezooshop.md\/ro\/wp-json\/wp\/v2\/media?parent=10737"}],"wp:term":[{"taxonomy":"product_cat","embeddable":true,"href":"https:\/\/onlinezooshop.md\/ro\/wp-json\/wp\/v2\/product_cat?post=10737"},{"taxonomy":"product_tag","embeddable":true,"href":"https:\/\/onlinezooshop.md\/ro\/wp-json\/wp\/v2\/product_tag?post=10737"}],"curies":[{"name":"wp","href":"https:\/\/api.w.org\/{rel}","templated":true}]}}