{"id":10739,"date":"2021-10-22T13:08:24","date_gmt":"2021-10-22T10:08:24","guid":{"rendered":"https:\/\/onlinezooshop.md\/?post_type=product&#038;p=10739"},"modified":"2025-12-15T15:28:27","modified_gmt":"2025-12-15T12:28:27","slug":"natural-pouch-tuna-with-shrimps-in-jelly-24-sht80-gr","status":"publish","type":"product","link":"https:\/\/onlinezooshop.md\/ro\/magazin\/natural-pouch-tuna-with-shrimps-in-jelly-24-sht80-gr\/","title":{"rendered":"Monge NATURAL Pouch \u0422\u0443\u043d\u0435\u0446 \u0441 \u043a\u0440\u0435\u0432\u0435\u0442\u043a\u0430\u043c\u0438 \u0432 \u0436\u0435\u043b\u0435 24 \u0448\u0442*80 \u0433\u0440"},"content":{"rendered":"<p>Aceasta este o linie dedicat\u0103 \u00een \u00eentregime hr\u0103nirii naturale, doar ingrediente naturale, atent selectate, de foarte bun\u0103 calitate, hran\u0103 complementar\u0103 pentru pisici cu ton delicios, palatabilitate ridicat\u0103 din prospe\u021bime \u0219i ingrediente de bun\u0103 calitate, bogate \u00een nutrien\u021bi, bogate \u00een omega-3, bogate \u00een proteine. , cu con\u021binut sc\u0103zut de gr\u0103simi. Aceste produse sunt complet naturale, \u00een jeleu, f\u0103r\u0103 conservan\u021bi \u0219i coloran\u021bi, \u0219i f\u0103r\u0103 gluten. Ei bine ajut\u0103 pisica s\u0103 se men\u021bin\u0103 s\u0103n\u0103toas\u0103, energic\u0103, proasp\u0103t\u0103 tot timpul.<\/p>","protected":false},"excerpt":{"rendered":"<p>Ton cu creve\u021bi \u00een jeleu<\/p>","protected":false},"featured_media":12523,"template":"","meta":[],"product_cat":[127],"product_tag":[],"_links":{"self":[{"href":"https:\/\/onlinezooshop.md\/ro\/wp-json\/wp\/v2\/product\/10739"}],"collection":[{"href":"https:\/\/onlinezooshop.md\/ro\/wp-json\/wp\/v2\/product"}],"about":[{"href":"https:\/\/onlinezooshop.md\/ro\/wp-json\/wp\/v2\/types\/product"}],"wp:featuredmedia":[{"embeddable":true,"href":"https:\/\/onlinezooshop.md\/ro\/wp-json\/wp\/v2\/media\/12523"}],"wp:attachment":[{"href":"https:\/\/onlinezooshop.md\/ro\/wp-json\/wp\/v2\/media?parent=10739"}],"wp:term":[{"taxonomy":"product_cat","embeddable":true,"href":"https:\/\/onlinezooshop.md\/ro\/wp-json\/wp\/v2\/product_cat?post=10739"},{"taxonomy":"product_tag","embeddable":true,"href":"https:\/\/onlinezooshop.md\/ro\/wp-json\/wp\/v2\/product_tag?post=10739"}],"curies":[{"name":"wp","href":"https:\/\/api.w.org\/{rel}","templated":true}]}}