{"id":10741,"date":"2021-10-22T13:17:48","date_gmt":"2021-10-22T10:17:48","guid":{"rendered":"https:\/\/onlinezooshop.md\/?post_type=product&#038;p=10741"},"modified":"2025-12-15T14:30:11","modified_gmt":"2025-12-15T11:30:11","slug":"delicate-can-chicken-12-sht80-gr","status":"publish","type":"product","link":"https:\/\/onlinezooshop.md\/ro\/magazin\/delicate-can-chicken-12-sht80-gr\/","title":{"rendered":"Monge DELICATE Can \u0441 \u043a\u0443\u0440\u0438\u0446\u0435\u0439 12 \u0448\u0442*80 \u0433\u0440"},"content":{"rendered":"<p>Con\u021binut:<br \/>\nPui 75%, Orez, FOS (Fructe-oligozaharide).<\/p>\n<p>Componente analitice<br \/>\nUmiditate 80%, proteine \u200b\u200b16%, uleiuri \u0219i gr\u0103simi 0,3%, fibre 0,5%, cenu\u0219\u0103 1%.<\/p>\n<p>Adaosuri:<\/p>\n<p>Vitamina A 2000 UI, Vitamina D3 200 UI, Vitamina E (Alfa-Tocoferol) 25 mg\/kg.<\/p>\n<p>Instructiuni de utilizare<\/p>\n<p>Dieta zilnica recomandata: pentru o pisica de talie medie 80 de grame de produs, de 4\/5 ori pe zi. Dup\u0103 deschidere, recipientul trebuie p\u0103strat la frigider, avertiz\u00e2nd c\u0103 produsul nu trebuie s\u0103 fie prea rece. L\u0103sa\u021bi \u00eentotdeauna ap\u0103 proasp\u0103t\u0103 \u0219i curat\u0103 la dispozi\u021bia animalului.<\/p>","protected":false},"excerpt":{"rendered":"<div class=\"woocommerce-product-details__short-description\">\n<p><span lang=\"ru\" tabindex=\"0\">Pieptul de pui este un aliment complementar de foarte buna calitate pentru pisici cu produse de foarte buna calitate: gust si prospetime si de buna calitate. Ingrediente nutritive bogate, bogate in omega-3, bogate in proteine, sarace in grasimi. Aceste produse sunt complet naturale, f\u0103r\u0103 conservan\u021bi sau coloran\u021bi \u0219i f\u0103r\u0103 gluten. Bun pentru a ajuta pisica s\u0103 r\u0103m\u00e2n\u0103 s\u0103n\u0103toas\u0103, energic\u0103, proasp\u0103t\u0103 tot timpul.<\/span><\/p>\n<\/div>","protected":false},"featured_media":12508,"template":"","meta":[],"product_cat":[127],"product_tag":[],"_links":{"self":[{"href":"https:\/\/onlinezooshop.md\/ro\/wp-json\/wp\/v2\/product\/10741"}],"collection":[{"href":"https:\/\/onlinezooshop.md\/ro\/wp-json\/wp\/v2\/product"}],"about":[{"href":"https:\/\/onlinezooshop.md\/ro\/wp-json\/wp\/v2\/types\/product"}],"wp:featuredmedia":[{"embeddable":true,"href":"https:\/\/onlinezooshop.md\/ro\/wp-json\/wp\/v2\/media\/12508"}],"wp:attachment":[{"href":"https:\/\/onlinezooshop.md\/ro\/wp-json\/wp\/v2\/media?parent=10741"}],"wp:term":[{"taxonomy":"product_cat","embeddable":true,"href":"https:\/\/onlinezooshop.md\/ro\/wp-json\/wp\/v2\/product_cat?post=10741"},{"taxonomy":"product_tag","embeddable":true,"href":"https:\/\/onlinezooshop.md\/ro\/wp-json\/wp\/v2\/product_tag?post=10741"}],"curies":[{"name":"wp","href":"https:\/\/api.w.org\/{rel}","templated":true}]}}