{"id":10746,"date":"2021-10-22T13:24:50","date_gmt":"2021-10-22T10:24:50","guid":{"rendered":"https:\/\/onlinezooshop.md\/?post_type=product&#038;p=10746"},"modified":"2025-12-15T14:28:18","modified_gmt":"2025-12-15T11:28:18","slug":"delicate-can-chicken-with-carrot-and-potatoes-12-sht80-gr","status":"publish","type":"product","link":"https:\/\/onlinezooshop.md\/ro\/magazin\/delicate-can-chicken-with-carrot-and-potatoes-12-sht80-gr\/","title":{"rendered":"Monge DELICATE Can \u041a\u0443\u0440\u0438\u0446\u0430 \u0441 \u043c\u043e\u0440\u043a\u043e\u0432\u044c\u044e \u0438 \u043a\u0430\u0440\u0442\u043e\u0444\u0435\u043b\u0435\u043c 12 \u0448\u0442*80 \u0433\u0440"},"content":{"rendered":"<p>Con\u021binut:<\/p>\n<p>Pui 60%, ton 10%, cartofi 3%, morcovi 3%, orez, FOS (fructe oligozaharide).<\/p>\n<p>Componente analitice<\/p>\n<p>Umiditate 80%, proteine \u200b\u200b16%, uleiuri \u0219i gr\u0103simi 0,3%, fibre 0,5%, cenu\u0219\u0103 1%.<\/p>\n<p>Adaosuri:<\/p>\n<p>Vitamina A 2000 UI, Vitamina D3 200 UI, Vitamina E (Alfa-Tocoferol) 25 mg\/kg.<\/p>\n<p>Instructiuni de utilizare<\/p>\n<p>Dieta zilnica recomandata: pentru o pisica de talie medie 80 de grame de produs, de 4\/5 ori pe zi. Dup\u0103 deschidere, recipientul trebuie p\u0103strat la frigider, avertiz\u00e2nd c\u0103 produsul nu trebuie s\u0103 fie prea rece. L\u0103sa\u021bi \u00eentotdeauna ap\u0103 proasp\u0103t\u0103 \u0219i curat\u0103 la dispozi\u021bia animalului.<\/p>","protected":false},"excerpt":{"rendered":"<p>Monge este o linie dedicat\u0103 \u00een \u00eentregime hr\u0103nirii naturale, doar ingrediente naturale, atent selectate, de foarte \u00eenalt\u0103 calitate, hran\u0103 complementar\u0103 pentru pisici cu pui gustos, cu toate caracteristicile tipice unui produs de \u00eenalt\u0103 calitate: gust \u00eenalt \u0219i calitate proasp\u0103t\u0103, ingrediente de \u00eenalt\u0103 calitate, \u00eenalt\u0103 calitate. \u00een nutrien\u021bi, bogat \u00een omega-3, bogat \u00een proteine, s\u0103rac \u00een gr\u0103simi. Aceste produse sunt complet naturale, f\u0103r\u0103 conservan\u021bi sau coloran\u021bi \u0219i f\u0103r\u0103 gluten. Ei bine ajut\u0103 pisica s\u0103 se men\u021bin\u0103 inteligent\u0103, s\u0103n\u0103toas\u0103, energic\u0103, proasp\u0103t\u0103 tot timpul.<\/p>","protected":false},"featured_media":12505,"template":"","meta":[],"product_cat":[127],"product_tag":[],"_links":{"self":[{"href":"https:\/\/onlinezooshop.md\/ro\/wp-json\/wp\/v2\/product\/10746"}],"collection":[{"href":"https:\/\/onlinezooshop.md\/ro\/wp-json\/wp\/v2\/product"}],"about":[{"href":"https:\/\/onlinezooshop.md\/ro\/wp-json\/wp\/v2\/types\/product"}],"wp:featuredmedia":[{"embeddable":true,"href":"https:\/\/onlinezooshop.md\/ro\/wp-json\/wp\/v2\/media\/12505"}],"wp:attachment":[{"href":"https:\/\/onlinezooshop.md\/ro\/wp-json\/wp\/v2\/media?parent=10746"}],"wp:term":[{"taxonomy":"product_cat","embeddable":true,"href":"https:\/\/onlinezooshop.md\/ro\/wp-json\/wp\/v2\/product_cat?post=10746"},{"taxonomy":"product_tag","embeddable":true,"href":"https:\/\/onlinezooshop.md\/ro\/wp-json\/wp\/v2\/product_tag?post=10746"}],"curies":[{"name":"wp","href":"https:\/\/api.w.org\/{rel}","templated":true}]}}