{"id":10748,"date":"2021-10-22T13:29:01","date_gmt":"2021-10-22T10:29:01","guid":{"rendered":"https:\/\/onlinezooshop.md\/?post_type=product&#038;p=10748"},"modified":"2025-12-15T14:29:03","modified_gmt":"2025-12-15T11:29:03","slug":"delicate-can-chicken-with-omelette-whitebait-12-sht80-gr","status":"publish","type":"product","link":"https:\/\/onlinezooshop.md\/ro\/magazin\/delicate-can-chicken-with-omelette-whitebait-12-sht80-gr\/","title":{"rendered":"Monge DELICATE Can \u041a\u0443\u0440\u0438\u0446\u0430 \u0441 \u043e\u043c\u043b\u0435\u0442\u043e\u043c \u0438 \u043c\u0430\u043b\u044c\u043a\u043e\u043c 12 \u0448\u0442*80 \u0433\u0440"},"content":{"rendered":"<p class=\"fusion-tab-heading\" data-fontsize=\"16\" data-lineheight=\"20\">Con\u021binut:<\/p>\n<p data-fontsize=\"16\" data-lineheight=\"20\">Pui 70%, omlet\u0103 3%, hamsii 3%, orez, FOS (fructe oligozaharide).<\/p>\n<p class=\"fusion-tab-heading\" data-fontsize=\"16\" data-lineheight=\"20\">Componente analitice<\/p>\n<p data-fontsize=\"16\" data-lineheight=\"20\">Umiditate 80%, proteine \u200b\u200b16%, uleiuri \u0219i gr\u0103simi 0,3%, fibre 0,5%, cenu\u0219\u0103 1%.<\/p>\n<p class=\"fusion-tab-heading\" data-fontsize=\"16\" data-lineheight=\"20\">Adaosuri:<\/p>\n<p data-fontsize=\"16\" data-lineheight=\"20\">Vitamina A 2000 UI, Vitamina D3 200 UI, Vitamina E (Alfa-Tocoferol) 25 mg\/kg.<\/p>\n<p>Instructiuni de utilizare<\/p>\n<p>Dieta zilnica recomandata: pentru o pisica de talie medie 80 de grame de produs, de 4\/5 ori pe zi. Dup\u0103 deschidere, recipientul trebuie p\u0103strat la frigider, avertiz\u00e2nd c\u0103 produsul nu trebuie s\u0103 fie prea rece. L\u0103sa\u021bi \u00eentotdeauna ap\u0103 proasp\u0103t\u0103 \u0219i curat\u0103 la dispozi\u021bia animalului.<\/p>","protected":false},"excerpt":{"rendered":"<div class=\"woocommerce-product-details__short-description\">\n<p class=\"entry-title\" data-inline-fontsize=\"true\" data-inline-lineheight=\"true\" data-fontsize=\"27\" data-lineheight=\"25\">Buc\u0103\u021bi de pui cu omlet\u0103 \u0219i hamsii 80g<\/p>\n<\/div>\n<form class=\"cart\" action=\"http:\/\/zooroyal.md\/ru\/shop\/%d0%b4%d0%bb%d1%8f-%d0%ba%d0%be%d1%88%d0%b5%d0%ba\/%d0%ba%d0%be%d1%80%d0%bc%d0%b0-%d0%b4%d0%bb%d1%8f-%d0%ba%d0%be%d1%88%d0%b5%d0%ba\/%d0%b2%d0%bb%d0%b0%d0%b6%d0%bd%d1%8b%d0%b5-%d0%ba%d0%be%d1%80%d0%bc%d0%b0-%d0%b4%d0%bb%d1%8f-%d0%ba%d0%be%d1%88%d0%b5%d0%ba\/monge-monge-%d0%b2%d0%bb%d0%b0%d0%b6%d0%bd%d1%8b%d0%b5-%d0%ba%d0%be%d1%80%d0%bc%d0%b0-%d0%b4%d0%bb%d1%8f-%d0%ba%d0%be%d1%88%d0%b5%d0%ba\/monge-cat-delicate-can-chicken-with-omelette-whitebait-80gr\/\" enctype=\"multipart\/form-data\" method=\"post\" data-trp-original-action=\"http:\/\/zooroyal.md\/ru\/shop\/%d0%b4%d0%bb%d1%8f-%d0%ba%d0%be%d1%88%d0%b5%d0%ba\/%d0%ba%d0%be%d1%80%d0%bc%d0%b0-%d0%b4%d0%bb%d1%8f-%d0%ba%d0%be%d1%88%d0%b5%d0%ba\/%d0%b2%d0%bb%d0%b0%d0%b6%d0%bd%d1%8b%d0%b5-%d0%ba%d0%be%d1%80%d0%bc%d0%b0-%d0%b4%d0%bb%d1%8f-%d0%ba%d0%be%d1%88%d0%b5%d0%ba\/monge-monge-%d0%b2%d0%bb%d0%b0%d0%b6%d0%bd%d1%8b%d0%b5-%d0%ba%d0%be%d1%80%d0%bc%d0%b0-%d0%b4%d0%bb%d1%8f-%d0%ba%d0%be%d1%88%d0%b5%d0%ba\/monge-cat-delicate-can-chicken-with-omelette-whitebait-80gr\/\">\n<div class=\"quantity\"><\/div>\n<input type=\"hidden\" name=\"trp-form-language\" value=\"ro\"\/><\/form>","protected":false},"featured_media":12506,"template":"","meta":[],"product_cat":[127],"product_tag":[],"_links":{"self":[{"href":"https:\/\/onlinezooshop.md\/ro\/wp-json\/wp\/v2\/product\/10748"}],"collection":[{"href":"https:\/\/onlinezooshop.md\/ro\/wp-json\/wp\/v2\/product"}],"about":[{"href":"https:\/\/onlinezooshop.md\/ro\/wp-json\/wp\/v2\/types\/product"}],"wp:featuredmedia":[{"embeddable":true,"href":"https:\/\/onlinezooshop.md\/ro\/wp-json\/wp\/v2\/media\/12506"}],"wp:attachment":[{"href":"https:\/\/onlinezooshop.md\/ro\/wp-json\/wp\/v2\/media?parent=10748"}],"wp:term":[{"taxonomy":"product_cat","embeddable":true,"href":"https:\/\/onlinezooshop.md\/ro\/wp-json\/wp\/v2\/product_cat?post=10748"},{"taxonomy":"product_tag","embeddable":true,"href":"https:\/\/onlinezooshop.md\/ro\/wp-json\/wp\/v2\/product_tag?post=10748"}],"curies":[{"name":"wp","href":"https:\/\/api.w.org\/{rel}","templated":true}]}}