{"id":10752,"date":"2021-10-22T13:33:27","date_gmt":"2021-10-22T10:33:27","guid":{"rendered":"https:\/\/onlinezooshop.md\/?post_type=product&#038;p=10752"},"modified":"2025-12-15T14:27:42","modified_gmt":"2025-12-15T11:27:42","slug":"delicate-can-chicken-with-squid-12-sht80-gr","status":"publish","type":"product","link":"https:\/\/onlinezooshop.md\/ro\/magazin\/delicate-can-chicken-with-squid-12-sht80-gr\/","title":{"rendered":"Monge DELICATE Can \u041a\u0443\u0440\u0438\u0446\u0430 \u0441 \u043a\u0430\u043b\u044c\u043c\u0430\u0440\u0430\u043c\u0438 12 \u0448\u0442*80 \u0433\u0440"},"content":{"rendered":"<div class=\"nav\">\n<p class=\"fusion-tab-heading\" data-fontsize=\"16\" data-lineheight=\"20\">Con\u021binut:<\/p>\n<p data-fontsize=\"16\" data-lineheight=\"20\">Pui 60%, Ton 10%, Calamar 5%, Orez, FOS (Fructe-oligozaharide).<\/p>\n<p class=\"fusion-tab-heading\" data-fontsize=\"16\" data-lineheight=\"20\">Componente analitice<\/p>\n<p data-fontsize=\"16\" data-lineheight=\"20\">Umiditate 80%, proteine \u200b\u200b16%, uleiuri \u0219i gr\u0103simi 0,3%, fibre 0,5%, cenu\u0219\u0103 1%.<\/p>\n<p class=\"fusion-tab-heading\" data-fontsize=\"16\" data-lineheight=\"20\">Adaosuri:<\/p>\n<p data-fontsize=\"16\" data-lineheight=\"20\">Vitamina A 2000 UI, Vitamina D3 200 UI, Vitamina E (Alfa-Tocoferol) 25 mg\/kg.<\/p>\n<p class=\"fusion-tab-heading\" data-fontsize=\"16\" data-lineheight=\"20\">Instructiuni de utilizare<\/p>\n<\/div>\n<div class=\"tab-content\">\n<div id=\"tab-b5ccb35df221f6a0474\" class=\"tab-pane fade in active\">\n<p>Dieta zilnica recomandata: pentru o pisica de talie medie 80 de grame de produs, de 4\/5 ori pe zi. Dup\u0103 deschidere, recipientul trebuie p\u0103strat la frigider, avertiz\u00e2nd c\u0103 produsul nu trebuie s\u0103 fie prea rece. L\u0103sa\u021bi \u00eentotdeauna ap\u0103 proasp\u0103t\u0103 \u0219i curat\u0103 la dispozi\u021bia animalului.<\/p>\n<\/div>\n<\/div>","protected":false},"excerpt":{"rendered":"<p>Buc\u0103\u021bi de pui cu calmar<\/p>\n<p>Hrana completa si usor digerabila pentru pisici cu pui si calmari deliciosi. Gust rafinat potrivit pentru cele mai sofisticate gusturi. Acest lucru ajut\u0103 pisica s\u0103 se men\u021bin\u0103 \u00een form\u0103 bun\u0103 \u0219i cu niveluri bune de energie.<\/p>","protected":false},"featured_media":12504,"template":"","meta":[],"product_cat":[127],"product_tag":[],"_links":{"self":[{"href":"https:\/\/onlinezooshop.md\/ro\/wp-json\/wp\/v2\/product\/10752"}],"collection":[{"href":"https:\/\/onlinezooshop.md\/ro\/wp-json\/wp\/v2\/product"}],"about":[{"href":"https:\/\/onlinezooshop.md\/ro\/wp-json\/wp\/v2\/types\/product"}],"wp:featuredmedia":[{"embeddable":true,"href":"https:\/\/onlinezooshop.md\/ro\/wp-json\/wp\/v2\/media\/12504"}],"wp:attachment":[{"href":"https:\/\/onlinezooshop.md\/ro\/wp-json\/wp\/v2\/media?parent=10752"}],"wp:term":[{"taxonomy":"product_cat","embeddable":true,"href":"https:\/\/onlinezooshop.md\/ro\/wp-json\/wp\/v2\/product_cat?post=10752"},{"taxonomy":"product_tag","embeddable":true,"href":"https:\/\/onlinezooshop.md\/ro\/wp-json\/wp\/v2\/product_tag?post=10752"}],"curies":[{"name":"wp","href":"https:\/\/api.w.org\/{rel}","templated":true}]}}