{"id":10757,"date":"2021-10-22T13:38:49","date_gmt":"2021-10-22T10:38:49","guid":{"rendered":"https:\/\/onlinezooshop.md\/?post_type=product&#038;p=10757"},"modified":"2025-12-15T14:53:59","modified_gmt":"2025-12-15T11:53:59","slug":"flakes-monoprotein-buffalo-12-sht80-gr","status":"publish","type":"product","link":"https:\/\/onlinezooshop.md\/ro\/magazin\/flakes-monoprotein-buffalo-12-sht80-gr\/","title":{"rendered":"Monge FLAKES MONOPROTEIN \u043c\u044f\u0441\u043e \u0431\u0443\u0439\u0432\u043e\u043b\u0430 12 \u0448\u0442*80 \u0433\u0440"},"content":{"rendered":"<p>Fulgii din carnea de bivoli\u021b\u0103, aburi\u021bi folosind o tehnologie special\u0103, au o textur\u0103 moale \u0219i o arom\u0103 pl\u0103cut\u0103. Conservele sunt f\u0103cute din carne proasp\u0103t\u0103 care \u00eendepline\u0219te standardele de calitate pentru produc\u021bia de alimente pentru oameni.<\/p>\n<p>Alimentele sunt produse f\u0103r\u0103 utilizarea glutenului, proteinelor vegetale, cerealelor, subproduselor, gr\u0103similor hidrogenate, zah\u0103rului, conservan\u021bilor \u0219i coloran\u021bilor, ceea ce indic\u0103 calitatea \u00eenalt\u0103 a produselor.<\/p>\n<p><b>Recomand\u0103ri pentru hr\u0103nire:\u00a0<\/b>dieta pentru o pisic\u0103 adult\u0103 de talie medie este de 2,5 cutii pe zi. Cantitatea de hran\u0103 poate varia \u00een func\u021bie de nevoile individuale, v\u00e2rsta \u0219i stilul de via\u021b\u0103 al animalului. Se recomand\u0103 aducerea produsului la temperatura camerei \u00eenainte de utilizare. P\u0103stra\u021bi ambalajul deschis la frigider pentru cel mult 2 zile.<\/p>\n<p><b>Ingrediente:<\/b>\u00a0carne proasp\u0103t\u0103 de bivol (70%).<\/p>\n<p><b>Suplimente nutritive \/ kg:<\/b>\u00a0vitamina A 2750 UI, vitamina D3 154 UI, vitamina E (acetat de alfa-tocoferol) 15,5 mg, seleniu 0,05 mg, magneziu 7,5 mg, E6 (zinc) 35 mg, cupru 3 mg, E1 (fier) \u200b\u200b25 mg, taurin\u0103 500 mg .<\/p>\n<p><b>Analiz\u0103 garantat\u0103:<\/b>\u00a0protein\u0103 brut\u0103 11,6%, fibre brute 0,6%, uleiuri \u0219i gr\u0103simi brute 5,3%, cenu\u0219\u0103 brut\u0103 0,8%, umiditate 80%.<\/p>","protected":false},"excerpt":{"rendered":"<p><b>Monge Monoprotein\u00a0<\/b>- o diet\u0103 complet echilibrat\u0103 pentru pisici adulte.<b><br \/>\n<\/b><\/p>\n<p>Conservele\u00a0<b>Solo\u00a0Bufalo<\/b>\u00a0monoproteice con\u021bin o surs\u0103 unic\u0103 de proteine \u200b\u200banimale u\u0219or digerabile (carne de bivol), put\u00e2nd servi drept baz\u0103 pentru o diet\u0103 de eliminare a alergiilor alimentare la pisici. Acest aliment contine un singur tip de carne, ceea ce face usor eliminarea ingredientelor alergice din dieta.<\/p>","protected":false},"featured_media":12513,"template":"","meta":[],"product_cat":[127],"product_tag":[],"_links":{"self":[{"href":"https:\/\/onlinezooshop.md\/ro\/wp-json\/wp\/v2\/product\/10757"}],"collection":[{"href":"https:\/\/onlinezooshop.md\/ro\/wp-json\/wp\/v2\/product"}],"about":[{"href":"https:\/\/onlinezooshop.md\/ro\/wp-json\/wp\/v2\/types\/product"}],"wp:featuredmedia":[{"embeddable":true,"href":"https:\/\/onlinezooshop.md\/ro\/wp-json\/wp\/v2\/media\/12513"}],"wp:attachment":[{"href":"https:\/\/onlinezooshop.md\/ro\/wp-json\/wp\/v2\/media?parent=10757"}],"wp:term":[{"taxonomy":"product_cat","embeddable":true,"href":"https:\/\/onlinezooshop.md\/ro\/wp-json\/wp\/v2\/product_cat?post=10757"},{"taxonomy":"product_tag","embeddable":true,"href":"https:\/\/onlinezooshop.md\/ro\/wp-json\/wp\/v2\/product_tag?post=10757"}],"curies":[{"name":"wp","href":"https:\/\/api.w.org\/{rel}","templated":true}]}}