{"id":10760,"date":"2021-10-22T13:43:37","date_gmt":"2021-10-22T10:43:37","guid":{"rendered":"https:\/\/onlinezooshop.md\/?post_type=product&#038;p=10760"},"modified":"2025-12-15T14:55:49","modified_gmt":"2025-12-15T11:55:49","slug":"flakes-monoprotein-chicken-12-sht80-gr","status":"publish","type":"product","link":"https:\/\/onlinezooshop.md\/ro\/magazin\/flakes-monoprotein-chicken-12-sht80-gr\/","title":{"rendered":"Monge FLAKES MONOPROTEIN \u0441 \u043a\u0443\u0440\u0438\u0446\u0435\u0439 12 \u0448\u0442*80 \u0433\u0440"},"content":{"rendered":"<p>Con\u021binut:<\/p>\n<p>Pui 70% (corespunde la 100% din carnea folosita), minerale.<\/p>\n<p>Aditivi<\/p>\n<p>Aditivi alimentari \/ kg: vitamina A (acetat de retinil): 1500 UI, vitamina D3 250 UI, vitamina E (acetat de alfa-tocoferil all-rac) 25 mg, zinc (oxid de zinc 20 mg) 16 mg, iod (iodat de calciu) anhidru 1, 5 mg) 0,97 mg, fier (sulfat de fier (II) monohidrat 25 mg) 8,2 mg, taurin\u0103 500 mg.<\/p>\n<p>Analiz\u0103 garantat\u0103:<\/p>\n<p>protein\u0103 brut\u0103 (12,5%), fibre brute (0,4%), uleiuri \u0219i gr\u0103simi brute (3,8%), umiditate (80%).<\/p>\n<p>Ingrediente:<\/p>\n<p>carne proasp\u0103t\u0103 de pui (70%).<\/p>\n<p>Instructiuni de utilizare<\/p>\n<p>Pentru o pisic\u0103 adult\u0103 de talie medie, lua\u021bi 2 \u00bd cutii de produs pe zi. Dieta recomandat\u0103 poate varia \u00een func\u021bie de v\u00e2rsta, mediul \u0219i activitatea pisicii. Se serveste la temperatura camerei. Se da la frigider dupa deschidere si se consuma in 2 zile.<\/p>","protected":false},"excerpt":{"rendered":"<p>Doar fileu de pui<br \/>\nFile de pui delicios f\u0103cut cu ingrediente proaspete \u0219i de calitate.<br \/>\nFile aburit, are o textur\u0103 moale \u0219i o arom\u0103 pl\u0103cut\u0103.<br \/>\nHran\u0103 complet\u0103 \u0219i echilibrat\u0103<\/p>\n<p>* con\u021bine o singur\u0103 surs\u0103 de proteine \u200b\u200banimale - puiul, care este u\u0219or de digerat.<\/p>","protected":false},"featured_media":12509,"template":"","meta":[],"product_cat":[127],"product_tag":[],"_links":{"self":[{"href":"https:\/\/onlinezooshop.md\/ro\/wp-json\/wp\/v2\/product\/10760"}],"collection":[{"href":"https:\/\/onlinezooshop.md\/ro\/wp-json\/wp\/v2\/product"}],"about":[{"href":"https:\/\/onlinezooshop.md\/ro\/wp-json\/wp\/v2\/types\/product"}],"wp:featuredmedia":[{"embeddable":true,"href":"https:\/\/onlinezooshop.md\/ro\/wp-json\/wp\/v2\/media\/12509"}],"wp:attachment":[{"href":"https:\/\/onlinezooshop.md\/ro\/wp-json\/wp\/v2\/media?parent=10760"}],"wp:term":[{"taxonomy":"product_cat","embeddable":true,"href":"https:\/\/onlinezooshop.md\/ro\/wp-json\/wp\/v2\/product_cat?post=10760"},{"taxonomy":"product_tag","embeddable":true,"href":"https:\/\/onlinezooshop.md\/ro\/wp-json\/wp\/v2\/product_tag?post=10760"}],"curies":[{"name":"wp","href":"https:\/\/api.w.org\/{rel}","templated":true}]}}