{"id":10762,"date":"2021-10-22T13:48:20","date_gmt":"2021-10-22T10:48:20","guid":{"rendered":"https:\/\/onlinezooshop.md\/?post_type=product&#038;p=10762"},"modified":"2025-12-15T14:53:28","modified_gmt":"2025-12-15T11:53:28","slug":"flakes-monoprotein-chicken-with-peas-12-sht80-gr","status":"publish","type":"product","link":"https:\/\/onlinezooshop.md\/ro\/magazin\/flakes-monoprotein-chicken-with-peas-12-sht80-gr\/","title":{"rendered":"Monge FLAKES MONOPROTEIN \u041a\u0443\u0440\u0438\u043d\u043e\u0435 \u0444\u0438\u043b\u0435 \u0441 \u0433\u043e\u0440\u043e\u0448\u043a\u043e\u043c 12 \u0448\u0442*80 \u0433\u0440"},"content":{"rendered":"<p>Ingrediente<br \/>\nAnaliz\u0103 asigurat\u0103: protein\u0103 brut\u0103 (12,5%), fibre brute (0,5%), uleiuri \u0219i gr\u0103simi brute (3,8%), cenu\u0219\u0103 brut\u0103 (0,9%), umiditate (80,5%).<\/p>\n<p>Ingrediente:<br \/>\nCarne proasp\u0103t\u0103 de pui (65%), maz\u0103re (4,2%), uleiuri \u0219i gr\u0103simi vegetale (ulei rafinat de floarea soarelui), minerale.<br \/>\nAditivi alimentari \/ kg: vitamina A 1500 UI, vitamina D3 250 UI, vitamina E (acetat de alfa-tocoferol) 25 mg, E6 (zinc) 20 mg, E2 (iod) 1,5 mg, E1 (fier) \u200b\u200b25 mg, taurin\u0103 500 mg .<\/p>\n<p id=\"tw-target-text\" class=\"tw-data-text tw-ta tw-text-small\" dir=\"ltr\" data-placeholder=\"\u041f\u0435\u0440\u0435\u0432\u043e\u0434\"><span lang=\"ru\" tabindex=\"0\">Aceste produse sunt complet naturale, f\u0103r\u0103 conservan\u021bi sau coloran\u021bi \u0219i f\u0103r\u0103 gluten.<\/span><\/p>","protected":false},"excerpt":{"rendered":"<p>File de pui cu mazare<br \/>\nFile de pui \u0219i maz\u0103re delicios f\u0103cut cu ingrediente proaspete \u0219i de calitate.<br \/>\nFile aburit, are o textur\u0103 moale \u0219i o arom\u0103 pl\u0103cut\u0103.<br \/>\nAcest aliment complet \u0219i echilibrat * con\u021bine o singur\u0103 surs\u0103 de proteine \u200b\u200banimale - puiul, care este u\u0219or de digerat.<br \/>\n\u00cenc\u0103rcat cu maz\u0103re, o surs\u0103 natural\u0103 de proteine \u200b\u200b\u0219i fibre.<\/p>","protected":false},"featured_media":12512,"template":"","meta":[],"product_cat":[127],"product_tag":[],"_links":{"self":[{"href":"https:\/\/onlinezooshop.md\/ro\/wp-json\/wp\/v2\/product\/10762"}],"collection":[{"href":"https:\/\/onlinezooshop.md\/ro\/wp-json\/wp\/v2\/product"}],"about":[{"href":"https:\/\/onlinezooshop.md\/ro\/wp-json\/wp\/v2\/types\/product"}],"wp:featuredmedia":[{"embeddable":true,"href":"https:\/\/onlinezooshop.md\/ro\/wp-json\/wp\/v2\/media\/12512"}],"wp:attachment":[{"href":"https:\/\/onlinezooshop.md\/ro\/wp-json\/wp\/v2\/media?parent=10762"}],"wp:term":[{"taxonomy":"product_cat","embeddable":true,"href":"https:\/\/onlinezooshop.md\/ro\/wp-json\/wp\/v2\/product_cat?post=10762"},{"taxonomy":"product_tag","embeddable":true,"href":"https:\/\/onlinezooshop.md\/ro\/wp-json\/wp\/v2\/product_tag?post=10762"}],"curies":[{"name":"wp","href":"https:\/\/api.w.org\/{rel}","templated":true}]}}