{"id":10774,"date":"2021-10-22T14:32:40","date_gmt":"2021-10-22T11:32:40","guid":{"rendered":"https:\/\/onlinezooshop.md\/?post_type=product&#038;p=10774"},"modified":"2025-05-08T14:48:11","modified_gmt":"2025-05-08T11:48:11","slug":"bwild-pouch-large-breed-myasa-bujvola-s-ovoshhami-28-sht85gr","status":"publish","type":"product","link":"https:\/\/onlinezooshop.md\/ro\/magazin\/bwild-pouch-large-breed-myasa-bujvola-s-ovoshhami-28-sht85gr\/","title":{"rendered":"Monge BWILD POUCH Large Breed \u043c\u044f\u0441\u0430 \u0431\u0443\u0439\u0432\u043e\u043b\u0430 \u0441 \u043e\u0432\u043e\u0449\u0430\u043c\u0438 28 \u0448\u0442*85\u0433\u0440"},"content":{"rendered":"<p>Special formulat pentru a satisface nevoile fiziologice ale animalelor de companie. Con\u021bine surse alternative de carbohidra\u021bi f\u0103r\u0103 cereale, cum ar fi fasolea verde \u0219i morcovii. Formula are un continut crescut de grasimi, ulei de somon pentru buna dezvoltare a sistemului nervos al pisoiului. Con\u021bine o nou\u0103 genera\u021bie de fibre prebiotice X.OS, care ajut\u0103 la men\u021binerea echilibrului natural al microflorei intestinale \u0219i promoveaz\u0103 absorb\u021bia optim\u0103 a nutrien\u021bilor. Con\u021bine Yucca Shidigera pentru a reduce mirosul nepl\u0103cut al fecalelor.<\/p>\n<p><b>Ingrediente<\/b>: carne de bivol (26%), carne de pui, ficat de porc, morcovi proaspe\u021bi (2%), ulei de somon (1%), pulp\u0103 de ro\u0219ii uscate, fasole verde deshidratat\u0103 1% (corespunde cu 4,3% fasole verde proasp\u0103t\u0103), minerale, hidrolizate protein\u0103 animal\u0103, xilooligozaharide (XOS 0,1%), yucca shidigera (0,1%), spirulina.<\/p>\n<p><b>Valoare nutritionala<\/b>: protein\u0103 brut\u0103 11%, fibre brute 0,5%, gr\u0103sime brut\u0103 6,5%, cenu\u0219\u0103 brut\u0103 2,6%, umiditate 79%.<\/p>\n<p>Valoare energetic\u0103: 990 kcal\/kg.<\/p>","protected":false},"excerpt":{"rendered":"<p>Monge Cat BWild Grain Free\u00a0<b>pounch din carne de bivol cu \u200b\u200blegume<\/b>\u00a0(fasole verde \u0219i morcovi) pentru pisici de ras\u0103 mare este o diet\u0103 complet echilibrat\u0103 pentru pisici de ras\u0103 mare de toate v\u00e2rstele.<\/p>","protected":false},"featured_media":10775,"template":"","meta":[],"product_cat":[127],"product_tag":[],"_links":{"self":[{"href":"https:\/\/onlinezooshop.md\/ro\/wp-json\/wp\/v2\/product\/10774"}],"collection":[{"href":"https:\/\/onlinezooshop.md\/ro\/wp-json\/wp\/v2\/product"}],"about":[{"href":"https:\/\/onlinezooshop.md\/ro\/wp-json\/wp\/v2\/types\/product"}],"wp:featuredmedia":[{"embeddable":true,"href":"https:\/\/onlinezooshop.md\/ro\/wp-json\/wp\/v2\/media\/10775"}],"wp:attachment":[{"href":"https:\/\/onlinezooshop.md\/ro\/wp-json\/wp\/v2\/media?parent=10774"}],"wp:term":[{"taxonomy":"product_cat","embeddable":true,"href":"https:\/\/onlinezooshop.md\/ro\/wp-json\/wp\/v2\/product_cat?post=10774"},{"taxonomy":"product_tag","embeddable":true,"href":"https:\/\/onlinezooshop.md\/ro\/wp-json\/wp\/v2\/product_tag?post=10774"}],"curies":[{"name":"wp","href":"https:\/\/api.w.org\/{rel}","templated":true}]}}