{"id":10779,"date":"2021-10-22T14:38:33","date_gmt":"2021-10-22T11:38:33","guid":{"rendered":"https:\/\/onlinezooshop.md\/?post_type=product&#038;p=10779"},"modified":"2025-05-08T14:46:06","modified_gmt":"2025-05-08T11:46:06","slug":"bwild-pouch-sterilised-tunec-s-krevetkami-i-ovoshhami-28-sht85-g","status":"publish","type":"product","link":"https:\/\/onlinezooshop.md\/ro\/magazin\/bwild-pouch-sterilised-tunec-s-krevetkami-i-ovoshhami-28-sht85-g\/","title":{"rendered":"Monge BWILD POUCH Sterilised \u0442\u0443\u043d\u0435\u0446 \u0441 \u043a\u0440\u0435\u0432\u0435\u0442\u043a\u0430\u043c\u0438 \u0438 \u043e\u0432\u043e\u0449\u0430\u043c\u0438 28 \u0448\u0442*85 \u0433\u0440"},"content":{"rendered":"<p>Dieta este conceput\u0103 \u021bin\u00e2nd cont de nevoile fiziologice ale animalelor de companie. Con\u021bine surse alternative de carbohidra\u021bi f\u0103r\u0103 cereale, cum ar fi fasolea verde \u0219i morcovii. Special formulat pentru a sus\u021bine s\u0103n\u0103tatea pisicilor sterilizate, cu fibre crescute \u0219i gr\u0103simi reduse, ceea ce previne acumularea de exces de greutate. Tonul \u0219i creve\u021bii sunt surse de proteine \u200b\u200bcu valoare biologic\u0103 ridicat\u0103. Formula con\u021bine o nou\u0103 genera\u021bie de fibre prebiotice X.OS, care ajut\u0103 la men\u021binerea echilibrului natural al microflorei intestinale \u0219i promoveaz\u0103 absorb\u021bia optim\u0103 a nutrien\u021bilor. Con\u021bine Yucca Shidigera pentru a reduce mirosul nepl\u0103cut al fecalelor.<\/p>\n<p><b>Ingrediente<\/b>: ton (26%), carne de curcan, ficat de porc, creve\u021bi (4%), morcovi proaspe\u021bi (2%), pulp\u0103 de ro\u0219ii uscate, fasole verde deshidratat\u0103 1% (corespunz\u0103tor la 4,3% fasole verde proasp\u0103t\u0103), fibre de maz\u0103re (1% ), minerale, protein\u0103 animal\u0103 hidrolizat\u0103, xilooligozaharide (XOS 0,1%), yucca shidigera (0,1%), spirulina.<\/p>\n<p><b>Valoare nutritionala<\/b>: protein\u0103 brut\u0103 10,5%, fibre brute 1,5%, gr\u0103simi brute 4,1%, cenu\u0219\u0103 brut\u0103 2,6%, umiditate 79%.<\/p>\n<p>Valoare energetic\u0103: 876 kcal\/kg.<\/p>","protected":false},"excerpt":{"rendered":"<p>Monge Cat BWild Grain Free\u00a0<b>pouch ton cu creve\u021bi \u0219i legume<\/b>\u00a0(fasole verde si morcovi)\u00a0<b>pentru pisici sterilizate\u00a0<\/b>- este o diet\u0103 complet echilibrat\u0103 pentru pisici adulte sterilizate.<\/p>","protected":false},"featured_media":10780,"template":"","meta":[],"product_cat":[127],"product_tag":[],"_links":{"self":[{"href":"https:\/\/onlinezooshop.md\/ro\/wp-json\/wp\/v2\/product\/10779"}],"collection":[{"href":"https:\/\/onlinezooshop.md\/ro\/wp-json\/wp\/v2\/product"}],"about":[{"href":"https:\/\/onlinezooshop.md\/ro\/wp-json\/wp\/v2\/types\/product"}],"wp:featuredmedia":[{"embeddable":true,"href":"https:\/\/onlinezooshop.md\/ro\/wp-json\/wp\/v2\/media\/10780"}],"wp:attachment":[{"href":"https:\/\/onlinezooshop.md\/ro\/wp-json\/wp\/v2\/media?parent=10779"}],"wp:term":[{"taxonomy":"product_cat","embeddable":true,"href":"https:\/\/onlinezooshop.md\/ro\/wp-json\/wp\/v2\/product_cat?post=10779"},{"taxonomy":"product_tag","embeddable":true,"href":"https:\/\/onlinezooshop.md\/ro\/wp-json\/wp\/v2\/product_tag?post=10779"}],"curies":[{"name":"wp","href":"https:\/\/api.w.org\/{rel}","templated":true}]}}