{"id":10790,"date":"2021-10-22T15:04:50","date_gmt":"2021-10-22T12:04:50","guid":{"rendered":"https:\/\/onlinezooshop.md\/?post_type=product&#038;p=10790"},"modified":"2022-10-11T10:15:30","modified_gmt":"2022-10-11T07:15:30","slug":"bwild-adult-lososya-s-ovoshhami-16-sht100-gr","status":"publish","type":"product","link":"https:\/\/onlinezooshop.md\/ro\/magazin\/bwild-adult-lososya-s-ovoshhami-16-sht100-gr\/","title":{"rendered":"Monge BWILD ADULT \u043b\u043e\u0441\u043e\u0441\u044f \u0441 \u043e\u0432\u043e\u0449\u0430\u043c\u0438 16 \u0448\u0442*100 \u0433\u0440"},"content":{"rendered":"<p>Formula con\u021bine o nou\u0103 genera\u021bie de fibre prebiotice\u00a0<b>\u0425.\u041e.S<\/b>, pentru a ajuta la men\u021binerea echilibrului natural al microflorei intestinale \u0219i pentru a promova absorb\u021bia optim\u0103 a nutrien\u021bilor.<\/p>\n<p>Con\u021bine\u00a0<b>yucca shidigera<\/b>\u00a0pentru a limita mirosurile fecale.<\/p>\n<p><b>Con\u021binut:\u00a0<\/b>somon (26%), ficat de porc, carne de pui, morcovi proaspe\u021bi (2%), pulp\u0103 de ro\u0219ii uscate, fasole verde deshidratat\u0103 1% (corespunde cu 4,3% din fasolea proasp\u0103t\u0103), minerale, proteine \u200b\u200banimale hidrolizate, fibre de maz\u0103re, oligozaharide de xilen ( HOS 0,1%), yucca Shidigera (0,1%), spirulina.<\/p>\n<p><b>Analiz\u0103 garantat\u0103:\u00a0<\/b>protein\u0103 brut\u0103: 10%, fibre brute: 1%, gr\u0103sime brut\u0103: 5%, cenu\u0219\u0103 brut\u0103: 1,6%, umiditate: 79%.<\/p>\n<p><b>Suplimente nutritive:\u00a0<\/b>vitamina D3 294 UI\/kg, vitamina E (acetat de alfa-tocoferol) 10,5 mg\/kg, seleniu (selenit de sodiu 0,05 mg\/kg) 0,02 mg\/kg, mangan (sulfat de mangan monohidrat 7,5 mg\/kg) 2,4 mg\/kg, zinc (oxid de zinc 35 mg\/kg): 28,1 mg\/kg, cupru (sulfat de cupru (II) pentahidrat 3 mg\/kg) 0,76 mg\/kg, fier (sulfat feros (II) monohidrat 25 mg\/kg) 8,22 mg\/kg, iod (iodat de calciu anhidru 0,4 mg\/kg) 0,26 mg\/kg, taurin\u0103 1000 mg\/kg.<\/p>","protected":false},"excerpt":{"rendered":"<p>o diet\u0103 complet echilibrat\u0103 de somon cu legume pentru pisici adulte.<br \/>\nHrana este conceputa tinand cont de nevoile fiziologice ale animalelor de companie. Con\u021bine surse alternative de carbohidra\u021bi f\u0103r\u0103 cereale, cum ar fi fasolea verde \u0219i morcovii.<\/p>","protected":false},"featured_media":10791,"template":"","meta":[],"product_cat":[127],"product_tag":[],"_links":{"self":[{"href":"https:\/\/onlinezooshop.md\/ro\/wp-json\/wp\/v2\/product\/10790"}],"collection":[{"href":"https:\/\/onlinezooshop.md\/ro\/wp-json\/wp\/v2\/product"}],"about":[{"href":"https:\/\/onlinezooshop.md\/ro\/wp-json\/wp\/v2\/types\/product"}],"wp:featuredmedia":[{"embeddable":true,"href":"https:\/\/onlinezooshop.md\/ro\/wp-json\/wp\/v2\/media\/10791"}],"wp:attachment":[{"href":"https:\/\/onlinezooshop.md\/ro\/wp-json\/wp\/v2\/media?parent=10790"}],"wp:term":[{"taxonomy":"product_cat","embeddable":true,"href":"https:\/\/onlinezooshop.md\/ro\/wp-json\/wp\/v2\/product_cat?post=10790"},{"taxonomy":"product_tag","embeddable":true,"href":"https:\/\/onlinezooshop.md\/ro\/wp-json\/wp\/v2\/product_tag?post=10790"}],"curies":[{"name":"wp","href":"https:\/\/api.w.org\/{rel}","templated":true}]}}