{"id":10798,"date":"2021-10-22T15:20:20","date_gmt":"2021-10-22T12:20:20","guid":{"rendered":"https:\/\/onlinezooshop.md\/?post_type=product&#038;p=10798"},"modified":"2025-12-15T15:41:30","modified_gmt":"2025-12-15T12:41:30","slug":"pouch-monoprotein-adult-iz-myasa-indejki-28-sht85-gr","status":"publish","type":"product","link":"https:\/\/onlinezooshop.md\/ro\/magazin\/pouch-monoprotein-adult-iz-myasa-indejki-28-sht85-gr\/","title":{"rendered":"Monge POUCH MONOPROTEIN ADULT \u0438\u0437 \u043c\u044f\u0441\u0430 \u0438\u043d\u0434\u0435\u0439\u043a\u0438 28 \u0448\u0442*85 \u0433\u0440"},"content":{"rendered":"<p><b>Grain Free formula<\/b>\u00a0- dieta nu contine cereale. Acest lucru faciliteaz\u0103 eliminarea ingredientelor care cauzeaz\u0103 alergii din diet\u0103. Cartofii sunt o surs\u0103 natural\u0103 de fibre, care ajut\u0103 la prevenirea cre\u0219terii \u00een greutate. Dieta contine taurina pentru a mentine starea optima a sistemului vizual si\u00a0<b>yucca shidigera<\/b>\u00a0pentru a reduce mirosul nepl\u0103cut al fecalelor. Nu con\u021bine conservan\u021bi, coloran\u021bi sau OMG.<\/p>\n<p>COMPOZI\u021aIE: carne proasp\u0103t\u0103 de curcan 46%, bulion de curcan, cartofi (4%) produse din drojdie (2%), s\u0103ruri minerale, Yucca Shidigera (0,025%).<\/p>\n<p>VALORI NUTRI\u021aIONALE: proteine \u200b\u200bbrute: 7,5%, fibre brute: 0,3%, gr\u0103simi brute: 5%, cenu\u0219\u0103 brut\u0103: 1,6%, umiditate: 79%. Valoare energetic\u0103: 1014 kcal\/kg.<\/p>\n<p><b>Recomand\u0103ri pentru hr\u0103nire<\/b>: Cantitatea de hran\u0103 poate varia \u00een func\u021bie de nevoile individuale, v\u00e2rsta \u0219i stilul de via\u021b\u0103 al animalului. Se recomand\u0103 aducerea produsului la temperatura camerei \u00eenainte de utilizare. P\u0103stra\u021bi ambalajul deschis la frigider pentru cel mult 2 zile.<\/p>","protected":false},"excerpt":{"rendered":"<p>Bucatele de curcan pentru pisici adulte este o diet\u0103 complet echilibrat\u0103 pentru curcan pentru pisici adulte cu nevoi speciale. Un pateu con\u021bine o surs\u0103 de proteine \u200b\u200banimale \u0219i o surs\u0103 de carbohidra\u021bi, cum ar fi cartofii.<\/p>","protected":false},"featured_media":12527,"template":"","meta":[],"product_cat":[127],"product_tag":[],"_links":{"self":[{"href":"https:\/\/onlinezooshop.md\/ro\/wp-json\/wp\/v2\/product\/10798"}],"collection":[{"href":"https:\/\/onlinezooshop.md\/ro\/wp-json\/wp\/v2\/product"}],"about":[{"href":"https:\/\/onlinezooshop.md\/ro\/wp-json\/wp\/v2\/types\/product"}],"wp:featuredmedia":[{"embeddable":true,"href":"https:\/\/onlinezooshop.md\/ro\/wp-json\/wp\/v2\/media\/12527"}],"wp:attachment":[{"href":"https:\/\/onlinezooshop.md\/ro\/wp-json\/wp\/v2\/media?parent=10798"}],"wp:term":[{"taxonomy":"product_cat","embeddable":true,"href":"https:\/\/onlinezooshop.md\/ro\/wp-json\/wp\/v2\/product_cat?post=10798"},{"taxonomy":"product_tag","embeddable":true,"href":"https:\/\/onlinezooshop.md\/ro\/wp-json\/wp\/v2\/product_tag?post=10798"}],"curies":[{"name":"wp","href":"https:\/\/api.w.org\/{rel}","templated":true}]}}