{"id":10811,"date":"2021-10-25T14:10:13","date_gmt":"2021-10-25T11:10:13","guid":{"rendered":"https:\/\/onlinezooshop.md\/?post_type=product&#038;p=10811"},"modified":"2022-10-11T10:14:31","modified_gmt":"2022-10-11T07:14:31","slug":"grill-pouch-kitten-s-lososem-85","status":"publish","type":"product","link":"https:\/\/onlinezooshop.md\/ro\/magazin\/grill-pouch-kitten-s-lososem-85\/","title":{"rendered":"Monge GRILL POUCH KITTEN \u0441 \u043b\u043e\u0441\u043e\u0441\u0435\u043c 85"},"content":{"rendered":"<p><b>Omega-3 \u0219i Omega-6<\/b>\u00a0acizi gra\u0219i pentru frumuse\u021bea blanii \u0219i s\u0103n\u0103tatea pielii. Un echilibru optim de omega-3 \u0219i omega-6 \u00een furaj este extrem de important pentru a men\u021bine pielea \u0219i blana \u00een stare optim\u0103.<\/p>\n<p><b>Acid DHA<\/b>\u00a0ajut\u0103 la dezvoltarea corect\u0103 a creierului pisoiului. Vitamina D3 ofer\u0103 rezisten\u021b\u0103 scheletic\u0103 la pisoii \u00een cre\u0219tere.<\/p>\n<p><b>Grain free formula<\/b>\u00a0- nu contine culturi de cereale.<\/p>\n<p><b>Con\u021binut:<\/b>\u00a0carne \u0219i organe (carne proasp\u0103t\u0103 de iepure 30%), pe\u0219te \u0219i organe de pe\u0219te (somon norvegian 16%), legume (cartofi), ulei de pe\u0219te (ulei de somon), minerale, proteine \u200b\u200bdin lapte praf.<\/p>\n<p><b>Valoare nutritional\u0103 \u00een 1 kg:<\/b>\u00a0protein\u0103 brut\u0103 9,5%, fibre brute 0,5%, gr\u0103simi brute 5,0%, cenu\u0219\u0103 brut\u0103 2,0%. Umiditate 79%. Acizi gra\u0219i omega-3: 0,2%, acizi gra\u0219i omega-6: 0,6%, DHA 0,01%.<\/p>\n<p><b>Suplimente nutritive \u00een 1 kg:<\/b>\u00a0vitamina D3: 180 UI, vitamina E (acetat de alfa-tocoferol): 40 mg, fier (sulfat feros monohidrat): 13 mg, iod (iodat de calciu): 1,6 mg, cupru (sulfat de cupru pentahidrat): 3,4 mg, mangan (sulfat) mangan monohidrat): 8,5 mg, zinc (oxid de zinc): 42 mg, seleniu (selenit de sodiu): 0,04 mg. Aditivi tehnologici: agenti de ingrosare si componente gelificante.<\/p>\n<p>Hrana ideala pentru pisici: 2 parti hrana uscata + 1 parte hrana conservata<\/p>","protected":false},"excerpt":{"rendered":"<p>Baza dietei sunt feliile din cel mai proasp\u0103t somon norvegian, la gr\u0103tar cu adaos de legume cultivate \u00een regiunile ecologic curate ale \u00eensoritei Italie, precum \u0219i vitamine \u0219i minerale.<\/p>","protected":false},"featured_media":10812,"template":"","meta":[],"product_cat":[127],"product_tag":[],"_links":{"self":[{"href":"https:\/\/onlinezooshop.md\/ro\/wp-json\/wp\/v2\/product\/10811"}],"collection":[{"href":"https:\/\/onlinezooshop.md\/ro\/wp-json\/wp\/v2\/product"}],"about":[{"href":"https:\/\/onlinezooshop.md\/ro\/wp-json\/wp\/v2\/types\/product"}],"wp:featuredmedia":[{"embeddable":true,"href":"https:\/\/onlinezooshop.md\/ro\/wp-json\/wp\/v2\/media\/10812"}],"wp:attachment":[{"href":"https:\/\/onlinezooshop.md\/ro\/wp-json\/wp\/v2\/media?parent=10811"}],"wp:term":[{"taxonomy":"product_cat","embeddable":true,"href":"https:\/\/onlinezooshop.md\/ro\/wp-json\/wp\/v2\/product_cat?post=10811"},{"taxonomy":"product_tag","embeddable":true,"href":"https:\/\/onlinezooshop.md\/ro\/wp-json\/wp\/v2\/product_tag?post=10811"}],"curies":[{"name":"wp","href":"https:\/\/api.w.org\/{rel}","templated":true}]}}