{"id":10818,"date":"2021-10-25T14:17:34","date_gmt":"2021-10-25T11:17:34","guid":{"rendered":"https:\/\/onlinezooshop.md\/?post_type=product&#038;p=10818"},"modified":"2022-10-11T10:14:12","modified_gmt":"2022-10-11T07:14:12","slug":"grill-pouch-sterilised-c-telyatinoj-28-sht85-gr","status":"publish","type":"product","link":"https:\/\/onlinezooshop.md\/ro\/magazin\/grill-pouch-sterilised-c-telyatinoj-28-sht85-gr\/","title":{"rendered":"Monge GRILL POUCH STERILISED c \u0442\u0435\u043b\u044f\u0442\u0438\u043d\u043e\u0439 28 \u0448\u0442*85 \u0433\u0440"},"content":{"rendered":"<p><b>Con\u021binut:\u00a0<\/b>carne \u0219i organe (ficat de vi\u021bel italian 23%, carne de miel 20%), legume (cartofi), pe\u0219te \u0219i organe de pe\u0219te, minerale.<\/p>\n<p><b>Valoare nutritional\u0103 \u00een 1 kg:\u00a0<\/b>protein\u0103 brut\u0103 11,3%, fibre brute 0,5%, gr\u0103simi brute 2,4%, cenu\u0219\u0103 brut\u0103 2,4%. Umiditate 80%.<\/p>\n<p><b>Suplimente nutritive \u00een 1 kg:<\/b>\u00a0vitamina D3: 180 UI, vitamina E (acetat de alfa-tocoferol): 40 mg, fier (sulfat feros monohidrat): 13 mg, iod (iodat de calciu): 1,6 mg, cupru (sulfat de cupru pentahidrat): 3,4 mg, mangan (sulfat) mangan monohidrat): 8,5 mg, zinc (oxid de zinc): 42 mg, seleniu (selenit de sodiu): 0,04 mg. Aditivi tehnologici: agenti de ingrosare si componente gelificante.<\/p>","protected":false},"excerpt":{"rendered":"<p>Buc\u0103\u021bele pentru pisici sterilizate cu carne de vitel.<\/p>\n<p><b>Grain free formula<\/b>\u00a0- nu contine culturi de cereale.<\/p>","protected":false},"featured_media":10819,"template":"","meta":[],"product_cat":[127],"product_tag":[],"_links":{"self":[{"href":"https:\/\/onlinezooshop.md\/ro\/wp-json\/wp\/v2\/product\/10818"}],"collection":[{"href":"https:\/\/onlinezooshop.md\/ro\/wp-json\/wp\/v2\/product"}],"about":[{"href":"https:\/\/onlinezooshop.md\/ro\/wp-json\/wp\/v2\/types\/product"}],"wp:featuredmedia":[{"embeddable":true,"href":"https:\/\/onlinezooshop.md\/ro\/wp-json\/wp\/v2\/media\/10819"}],"wp:attachment":[{"href":"https:\/\/onlinezooshop.md\/ro\/wp-json\/wp\/v2\/media?parent=10818"}],"wp:term":[{"taxonomy":"product_cat","embeddable":true,"href":"https:\/\/onlinezooshop.md\/ro\/wp-json\/wp\/v2\/product_cat?post=10818"},{"taxonomy":"product_tag","embeddable":true,"href":"https:\/\/onlinezooshop.md\/ro\/wp-json\/wp\/v2\/product_tag?post=10818"}],"curies":[{"name":"wp","href":"https:\/\/api.w.org\/{rel}","templated":true}]}}