{"id":10826,"date":"2021-10-25T14:35:01","date_gmt":"2021-10-25T11:35:01","guid":{"rendered":"https:\/\/onlinezooshop.md\/?post_type=product&#038;p=10826"},"modified":"2025-12-15T14:52:41","modified_gmt":"2025-12-15T11:52:41","slug":"flakes-monoprotein-turkey-s-indejkoj-12-sht80-gr","status":"publish","type":"product","link":"https:\/\/onlinezooshop.md\/ro\/magazin\/flakes-monoprotein-turkey-s-indejkoj-12-sht80-gr\/","title":{"rendered":"Monge FLAKES MONOPROTEIN TURKEY \u0441 \u0438\u043d\u0434\u0435\u0439\u043a\u043e\u0439 12 \u0448\u0442*80 \u0433\u0440"},"content":{"rendered":"<p>Linia de conserve Monoprotein pentru pisici poate servi drept baz\u0103 a unei diete de eliminare a alergiilor alimentare. Acest aliment con\u021bine doar proteine \u200b\u200bde curcan, ceea ce face u\u0219or eliminarea ingredientelor alergene din diet\u0103. Fulgii sunt fabrica\u021bi din carne proasp\u0103t\u0103 care \u00eendepline\u0219te standardele de calitate pentru hrana pentru oameni, inclusiv alimente pentru copii.<\/p>\n<p>Con\u021binut:<\/p>\n<p>70% curcan (corespunde la 100% din carnea folosita), minerale.<\/p>\n<p>Analiz\u0103 garantat\u0103:<\/p>\n<p>protein\u0103 brut\u0103 (12,3%), fibre brute (0,5%), uleiuri \u0219i gr\u0103simi brute (4%), cenu\u0219\u0103 brut\u0103 (0,9%), umiditate (80%).<\/p>\n<p>Ingrediente:<br \/>\ncarne proasp\u0103t\u0103 de curcan (70%).<\/p>\n<p class=\"fusion-tab-heading\" data-fontsize=\"16\" data-lineheight=\"20\">Componente analitice<\/p>\n<p data-fontsize=\"16\" data-lineheight=\"20\">Proteine \u200b\u200bbrute: 12,3%, fibre brute: 0,5%, gr\u0103simi brute: 4,0%, cenu\u0219\u0103 brut\u0103: 0,9%. Umiditate: 80%.<\/p>\n<p class=\"fusion-tab-heading\" data-fontsize=\"16\" data-lineheight=\"20\">Adaosuri:<\/p>\n<p data-fontsize=\"16\" data-lineheight=\"20\">Aditivi alimentari \/ kg: vitamina A (acetat de retinil): 1500 UI, vitamina D3 250 UI, vitamina E (acetat de alfa-tocoferil all-rac) 25 mg, zinc (oxid de zinc 20 mg) 16 mg, iod (iodat de calciu) anhidru 1, 5 mg) 0,97 mg, fier (sulfat de fier (II) monohidrat 25 mg) 8,2 mg, taurin\u0103 500 mg.<\/p>\n<p class=\"fusion-tab-heading\" data-fontsize=\"16\" data-lineheight=\"20\">Instructiuni de utilizare<\/p>\n<p data-fontsize=\"16\" data-lineheight=\"20\">Pentru o pisic\u0103 adult\u0103 de talie medie, lua\u021bi 2 \u00bd cutii de produs pe zi. Dieta recomandat\u0103 poate varia \u00een func\u021bie de v\u00e2rsta, mediul \u0219i activitatea pisicii. Se serveste la temperatura camerei. Se da la frigider dupa deschidere si se consuma in 2 zile.<\/p>","protected":false},"excerpt":{"rendered":"<p>File delicios cu curcan, preparat cu ingrediente proaspete \u0219i de calitate.<br \/>\nFile aburit, are o textur\u0103 moale \u0219i o arom\u0103 pl\u0103cut\u0103.<br \/>\nHran\u0103 complet\u0103 \u0219i echilibrat\u0103<\/p>\n<p>* const\u0103 din singura surs\u0103 de proteine \u200b\u200banimale, curcanul, care este u\u0219or de digerat.<\/p>","protected":false},"featured_media":12511,"template":"","meta":[],"product_cat":[127],"product_tag":[],"_links":{"self":[{"href":"https:\/\/onlinezooshop.md\/ro\/wp-json\/wp\/v2\/product\/10826"}],"collection":[{"href":"https:\/\/onlinezooshop.md\/ro\/wp-json\/wp\/v2\/product"}],"about":[{"href":"https:\/\/onlinezooshop.md\/ro\/wp-json\/wp\/v2\/types\/product"}],"wp:featuredmedia":[{"embeddable":true,"href":"https:\/\/onlinezooshop.md\/ro\/wp-json\/wp\/v2\/media\/12511"}],"wp:attachment":[{"href":"https:\/\/onlinezooshop.md\/ro\/wp-json\/wp\/v2\/media?parent=10826"}],"wp:term":[{"taxonomy":"product_cat","embeddable":true,"href":"https:\/\/onlinezooshop.md\/ro\/wp-json\/wp\/v2\/product_cat?post=10826"},{"taxonomy":"product_tag","embeddable":true,"href":"https:\/\/onlinezooshop.md\/ro\/wp-json\/wp\/v2\/product_tag?post=10826"}],"curies":[{"name":"wp","href":"https:\/\/api.w.org\/{rel}","templated":true}]}}